{"id":16918,"date":"2025-09-16T16:42:32","date_gmt":"2025-09-16T14:42:32","guid":{"rendered":"https:\/\/boreait.com\/fr\/?post_type=product&#038;p=16918"},"modified":"2025-09-16T16:44:00","modified_gmt":"2025-09-16T14:44:00","slug":"ecran-lcd-led-wxga-hd-156-dell-53h59-lp156wh4tlp1-pour-ordinateur-portable","status":"publish","type":"product","link":"https:\/\/boreait.com\/fr\/produit\/ecran-lcd-led-wxga-hd-156-dell-53h59-lp156wh4tlp1-pour-ordinateur-portable\/","title":{"rendered":"\u00c9cran LCD LED WXGA HD 15,6&Prime; Dell 53H59 (LP156WH4(TL)(P1)) pour ordinateur portable"},"content":{"rendered":"<p data-start=\"640\" data-end=\"897\">Remettez votre ordinateur portable en marche avec cet <strong data-start=\"681\" data-end=\"732\">\u00e9cran LCD de remplacement authentique pour ordinateurs portables Dell<\/strong>. Cet \u00e9cran LED WXGA HD 15,6 pouces remplace directement le Dell 53H59 (053H59 LP156WH4(TL)(P1)) et offre des images nettes et une compatibilit\u00e9 optimale. <\/p>\n<p data-start=\"899\" data-end=\"1319\">\ud83d\udd39 <strong data-start=\"902\" data-end=\"919\">Principales caract\u00e9ristiques\u00a0:<\/strong><br data-start=\"919\" data-end=\"922\" \/>\u2714 <strong data-start=\"924\" data-end=\"954\">Correspondance parfaite avec le Dell 53H59<\/strong> \u2013 Compatible avec diff\u00e9rents mod\u00e8les d&rsquo;ordinateurs portables Dell<br data-start=\"999\" data-end=\"1002\" \/>\u2714 <strong data-start=\"924\" data-end=\"954\">Compatible avec le Dell 53H59<\/strong> \u2013 Compatible avec diff\u00e9rents mod\u00e8les d&rsquo;ordinateurs portables Dell<br data-start=\"999\" data-end=\"1002\" \/>\u2714 <strong data-start=\"1004\" data-end=\"1026\">Taille de l&rsquo;\u00e9cran\u00a0: 15,6\u00a0po<\/strong> \u2013 \u00c9cran large standard<br data-start=\"1056\" data-end=\"1059\" \/>\u2714 <strong data-start=\"1061\" data-end=\"1095\">R\u00e9solution\u00a0: WXGA HD (1\u00a0366\u00a0x\u00a0768)<\/strong> \u2013 Images nettes et \u00e9clatantes<br data-start=\"1123\" data-end=\"1126\" \/>\u2714 <strong data-start=\"1128\" data-end=\"1145\">R\u00e9tro\u00e9clairage LED<\/strong> \u2013 \u00c9conome en \u00e9nergie et longue dur\u00e9e<br data-start=\"1181\" data-end=\"1184\" \/>\u2714 <strong data-start=\"1186\" data-end=\"1211\">Connecteur\u00a0: eDP 40\u00a0broches<\/strong> \u2013 Interface standard pour une installation facile<br data-start=\"1254\" data-end=\"1257\" \/>\u2714 <strong data-start=\"1259\" data-end=\"1283\">Options mat\/brillant<\/strong> \u2013 Selon la disponibilit\u00e9 des stocks<\/p>\n<p data-start=\"1321\" data-end=\"1344\">\ud83d\udca1 <strong data-start=\"1324\" data-end=\"1342\">Compatibilit\u00e9\u00a0:<\/strong><\/p>\n<ul data-start=\"1345\" data-end=\"1503\">\n<li data-start=\"1345\" data-end=\"1423\">Sp\u00e9cialement con\u00e7u pour les <strong data-start=\"1373\" data-end=\"1421\">ordinateurs portables Dell portant la r\u00e9f\u00e9rence 53H59 (053H59)<\/strong><\/li>\n<li data-start=\"1424\" data-end=\"1503\">Remplace \u00e9galement <strong data-start=\"1440\" data-end=\"1460\">LP156WH4(TL)(P1)<\/strong> ou mod\u00e8les \u00e9quivalents avec des sp\u00e9cifications similaires.<\/li>\n<\/ul>\n<p data-start=\"1505\" data-end=\"1606\">\ud83d\udcf8 <strong data-start=\"1508\" data-end=\"1524\">Photos r\u00e9elles\u00a0:<\/strong> Les images de cette annonce montrent l&rsquo;article exact que vous recevrez\u00a0; aucune surprise\u00a0!<\/p>\n<p data-start=\"1608\" data-end=\"1762\">\u2753 <strong data-start=\"1610\" data-end=\"1624\">Besoin d&rsquo;aide\u00a0?<\/strong> Bien que nous ne fournissions pas d&rsquo;instructions d&rsquo;installation, n&rsquo;h\u00e9sitez pas \u00e0 <strong data-start=\"1688\" data-end=\"1702\">nous contacter par message<\/strong> si vous avez besoin d&rsquo;aide avant ou apr\u00e8s votre achat.<\/p>\n<p data-start=\"1764\" data-end=\"1886\">\ud83d\udce6 <strong data-start=\"1767\" data-end=\"1795\">Exp\u00e9dition rapide dans le monde entier\u00a0!<\/strong> Faites fonctionner votre ordinateur portable comme neuf avec cet <strong data-start=\"1839\" data-end=\"1883\">\u00e9cran LCD de remplacement Dell de haute qualit\u00e9<\/strong>.<\/p>\n","protected":false},"excerpt":{"rendered":"<p data-start=\"341\" data-end=\"559\">Remplacez votre \u00e9cran LCD Dell 53H59 cass\u00e9 ou d\u00e9fectueux par cet \u00e9cran LED WXGA HD 15,6&Prime; (15,6&Prime;). Ce remplacement de haute qualit\u00e9 pour \u00e9cran Dell LP156WH4(TL)(P1) de 053H59 offre un affichage net. <strong data-start=\"510\" data-end=\"557\">Photos r\u00e9elles\u00a0: ce que vous voyez est ce que vous obtenez\u00a0!<\/strong><\/p>\n","protected":false},"featured_media":16975,"template":"","meta":[],"product_brand":[],"product_cat":[58,57],"product_tag":[53],"class_list":{"0":"post-16918","1":"product","2":"type-product","3":"status-publish","4":"has-post-thumbnail","6":"product_cat-15-6","7":"product_cat-laptop-screens-lcd-panels","8":"product_tag-dell","10":"first","11":"instock","12":"taxable","13":"shipping-taxable","14":"purchasable","15":"product-type-simple"},"_links":{"self":[{"href":"https:\/\/boreait.com\/fr\/wp-json\/wp\/v2\/product\/16918","targetHints":{"allow":["GET"]}}],"collection":[{"href":"https:\/\/boreait.com\/fr\/wp-json\/wp\/v2\/product"}],"about":[{"href":"https:\/\/boreait.com\/fr\/wp-json\/wp\/v2\/types\/product"}],"wp:featuredmedia":[{"embeddable":true,"href":"https:\/\/boreait.com\/fr\/wp-json\/wp\/v2\/media\/16975"}],"wp:attachment":[{"href":"https:\/\/boreait.com\/fr\/wp-json\/wp\/v2\/media?parent=16918"}],"wp:term":[{"taxonomy":"product_brand","embeddable":true,"href":"https:\/\/boreait.com\/fr\/wp-json\/wp\/v2\/product_brand?post=16918"},{"taxonomy":"product_cat","embeddable":true,"href":"https:\/\/boreait.com\/fr\/wp-json\/wp\/v2\/product_cat?post=16918"},{"taxonomy":"product_tag","embeddable":true,"href":"https:\/\/boreait.com\/fr\/wp-json\/wp\/v2\/product_tag?post=16918"}],"curies":[{"name":"wp","href":"https:\/\/api.w.org\/{rel}","templated":true}]}}