{"id":16905,"date":"2025-09-16T16:42:07","date_gmt":"2025-09-16T14:42:07","guid":{"rendered":"https:\/\/boreait.com\/fr\/?post_type=product&#038;p=16905"},"modified":"2025-09-16T16:43:25","modified_gmt":"2025-09-16T14:43:25","slug":"ecran-lcd-156-pouces-lp156wh4tln1-1366x768-60-hz-pour-asus-x52n-x53by","status":"publish","type":"product","link":"https:\/\/boreait.com\/fr\/produit\/ecran-lcd-156-pouces-lp156wh4tln1-1366x768-60-hz-pour-asus-x52n-x53by\/","title":{"rendered":"\u00c9cran LCD 15,6 pouces LP156WH4(TL)(N1) 1366&#215;768 60 Hz pour ASUS X52N X53BY"},"content":{"rendered":"<p data-start=\"650\" data-end=\"1021\">Offrez une nouvelle vie \u00e0 votre <strong data-start=\"660\" data-end=\"687\">ASUS X52N, X53BY-SX196V<\/strong> avec cet <strong data-start=\"722\" data-end=\"759\">\u00e9cran LCD 15,6&Prime; (LP156WH4-TL-N1) haute qualit\u00e9<\/strong>. Cet \u00e9cran de remplacement offre une <strong data-start=\"798\" data-end=\"824\">r\u00e9solution HD 1366&#215;768<\/strong>, offrant des images nettes pour les t\u00e2ches quotidiennes, la navigation et les loisirs. La <strong data-start=\"904\" data-end=\"925\">fr\u00e9quence de rafra\u00eechissement de 60 Hz<\/strong> garantit des performances fluides, tandis que la <strong data-start=\"964\" data-end=\"980\">finition mate<\/strong> r\u00e9duit les reflets pour un confort visuel optimal.<\/p>\n<p data-start=\"1023\" data-end=\"1446\">\ud83d\udd39 <strong data-start=\"1026\" data-end=\"1043\">Principales caract\u00e9ristiques\u00a0:<\/strong><br data-start=\"1043\" data-end=\"1046\" \/>\u2714 <strong data-start=\"1048\" data-end=\"1091\">Compatible avec ASUS X52N, X53BY-SX196V<\/strong> \u2013 V\u00e9rifiez votre mod\u00e8le avant l&rsquo;achat<br data-start=\"1126\" data-end=\"1129\" \/>\u2714 <strong data-start=\"1131\" data-end=\"1140\">Taille\u00a0:<\/strong> 15,6 pouces \u2013 Parfaitement adapt\u00e9 \u00e0 votre ordinateur portable<br data-start=\"1182\" data-end=\"1185\" \/>\u2714 <strong data-start=\"1187\" data-end=\"1202\">R\u00e9solution\u00a0:<\/strong> <strong data-start=\"1203\" data-end=\"1218\">1366&#215;768 HD<\/strong> \u2013 Affichage clair et net<br data-start=\"1244\" data-end=\"1247\" \/>\u2714 <strong data-start=\"1249\" data-end=\"1266\">Fr\u00e9quence de rafra\u00eechissement\u00a0:<\/strong> <strong data-start=\"1267\" data-end=\"1275\">60\u00a0Hz<\/strong> \u2013 Des images fluides pour une utilisation quotidienne<br data-start=\"1306\" data-end=\"1309\" \/>\u2714 <strong data-start=\"1311\" data-end=\"1326\">Type d&rsquo;\u00e9cran\u00a0:<\/strong> LCD<br data-start=\"1330\" data-end=\"1333\" \/>\u2714 <strong data-start=\"1335\" data-end=\"1349\" data-is-only-node=\"\">Connecteur\u00a0:<\/strong> <strong data-start=\"1350\" data-end=\"1364\">EDP 40 broches<\/strong> \u2013 Norme pour les ordinateurs portables ASUS<br data-start=\"1392\" data-end=\"1395\" \/>\u2714 <strong data-start=\"1397\" data-end=\"1414\">Finition mate\u00a0:<\/strong> R\u00e9duit les reflets et l&rsquo;\u00e9blouissement<\/p>\n<p data-start=\"1448\" data-end=\"1478\">\ud83d\udca1 <strong data-start=\"1451\" data-end=\"1476\">Avis de compatibilit\u00e9\u00a0:<\/strong><\/p>\n<ul data-start=\"1479\" data-end=\"1641\">\n<li data-start=\"1479\" data-end=\"1568\">Con\u00e7u pour <strong data-start=\"1494\" data-end=\"1521\">ASUS X52N, X53BY-SX196V<\/strong> (V\u00e9rifiez le mod\u00e8le de votre ordinateur portable avant (commande)<\/li>\n<li data-start=\"1569\" data-end=\"1641\">Compatible avec les ordinateurs portables \u00e9quip\u00e9s du mod\u00e8le d&rsquo;\u00e9cran <strong data-start=\"1605\" data-end=\"1626\">LP156WH4 (TL)(N1)<\/strong><\/li>\n<\/ul>\n<p data-start=\"1643\" data-end=\"1742\">\ud83d\udcf8 <strong data-start=\"1646\" data-end=\"1662\">Photos r\u00e9elles\u00a0:<\/strong> Les images de cette annonce repr\u00e9sentent l&rsquo;<strong data-start=\"1701\" data-end=\"1722\">\u00e9cran LCD r\u00e9el<\/strong> que vous recevrez\u00a0!<\/p>\n<p data-start=\"1744\" data-end=\"1887\">\u2753 <strong data-start=\"1746\" data-end=\"1760\">Besoin d&rsquo;aide\u00a0?<\/strong> Bien que nous ne fournissions pas d&rsquo;instructions d&rsquo;installation, n&rsquo;h\u00e9sitez pas \u00e0 nous contacter. <strong data-start=\"1824\" data-end=\"1838\">Contactez-nous<\/strong> si vous avez des questions sur la compatibilit\u00e9.<\/p>\n<p data-start=\"1889\" data-end=\"2015\">\ud83d\udce6 <strong data-start=\"1892\" data-end=\"1920\">Livraison rapide dans le monde entier\u00a0!<\/strong> Retrouvez votre ordinateur portable en parfait \u00e9tat gr\u00e2ce \u00e0 cet <strong data-start=\"1973\" data-end=\"2012\">\u00e9cran LCD de remplacement de haute qualit\u00e9<\/strong>.<\/p>\n","protected":false},"excerpt":{"rendered":"<p>Am\u00e9liorez votre ordinateur portable ASUS avec cet <strong data-start=\"352\" data-end=\"401\">\u00e9cran LCD de remplacement 15,6&Prime; (LP156WH4-TL-N1)<\/strong>. Dot\u00e9 d&rsquo;une <strong data-start=\"415\" data-end=\"441\">r\u00e9solution HD 1366&#215;768<\/strong>, d&rsquo;un <strong data-start=\"443\" data-end=\"464\">taux de rafra\u00eechissement de 60 Hz<\/strong> et d&rsquo;une <strong data-start=\"470\" data-end=\"486\">finition mate<\/strong> pour un affichage clair et sans reflets. <strong data-start=\"520\" data-end=\"567\">Des photos authentiques\u00a0: ce que vous voyez est ce que vous obtenez\u00a0!<\/strong><\/p>\n","protected":false},"featured_media":16957,"template":"","meta":[],"product_brand":[],"product_cat":[58,57],"product_tag":[66],"class_list":{"0":"post-16905","1":"product","2":"type-product","3":"status-publish","4":"has-post-thumbnail","6":"product_cat-15-6","7":"product_cat-laptop-screens-lcd-panels","8":"product_tag-asus","10":"first","11":"instock","12":"taxable","13":"shipping-taxable","14":"purchasable","15":"product-type-simple"},"_links":{"self":[{"href":"https:\/\/boreait.com\/fr\/wp-json\/wp\/v2\/product\/16905","targetHints":{"allow":["GET"]}}],"collection":[{"href":"https:\/\/boreait.com\/fr\/wp-json\/wp\/v2\/product"}],"about":[{"href":"https:\/\/boreait.com\/fr\/wp-json\/wp\/v2\/types\/product"}],"wp:featuredmedia":[{"embeddable":true,"href":"https:\/\/boreait.com\/fr\/wp-json\/wp\/v2\/media\/16957"}],"wp:attachment":[{"href":"https:\/\/boreait.com\/fr\/wp-json\/wp\/v2\/media?parent=16905"}],"wp:term":[{"taxonomy":"product_brand","embeddable":true,"href":"https:\/\/boreait.com\/fr\/wp-json\/wp\/v2\/product_brand?post=16905"},{"taxonomy":"product_cat","embeddable":true,"href":"https:\/\/boreait.com\/fr\/wp-json\/wp\/v2\/product_cat?post=16905"},{"taxonomy":"product_tag","embeddable":true,"href":"https:\/\/boreait.com\/fr\/wp-json\/wp\/v2\/product_tag?post=16905"}],"curies":[{"name":"wp","href":"https:\/\/api.w.org\/{rel}","templated":true}]}}