{"id":16904,"date":"2025-09-16T16:42:06","date_gmt":"2025-09-16T14:42:06","guid":{"rendered":"https:\/\/boreait.com\/fr\/?post_type=product&#038;p=16904"},"modified":"2025-09-16T16:43:17","modified_gmt":"2025-09-16T14:43:17","slug":"ecran-lcd-dell-e6520-e5520-156-ppctf-1366-x-768-hd-40-broches-lp156wh4b1","status":"publish","type":"product","link":"https:\/\/boreait.com\/fr\/produit\/ecran-lcd-dell-e6520-e5520-156-ppctf-1366-x-768-hd-40-broches-lp156wh4b1\/","title":{"rendered":"\u00c9cran LCD Dell E6520\/E5520 15,6&Prime; PPCTF 1366 x 768 HD 40 broches LP156WH4(B1)"},"content":{"rendered":"<p data-start=\"645\" data-end=\"949\">Restaure ton <strong data-start=\"658\" data-end=\"680\">Dell E6520 \/ E5520<\/strong> avec cet <strong data-start=\"691\" data-end=\"725\">\u00e9cran LCD de remplacement d&rsquo;origine<\/strong>. Dot\u00e9 d&rsquo;une <strong data-start=\"737\" data-end=\"763\">r\u00e9solution HD 1366&#215;768<\/strong>, d&rsquo;une <strong data-start=\"765\" data-end=\"786\">fr\u00e9quence de rafra\u00eechissement de 60 Hz<\/strong> et d&rsquo;un <strong data-start=\"794\" data-end=\"814\">connecteur 40 broches<\/strong>, cet \u00e9cran offre des images nettes et des performances fluides. L&rsquo;\u00e9cran <strong data-start=\"880\" data-end=\"900\">LP156WH4(TL)(B1)<\/strong> s&rsquo;adapte parfaitement \u00e0 votre ordinateur portable.<\/p>\n<p data-start=\"951\" data-end=\"1421\">\ud83d\udd39 <strong data-start=\"954\" data-end=\"971\">Principales caract\u00e9ristiques\u00a0:<\/strong><br data-start=\"971\" data-end=\"974\" \/>\u2714 <strong data-start=\"976\" data-end=\"1014\">Compatible avec les mod\u00e8les Dell E6520 et E5520<\/strong> \u2013 Ajustement parfait pour une installation facile<br data-start=\"1055\" data-end=\"1058\" \/>\u2714 <strong data-start=\"1060\" data-end=\"1095\">Mod\u00e8le\u00a0: LP156WH4(TL)(B1) \/ PPCTF<\/strong> \u2013 Dalle de haute qualit\u00e9 et fiable<br data-start=\"1124\" data-end=\"1127\" \/>\u2714 <strong data-start=\"1129\" data-end=\"1157\">R\u00e9solution HD (1\u00a0366 x 768)<\/strong> \u2013 Images nettes et claires pour une utilisation quotidienne<br data-start=\"1197\" data-end=\"1200\" \/>\u2714 <strong data-start=\"1202\" data-end=\"1223\">Fr\u00e9quence de rafra\u00eechissement de 60\u00a0Hz<\/strong> \u2013 Performances fluides pour le travail et les loisirs<br data-start=\"1271\" data-end=\"1274\" \/>\u2714 <strong data-start=\"1276\" data-end=\"1296\">Connecteur 40 broches<\/strong> \u2013 Connexion standard pour un remplacement facile.<br data-start=\"1339\" data-end=\"1342\" \/>\u2714 <strong data-start=\"1344\" data-end=\"1373\">Finition mate\/antireflet<\/strong> \u2013 R\u00e9duit les reflets et am\u00e9liore la visibilit\u00e9.<\/p>\n<p data-start=\"1423\" data-end=\"1446\">\ud83d\udca1 <strong data-start=\"1426\" data-end=\"1444\">Compatibilit\u00e9\u00a0:<\/strong><\/p>\n<ul data-start=\"1447\" data-end=\"1581\">\n<li data-start=\"1447\" data-end=\"1507\">Sp\u00e9cialement con\u00e7u pour <strong data-start=\"1475\" data-end=\"1505\">Dell Latitude E6520, E5520<\/strong><\/li>\n<li data-start=\"1508\" data-end=\"1581\"><strong data-start=\"1510\" data-end=\"1535\">Connexion eDP 40 broches<\/strong> (V\u00e9rifiez votre \u00e9cran actuel avant l&rsquo;achat)<\/li>\n<\/ul>\n<p data-start=\"1583\" data-end=\"1676\">\ud83d\udcf8 <strong data-start=\"1586\" data-end=\"1602\">Photos r\u00e9elles\u00a0:<\/strong> Vous recevrez exactement le m\u00eame mod\u00e8le que sur les images\u00a0\u2013 aucune photo d&rsquo;archive\u00a0!<\/p>\n<p data-start=\"1678\" data-end=\"1817\">\u2753 <strong data-start=\"1680\" data-end=\"1700\">Besoin d&rsquo;aide\u00a0?<\/strong> Bien que nous ne fournissions pas de guides d&rsquo;installation, nous serons ravis de vous aider. data-start=\u00a0\u00bb1760&Prime; data-end=\u00a0\u00bb1784&Prime;>R\u00e9pondez \u00e0 toutes vos questions<\/strong> avant ou apr\u00e8s votre achat.<\/p>\n<p data-start=\"1819\" data-end=\"1945\">\ud83d\udce6 <strong data-start=\"1822\" data-end=\"1850\">Livraison rapide dans le monde entier\u00a0!<\/strong> Remettez votre <strong data-start=\"1860\" data-end=\"1875\">ordinateur portable Dell<\/strong> en parfait \u00e9tat gr\u00e2ce \u00e0 cet <strong data-start=\"1908\" data-end=\"1942\">\u00e9cran LCD de remplacement haut de gamme<\/strong>.<\/p>\n","protected":false},"excerpt":{"rendered":"<p>Remplacez votre \u00e9cran LCD Dell E6520 \/ E5520 15,6 pouces (PPCTF, LP156WH4-B1) endommag\u00e9 ou d\u00e9fectueux. R\u00e9solution HD <strong data-start=\"428\" data-end=\"475\">1366 x 768, 60 Hz, connecteur 40 broches<\/strong>\u00a0: remplacement id\u00e9al pour votre ordinateur portable. <strong data-start=\"515\" data-end=\"562\">Photos r\u00e9elles\u00a0: ce que vous voyez est ce que vous obtenez\u00a0!<\/strong><\/p>\n","protected":false},"featured_media":16942,"template":"","meta":[],"product_brand":[],"product_cat":[58,57],"product_tag":[53],"class_list":{"0":"post-16904","1":"product","2":"type-product","3":"status-publish","4":"has-post-thumbnail","6":"product_cat-15-6","7":"product_cat-laptop-screens-lcd-panels","8":"product_tag-dell","10":"first","11":"instock","12":"taxable","13":"shipping-taxable","14":"purchasable","15":"product-type-simple"},"_links":{"self":[{"href":"https:\/\/boreait.com\/fr\/wp-json\/wp\/v2\/product\/16904","targetHints":{"allow":["GET"]}}],"collection":[{"href":"https:\/\/boreait.com\/fr\/wp-json\/wp\/v2\/product"}],"about":[{"href":"https:\/\/boreait.com\/fr\/wp-json\/wp\/v2\/types\/product"}],"wp:featuredmedia":[{"embeddable":true,"href":"https:\/\/boreait.com\/fr\/wp-json\/wp\/v2\/media\/16942"}],"wp:attachment":[{"href":"https:\/\/boreait.com\/fr\/wp-json\/wp\/v2\/media?parent=16904"}],"wp:term":[{"taxonomy":"product_brand","embeddable":true,"href":"https:\/\/boreait.com\/fr\/wp-json\/wp\/v2\/product_brand?post=16904"},{"taxonomy":"product_cat","embeddable":true,"href":"https:\/\/boreait.com\/fr\/wp-json\/wp\/v2\/product_cat?post=16904"},{"taxonomy":"product_tag","embeddable":true,"href":"https:\/\/boreait.com\/fr\/wp-json\/wp\/v2\/product_tag?post=16904"}],"curies":[{"name":"wp","href":"https:\/\/api.w.org\/{rel}","templated":true}]}}