{"id":16895,"date":"2025-09-16T16:41:42","date_gmt":"2025-09-16T14:41:42","guid":{"rendered":"https:\/\/boreait.com\/fr\/?post_type=product&#038;p=16895"},"modified":"2026-02-01T10:33:03","modified_gmt":"2026-02-01T09:33:03","slug":"ecran-lcd-pour-dell-00kj3y-156-fhd-300-hz-ips-mat-40-broches-21-mm-non-tactile","status":"publish","type":"product","link":"https:\/\/boreait.com\/fr\/produit\/ecran-lcd-pour-dell-00kj3y-156-fhd-300-hz-ips-mat-40-broches-21-mm-non-tactile\/","title":{"rendered":"\u00c9cran LCD pour Dell 00KJ3Y 15,6&Prime; FHD 300 Hz IPS Mat 40 broches 21 mm Non tactile"},"content":{"rendered":"<p>Mod\u00e8le d\u2019\u00e9cran r\u00e9ellement en stock : LQ156M1JW30 \/ NE156FHM-NZ3 V8.0 (m\u00eames sp\u00e9cifications \/ enti\u00e8rement compatible !)<\/p>\n\n\n\n\n<p>Am\u00e9liorez les performances d&rsquo;affichage de votre ordinateur portable avec cet <strong data-start=\"558\" data-end=\"612\">\u00e9cran LCD IPS 15,6 pouces Full HD (1920 x 1080) 300 Hz<\/strong> haut de gamme pour <strong data-start=\"617\" data-end=\"632\">Dell 00KJ3Y<\/strong>. Con\u00e7u pour des images fluides et une pr\u00e9cision des couleurs sup\u00e9rieure, il est dot\u00e9 d&rsquo;une <strong data-start=\"705\" data-end=\"721\">finition mate<\/strong> qui minimise les reflets et la fatigue oculaire. Le <strong data-start=\"766\" data-end=\"806\" data-is-only-node=\"\">connecteur \u00e9troit \u00e0 40 broches (21 mm de largeur)<\/strong> garantit la compatibilit\u00e9, et la conception <strong data-start=\"838\" data-end=\"851\">non tactile<\/strong> est id\u00e9ale pour les utilisateurs qui pr\u00e9f\u00e8rent un \u00e9cran traditionnel.<\/p>\n\n\n\n<p>Cet \u00e9cran est livr\u00e9 <strong data-start=\"933\" data-end=\"962\">sans supports de montage<\/strong>, mais comprend des <strong data-start=\"976\" data-end=\"1000\">bandes autocollantes<\/strong> pour une installation s\u00fbre et simple. Que vous remplaciez un \u00e9cran endommag\u00e9 ou que vous souhaitiez le mettre \u00e0 niveau pour de meilleures performances, cette dalle \u00e0 taux de rafra\u00eechissement \u00e9lev\u00e9 est id\u00e9ale pour les joueurs, les professionnels et les utilisateurs quotidiens \u00e0 la recherche d&rsquo;images fluides et d&rsquo;une exp\u00e9rience immersive.<\/p>\n\n\n\n<p><strong data-start=\"1263\" data-end=\"1280\">Caract\u00e9ristiques principales&nbsp;:<\/strong><br data-start=\"1280\" data-end=\"1283\">\u2705 <strong data-start=\"1285\" data-end=\"1325\">R\u00e9solution Full HD 15,6 pouces (1920 x 1080)<\/strong> pour des images claires et \u00e9clatantes.<br data-start=\"1355\" data-end=\"1358\">\u2705 <strong data-start=\"1360\" data-end=\"1382\">Taux de rafra\u00eechissement de 300&nbsp;Hz<\/strong> pour des performances ultra-fluides.<br data-start=\"1411\" data-end=\"1414\">\u2705 <strong data-start=\"1416\" data-end=\"1429\">Panneau IPS<\/strong> pour de larges angles de vision et des couleurs r\u00e9alistes<br data-start=\"1477\" data-end=\"1480\">\u2705 <strong data-start=\"1482\" data-end=\"1498\">Finition mate<\/strong> pour r\u00e9duire les reflets et les reflets<br data-start=\"1530\" data-end=\"1533\">\u2705 <strong data-start=\"1535\" data-end=\"1575\">Connecteur \u00e9troit 40 broches (21 mm de largeur)<\/strong> pour la compatibilit\u00e9<br data-start=\"1593\" data-end=\"1596\">\u2705 <strong data-start=\"1598\" data-end=\"1619\">\u00c9cran non tactile<\/strong> pour une exp\u00e9rience d&rsquo;ordinateur portable traditionnelle<br data-start=\"1655\" data-end=\"1658\">\u2705 <strong data-start=\"1660\" data-end=\"1712\">Sans supports \u2013 bandes autocollantes incluses<\/strong> pour une installation facile.<br data-start=\"1734\" data-end=\"1737\">\u2705 <strong data-start=\"1739\" data-end=\"1762\">\u00c9tat neuf<\/strong><\/p>\n\n\n\n<p>Mettez \u00e0 niveau l&rsquo;\u00e9cran de votre ordinateur portable Dell d\u00e8s aujourd&rsquo;hui pour une exp\u00e9rience fluide et performante&nbsp;!<\/p>\n","protected":false},"excerpt":{"rendered":"<p>Am\u00e9liorez votre ordinateur portable Dell avec cet \u00e9cran LCD IPS FHD 300 Hz de 15,6 pouces de haute qualit\u00e9. Dot\u00e9 d&rsquo;une finition mate pour r\u00e9duire les reflets, d&rsquo;un connecteur \u00e9troit \u00e0 40 broches (21 mm de large) et d&rsquo;une conception non tactile, cet \u00e9cran garantit des images fluides et des couleurs \u00e9clatantes. Les supports ne sont pas inclus, mais des bandes autocollantes sont fournies pour une installation facile.<\/p>\n","protected":false},"featured_media":16937,"template":"","meta":[],"product_brand":[],"product_cat":[105,95],"product_tag":[],"class_list":{"0":"post-16895","1":"product","2":"type-product","3":"status-publish","4":"has-post-thumbnail","6":"product_cat-15-6-new-laptop-screens-lcd-panels","7":"product_cat-new-laptop-screens-lcd-panels","9":"first","10":"instock","11":"taxable","12":"shipping-taxable","13":"purchasable","14":"product-type-simple"},"_links":{"self":[{"href":"https:\/\/boreait.com\/fr\/wp-json\/wp\/v2\/product\/16895","targetHints":{"allow":["GET"]}}],"collection":[{"href":"https:\/\/boreait.com\/fr\/wp-json\/wp\/v2\/product"}],"about":[{"href":"https:\/\/boreait.com\/fr\/wp-json\/wp\/v2\/types\/product"}],"wp:featuredmedia":[{"embeddable":true,"href":"https:\/\/boreait.com\/fr\/wp-json\/wp\/v2\/media\/16937"}],"wp:attachment":[{"href":"https:\/\/boreait.com\/fr\/wp-json\/wp\/v2\/media?parent=16895"}],"wp:term":[{"taxonomy":"product_brand","embeddable":true,"href":"https:\/\/boreait.com\/fr\/wp-json\/wp\/v2\/product_brand?post=16895"},{"taxonomy":"product_cat","embeddable":true,"href":"https:\/\/boreait.com\/fr\/wp-json\/wp\/v2\/product_cat?post=16895"},{"taxonomy":"product_tag","embeddable":true,"href":"https:\/\/boreait.com\/fr\/wp-json\/wp\/v2\/product_tag?post=16895"}],"curies":[{"name":"wp","href":"https:\/\/api.w.org\/{rel}","templated":true}]}}