{"id":16894,"date":"2025-09-16T16:41:42","date_gmt":"2025-09-16T14:41:42","guid":{"rendered":"https:\/\/boreait.com\/fr\/?post_type=product&#038;p=16894"},"modified":"2026-02-01T10:33:06","modified_gmt":"2026-02-01T09:33:06","slug":"ecran-lcd-pour-asus-rog-strix-g-gl531-156-fhd-300-hz-ips-mat-40-broches","status":"publish","type":"product","link":"https:\/\/boreait.com\/fr\/produit\/ecran-lcd-pour-asus-rog-strix-g-gl531-156-fhd-300-hz-ips-mat-40-broches\/","title":{"rendered":"\u00c9cran LCD pour ASUS ROG Strix G GL531 &#8211; 15,6&Prime; FHD 300 Hz IPS Mat 40 broches"},"content":{"rendered":"<p>Mod\u00e8le d\u2019\u00e9cran r\u00e9ellement en stock : LQ156M1JW30 \/ NE156FHM-NZ3 V8.0 (m\u00eames sp\u00e9cifications \/ enti\u00e8rement compatible !)<\/p>\n\n\n\n\n<p>Am\u00e9liorez votre exp\u00e9rience de jeu et votre productivit\u00e9 avec cet \u00e9cran LCD de remplacement haut de gamme pour ordinateurs portables ASUS ROG Strix G GL531. Dot\u00e9 d&rsquo;une <strong data-start=\"656\" data-end=\"699\">panneau IPS Full HD (1920 x 1080) de 15,6 pouces<\/strong>, cet \u00e9cran offre une <strong data-start=\"721\" data-end=\"754\">fr\u00e9quence de rafra\u00eechissement exceptionnelle de 300 Hz<\/strong>, garantissant une exp\u00e9rience de jeu ultra-fluide et une clart\u00e9 de mouvement optimale.<\/p>\n\n\n\n<p>Caract\u00e9ristiques principales&nbsp;:<br data-start=\"823\" data-end=\"826\">\u2705 <strong data-start=\"828\" data-end=\"856\">r\u00e9solution FHD 1920 x 1080<\/strong> pour des images nettes et \u00e9clatantes<br data-start=\"886\" data-end=\"889\">\u2705 <strong data-start=\"891\" data-end=\"913\">fr\u00e9quence de rafra\u00eechissement de 300 Hz<\/strong> pour des performances de jeu fluides<br data-start=\"945\" data-end=\"948\">\u2705 <strong data-start=\"950\" data-end=\"968\">Technologie IPS<\/strong> pour de larges angles de vision et des couleurs pr\u00e9cises<br data-start=\"1012\" data-end=\"1015\">\u2705 <strong data-start=\"1017\" data-end=\"1033\">Finition mate<\/strong> pour r\u00e9duire les reflets et les reflets<br data-start=\"1065\" data-end=\"1068\">\u2705 <strong data-start=\"1070\" data-end=\"1097\">Connecteur \u00e9troit 40 broches<\/strong> (21 mm) pour la compatibilit\u00e9<br data-start=\"1128\" data-end=\"1131\">\u2705 <strong data-start=\"1133\" data-end=\"1146\">\u00c9cran non tactile<\/strong> pour une utilisation standard sur ordinateur portable<br data-start=\"1178\" data-end=\"1181\">\u2705 <strong data-start=\"1183\" data-end=\"1206\">Conception sans support<\/strong> avec <strong data-start=\"1212\" data-end=\"1236\">bandes autocollantes<\/strong> pour une installation facile.<br data-start=\"1258\" data-end=\"1261\">\u2705 <strong data-start=\"1263\" data-end=\"1286\">\u00c9tat neuf<\/strong> \u2013 \u00c9cran de remplacement de haute qualit\u00e9.<\/p>\n\n\n\n<p>Cet \u00e9cran LCD est le remplacement id\u00e9al pour votre \u00e9cran ASUS ROG Strix G GL531 endommag\u00e9 ou d\u00e9fectueux. Il restaure les performances et l&rsquo;exp\u00e9rience visuelle de votre ordinateur portable. <strong data-start=\"1491\" data-end=\"1539\" data-is-last-node=\"\">Veuillez vous assurer compatibilit\u00e9 avant l&rsquo;achat.<\/strong><\/p>\n","protected":false},"excerpt":{"rendered":"<p>Am\u00e9liorez votre ordinateur portable ASUS ROG Strix G GL531 avec un \u00e9cran LCD mat IPS FHD 300 Hz hautes performances de 15,6 pouces. Dot\u00e9 d&rsquo;un connecteur fin \u00e0 40 broches (21 mm), cet \u00e9cran non tactile offre des images ultra-fluides aux couleurs \u00e9clatantes. Con\u00e7u sans support, il est livr\u00e9 avec des bandes autocollantes pour une installation facile. \u00c9tat neuf.<\/p>\n","protected":false},"featured_media":16937,"template":"","meta":[],"product_brand":[],"product_cat":[105,95],"product_tag":[],"class_list":{"0":"post-16894","1":"product","2":"type-product","3":"status-publish","4":"has-post-thumbnail","6":"product_cat-15-6-new-laptop-screens-lcd-panels","7":"product_cat-new-laptop-screens-lcd-panels","9":"first","10":"instock","11":"taxable","12":"shipping-taxable","13":"purchasable","14":"product-type-simple"},"_links":{"self":[{"href":"https:\/\/boreait.com\/fr\/wp-json\/wp\/v2\/product\/16894","targetHints":{"allow":["GET"]}}],"collection":[{"href":"https:\/\/boreait.com\/fr\/wp-json\/wp\/v2\/product"}],"about":[{"href":"https:\/\/boreait.com\/fr\/wp-json\/wp\/v2\/types\/product"}],"wp:featuredmedia":[{"embeddable":true,"href":"https:\/\/boreait.com\/fr\/wp-json\/wp\/v2\/media\/16937"}],"wp:attachment":[{"href":"https:\/\/boreait.com\/fr\/wp-json\/wp\/v2\/media?parent=16894"}],"wp:term":[{"taxonomy":"product_brand","embeddable":true,"href":"https:\/\/boreait.com\/fr\/wp-json\/wp\/v2\/product_brand?post=16894"},{"taxonomy":"product_cat","embeddable":true,"href":"https:\/\/boreait.com\/fr\/wp-json\/wp\/v2\/product_cat?post=16894"},{"taxonomy":"product_tag","embeddable":true,"href":"https:\/\/boreait.com\/fr\/wp-json\/wp\/v2\/product_tag?post=16894"}],"curies":[{"name":"wp","href":"https:\/\/api.w.org\/{rel}","templated":true}]}}