{"id":16892,"date":"2025-09-16T16:41:42","date_gmt":"2025-09-16T14:41:42","guid":{"rendered":"https:\/\/boreait.com\/fr\/?post_type=product&#038;p=16892"},"modified":"2026-02-01T10:33:14","modified_gmt":"2026-02-01T09:33:14","slug":"ecran-lcd-pour-asus-rog-strix-g15-g513ic-hf005-156-fhd-300-hz-ips-mat-40-broches","status":"publish","type":"product","link":"https:\/\/boreait.com\/fr\/produit\/ecran-lcd-pour-asus-rog-strix-g15-g513ic-hf005-156-fhd-300-hz-ips-mat-40-broches\/","title":{"rendered":"\u00c9cran LCD pour Asus ROG Strix G15 G513IC-HF005 15,6&Prime; FHD 300 Hz IPS Mat 40 broches"},"content":{"rendered":"<p>Mod\u00e8le d\u2019\u00e9cran r\u00e9ellement en stock : LQ156M1JW30 \/ NE156FHM-NZ3 V8.0 (m\u00eames sp\u00e9cifications \/ enti\u00e8rement compatible !)<\/p>\n\n\n\n\n<p>Am\u00e9liorez votre exp\u00e9rience de jeu avec cet <strong data-start=\"753\" data-end=\"815\">\u00e9cran LCD de remplacement haut de gamme pour Asus ROG Strix G15 G513IC-HF005<\/strong>. Cet \u00e9cran <strong data-start=\"822\" data-end=\"863\">15,6 pouces Full HD (1920 x 1080)<\/strong> est con\u00e7u pour des images fluides gr\u00e2ce \u00e0 sa <strong data-start=\"904\" data-end=\"937\">fr\u00e9quence de rafra\u00eechissement ultra-rapide de 300 Hz<\/strong>, garantissant une exp\u00e9rience de jeu fluide et une clart\u00e9 de mouvement optimale.<\/p>\n\n\n\n<p>Dot\u00e9 de la <strong data-start=\"999\" data-end=\"1017\">technologie IPS<\/strong>, cet \u00e9cran offre des couleurs \u00e9clatantes, de larges angles de vision et un contraste sup\u00e9rieur pour une exp\u00e9rience immersive. La <strong data-start=\"1131\" data-end=\"1147\">finition mate<\/strong> r\u00e9duit les reflets, ce qui le rend id\u00e9al pour jouer dans diff\u00e9rentes conditions d&rsquo;\u00e9clairage.<\/p>\n\n\n\n<p>Cet \u00e9cran est \u00e9quip\u00e9 d&rsquo;un <strong data-start=\"1250\" data-end=\"1298\">connecteur \u00e9troit 40 broches (21 mm de largeur)<\/strong> pour un ajustement pr\u00e9cis. Cet \u00e9cran est <strong data-start=\"1326\" data-end=\"1347\">non tactile<\/strong> et est livr\u00e9 sans supports, mais avec des <strong data-start=\"1393\" data-end=\"1417\">bandes autocollantes<\/strong> pour une installation facile.<\/p>\n\n\n\n<h3 class=\"wp-block-heading\"><strong data-start=\"1448\" data-end=\"1465\">Cl\u00e9 Fonctionnalit\u00e9s&nbsp;:<\/strong><\/h3>\n\n\n\n<ul class=\"wp-block-list\">\n<li><strong data-start=\"1470\" data-end=\"1486\">Taille de l&rsquo;\u00e9cran\u00a0:<\/strong> 15,6 pouces<\/li>\n\n\n\n<li><strong data-start=\"1503\" data-end=\"1518\">R\u00e9solution\u00a0:<\/strong> Full HD (1920 x 1080)<\/li>\n\n\n\n<li><strong data-start=\"1543\" data-end=\"1560\">Fr\u00e9quence de rafra\u00eechissement\u00a0:<\/strong> 300\u00a0Hz pour des images ultra-fluides<\/li>\n\n\n\n<li><strong data-start=\"1596\" data-end=\"1611\">Type de dalle\u00a0: IPS \u2013 Couleurs riches et angles de vision larges<\/strong><\/li>\n\n\n\n<li><br><li data-start=\"1656\" data-end=\"1690\"><strong data-start=\"1658\" data-end=\"1669\">Finition\u00a0: Mat (antireflet)<\/strong><\/li><strong data-start=\"1658\" data-end=\"1669\"><br><li data-start=\"1691\" data-end=\"1743\"><strong data-start=\"1693\" data-end=\"1707\">Connecteur\u00a0: 40 broches \u00e9troit, 21 mm de large<\/strong><\/li><strong data-start=\"1693\" data-end=\"1707\"><br><li data-start=\"1744\" data-end=\"1767\"><strong data-start=\"1746\" data-end=\"1762\">\u00c9cran tactile\u00a0: Non<\/strong><\/li><strong data-start=\"1746\" data-end=\"1762\"><br><li data-start=\"1768\" data-end=\"1830\"><strong data-start=\"1770\" data-end=\"1783\">Supports\u00a0:<\/strong> Non inclus (bandes autocollantes fournies)<\/li><br><li data-start=\"1831\" data-end=\"1859\"><strong data-start=\"1833\" data-end=\"1847\">\u00c9tat\u00a0:<\/strong> Neuf<\/li><br><\/strong><\/strong><\/strong><\/li>\n<\/ul>\n\n\n\n<p><strong data-start=\"1596\" data-end=\"1611\"><strong data-start=\"1658\" data-end=\"1669\"><strong data-start=\"1693\" data-end=\"1707\"><strong data-start=\"1746\" data-end=\"1762\">\n<\/strong><\/strong><\/strong><\/strong><\/p>\n\n\n\n<p><strong data-start=\"1596\" data-end=\"1611\"><strong data-start=\"1658\" data-end=\"1669\"><strong data-start=\"1693\" data-end=\"1707\"><strong data-start=\"1746\" data-end=\"1762\">Cet <strong data-start=\"1866\" data-end=\"1905\">\u00e9cran de remplacement hautes performances<\/strong> est id\u00e9al pour les joueurs et les professionnels \u00e0 la recherche d&rsquo;une mise \u00e0 niveau ou d&rsquo;un remplacement fiable pour leur ordinateur portable Asus ROG Strix G15 G513IC-HF005.<\/strong><\/strong><\/strong><\/strong><\/p>\n\n\n\n<p><\/p>\n","protected":false},"excerpt":{"rendered":"<p>Am\u00e9liorez votre Asus ROG Strix G15 G513IC-HF005 avec cet \u00e9cran LCD hautes performances Full HD (1920 x 1080) de 15,6 pouces. Dot\u00e9 d&rsquo;un taux de rafra\u00eechissement ultra-rapide de 300 Hz, de la technologie IPS pour des couleurs \u00e9clatantes et d&rsquo;une finition mate r\u00e9duisant les reflets, il est dot\u00e9 d&rsquo;un connecteur \u00e9troit \u00e0 40 broches (21 mm de large) pour une compatibilit\u00e9 optimale. Non tactile, sans support, il est livr\u00e9 avec des bandes autocollantes pour une installation facile. Id\u00e9al pour une exp\u00e9rience de jeu fluide et nette.<\/p>\n","protected":false},"featured_media":16937,"template":"","meta":[],"product_brand":[],"product_cat":[105,95],"product_tag":[],"class_list":{"0":"post-16892","1":"product","2":"type-product","3":"status-publish","4":"has-post-thumbnail","6":"product_cat-15-6-new-laptop-screens-lcd-panels","7":"product_cat-new-laptop-screens-lcd-panels","9":"first","10":"instock","11":"taxable","12":"shipping-taxable","13":"purchasable","14":"product-type-simple"},"_links":{"self":[{"href":"https:\/\/boreait.com\/fr\/wp-json\/wp\/v2\/product\/16892","targetHints":{"allow":["GET"]}}],"collection":[{"href":"https:\/\/boreait.com\/fr\/wp-json\/wp\/v2\/product"}],"about":[{"href":"https:\/\/boreait.com\/fr\/wp-json\/wp\/v2\/types\/product"}],"wp:featuredmedia":[{"embeddable":true,"href":"https:\/\/boreait.com\/fr\/wp-json\/wp\/v2\/media\/16937"}],"wp:attachment":[{"href":"https:\/\/boreait.com\/fr\/wp-json\/wp\/v2\/media?parent=16892"}],"wp:term":[{"taxonomy":"product_brand","embeddable":true,"href":"https:\/\/boreait.com\/fr\/wp-json\/wp\/v2\/product_brand?post=16892"},{"taxonomy":"product_cat","embeddable":true,"href":"https:\/\/boreait.com\/fr\/wp-json\/wp\/v2\/product_cat?post=16892"},{"taxonomy":"product_tag","embeddable":true,"href":"https:\/\/boreait.com\/fr\/wp-json\/wp\/v2\/product_tag?post=16892"}],"curies":[{"name":"wp","href":"https:\/\/api.w.org\/{rel}","templated":true}]}}