{"id":16891,"date":"2025-09-16T16:41:41","date_gmt":"2025-09-16T14:41:41","guid":{"rendered":"https:\/\/boreait.com\/fr\/?post_type=product&#038;p=16891"},"modified":"2026-02-01T10:32:59","modified_gmt":"2026-02-01T09:32:59","slug":"ecran-lcd-mat-ips-156-fhd-300-hz-40-broches-etroit-non-tactile-lq156m1jw25","status":"publish","type":"product","link":"https:\/\/boreait.com\/fr\/produit\/ecran-lcd-mat-ips-156-fhd-300-hz-40-broches-etroit-non-tactile-lq156m1jw25\/","title":{"rendered":"\u00c9cran LCD mat IPS 15,6&Prime; FHD 300 Hz, 40 broches, \u00e9troit, non tactile, LQ156M1JW25"},"content":{"rendered":"<p>Mod\u00e8le d\u2019\u00e9cran r\u00e9ellement en stock : LQ156M1JW30 \/ NE156FHM-NZ3 V8.0 (m\u00eames sp\u00e9cifications \/ enti\u00e8rement compatible !)<\/p>\n\n\n\n\n<p>Am\u00e9liorez l&rsquo;exp\u00e9rience visuelle de votre ordinateur portable avec le <strong data-start=\"631\" data-end=\"646\">LQ156M1JW25<\/strong>, un <strong data-start=\"650\" data-end=\"698\">\u00e9cran LCD IPS Full HD (1920 x 1080) de 15,6 pouces<\/strong> con\u00e7u pour des performances ultra-fluides gr\u00e2ce \u00e0 son <strong data-start=\"746\" data-end=\"768\">taux de rafra\u00eechissement de 300&nbsp;Hz<\/strong>. La <strong data-start=\"774\" data-end=\"802\">finition mate antireflet<\/strong> minimise les reflets pour un confort visuel optimal, tandis que le <strong data-start=\"860\" data-end=\"908\" data-is-only-node=\"\">connecteur \u00e9troit \u00e0 40 broches (21 mm de largeur)<\/strong> assure la compatibilit\u00e9 avec diff\u00e9rents mod\u00e8les d&rsquo;ordinateurs portables.<\/p>\n\n\n\n<p>Cet <strong data-start=\"967\" data-end=\"986\">\u00e9cran non tactile<\/strong> est livr\u00e9 <strong data-start=\"993\" data-end=\"1022\">sans supports de montage<\/strong>, mais inclut des <strong data-start=\"1036\" data-end=\"1060\">bandes autocollantes<\/strong> pour une installation s\u00fbre et simple. Que vous remplaciez un \u00e9cran endommag\u00e9 ou que vous le mettiez \u00e0 niveau pour une meilleure exp\u00e9rience de jeu et visuelle, ce tout nouvel \u00e9cran est fait pour vous. <strong data-start=\"1232\" data-end=\"1283\">Couleurs \u00e9clatantes, d\u00e9tails nets et mouvements fluides<\/strong> pour une utilisation professionnelle et gaming.<\/p>\n\n\n\n<p><strong data-start=\"1320\" data-end=\"1339\">Sp\u00e9cifications&nbsp;:<\/strong><\/p>\n\n\n\n<ul class=\"wp-block-list\">\n<li><strong data-start=\"1344\" data-end=\"1360\">Taille de l&rsquo;\u00e9cran\u00a0:<\/strong> 15,6 pouces<\/li>\n\n\n\n<li><strong data-start=\"1377\" data-end=\"1392\">R\u00e9solution\u00a0:<\/strong> Full HD (1920 x 1080)<br><\/li>\n\n\n\n<li><strong data-start=\"1417\" data-end=\"1432\">Type de dalle\u00a0: IPS<br><\/strong><\/li>\n\n\n\n<li><strong data-start=\"1417\" data-end=\"1432\"><strong data-start=\"1441\" data-end=\"1458\">Fr\u00e9quence de rafra\u00eechissement\u00a0: 300\u00a0Hz<br><\/strong><\/strong><\/li>\n\n\n\n<li><strong data-start=\"1417\" data-end=\"1432\"><strong data-start=\"1441\" data-end=\"1458\"><strong data-start=\"1469\" data-end=\"1480\">Finition\u00a0: Mat, antireflet<br><\/strong><\/strong><\/strong><\/li>\n\n\n\n<li><strong data-start=\"1417\" data-end=\"1432\"><strong data-start=\"1441\" data-end=\"1458\"><strong data-start=\"1469\" data-end=\"1480\"><strong data-start=\"1503\" data-end=\"1517\">Connecteur\u00a0: 40\u00a0broches \u00e9troit (21 mm de largeur)<\/strong><\/strong><\/strong><\/strong><\/li>\n\n\n\n<li><strong data-start=\"1441\" data-end=\"1458\"><strong data-start=\"1469\" data-end=\"1480\"><strong data-start=\"1503\" data-end=\"1517\"><br><li data-start=\"1555\" data-end=\"1580\"><strong data-start=\"1557\" data-end=\"1575\">Support tactile\u00a0:<\/strong> Non<\/li><br><li data-start=\"1581\" data-end=\"1643\"><strong data-start=\"1583\" data-end=\"1596\">Supports\u00a0:<\/strong> Non inclus (bandes autocollantes fournies)<\/li><br><li data-start=\"1644\" data-end=\"1672\"><strong data-start=\"1646\" data-end=\"1660\">\u00c9tat\u00a0:<\/strong> Neuf<\/li><br><\/strong><\/strong><\/strong><\/li>\n<\/ul>\n\n\n\n<p><strong data-start=\"1417\" data-end=\"1432\"><strong data-start=\"1441\" data-end=\"1458\"><strong data-start=\"1469\" data-end=\"1480\"><strong data-start=\"1503\" data-end=\"1517\">\n<\/strong><\/strong><\/strong><\/strong><\/p>\n\n\n\n<p><strong data-start=\"1417\" data-end=\"1432\"><strong data-start=\"1441\" data-end=\"1458\"><strong data-start=\"1469\" data-end=\"1480\"><strong data-start=\"1503\" data-end=\"1517\">Am\u00e9liorez votre \u00e9cran d\u00e8s aujourd&rsquo;hui pour une exp\u00e9rience visuelle exceptionnelle exp\u00e9rience&nbsp;!<\/strong><\/strong><\/strong><\/strong><\/p>\n\n\n\n<p><\/p>\n","protected":false},"excerpt":{"rendered":"<p>Am\u00e9liorez l&rsquo;\u00e9cran de votre ordinateur portable avec le <strong data-start=\"176\" data-end=\"191\">LQ156M1JW25<\/strong>, un \u00e9cran LCD IPS FHD (1920 x 1080) hautes performances de 15,6 pouces, dot\u00e9 d&rsquo;un taux de rafra\u00eechissement ultra-fluide de <strong data-start=\"279\" data-end=\"301\">300 Hz<\/strong>. Dot\u00e9 d&rsquo;une <strong data-start=\"319\" data-end=\"347\">finition mate antireflet<\/strong> pour r\u00e9duire les reflets, il est dot\u00e9 d&rsquo;un <strong data-start=\"382\" data-end=\"430\" data-is-only-node=\"\">connecteur \u00e9troit \u00e0 40 broches (21 mm de largeur)<\/strong> et est livr\u00e9 <strong data-start=\"441\" data-end=\"461\">sans supports<\/strong>, mais avec <strong data-start=\"441\" data-end=\"461\">un c\u00e2ble de 1,5 m<\/strong>. data-start=\u00a0\u00bb475&Prime; data-end=\u00a0\u00bb499&Prime;&gt;Bandes autocollantes pour une installation facile. <strong data-start=\"523\" data-end=\"554\">Panneau neuf, non tactile.<\/strong><\/p>\n","protected":false},"featured_media":16937,"template":"","meta":[],"product_brand":[],"product_cat":[105,95],"product_tag":[],"class_list":{"0":"post-16891","1":"product","2":"type-product","3":"status-publish","4":"has-post-thumbnail","6":"product_cat-15-6-new-laptop-screens-lcd-panels","7":"product_cat-new-laptop-screens-lcd-panels","9":"first","10":"instock","11":"taxable","12":"shipping-taxable","13":"purchasable","14":"product-type-simple"},"_links":{"self":[{"href":"https:\/\/boreait.com\/fr\/wp-json\/wp\/v2\/product\/16891","targetHints":{"allow":["GET"]}}],"collection":[{"href":"https:\/\/boreait.com\/fr\/wp-json\/wp\/v2\/product"}],"about":[{"href":"https:\/\/boreait.com\/fr\/wp-json\/wp\/v2\/types\/product"}],"wp:featuredmedia":[{"embeddable":true,"href":"https:\/\/boreait.com\/fr\/wp-json\/wp\/v2\/media\/16937"}],"wp:attachment":[{"href":"https:\/\/boreait.com\/fr\/wp-json\/wp\/v2\/media?parent=16891"}],"wp:term":[{"taxonomy":"product_brand","embeddable":true,"href":"https:\/\/boreait.com\/fr\/wp-json\/wp\/v2\/product_brand?post=16891"},{"taxonomy":"product_cat","embeddable":true,"href":"https:\/\/boreait.com\/fr\/wp-json\/wp\/v2\/product_cat?post=16891"},{"taxonomy":"product_tag","embeddable":true,"href":"https:\/\/boreait.com\/fr\/wp-json\/wp\/v2\/product_tag?post=16891"}],"curies":[{"name":"wp","href":"https:\/\/api.w.org\/{rel}","templated":true}]}}