{"id":16880,"date":"2025-09-16T16:41:16","date_gmt":"2025-09-16T14:41:16","guid":{"rendered":"https:\/\/boreait.com\/fr\/?post_type=product&#038;p=16880"},"modified":"2025-09-16T16:42:59","modified_gmt":"2025-09-16T14:42:59","slug":"ecran-lcd-pour-asus-rog-zephyrus-ga503rm-156-qhd-165-hz-ips-mat-40-broches","status":"publish","type":"product","link":"https:\/\/boreait.com\/fr\/produit\/ecran-lcd-pour-asus-rog-zephyrus-ga503rm-156-qhd-165-hz-ips-mat-40-broches\/","title":{"rendered":"\u00c9cran LCD pour ASUS ROG Zephyrus GA503RM 15,6&Prime; QHD 165 Hz IPS Mat 40 broches"},"content":{"rendered":"<p>Mod\u00e8le d&rsquo;\u00e9cran LCD actuel\u00a0: NE156QHM-NY1 v8.2 \u2013 ENTI\u00c8REMENT COMPATIBLE AVEC L&rsquo;\u00c9CRAN D&rsquo;ORDINATEUR PORTABLE ASUS ROG ZEPHYRUS GA503RM-HQ111WS<\/p>\n<p data-start=\"427\" data-end=\"822\">Mettez votre ordinateur portable ASUS ROG Zephyrus GA503RM \u00e0 niveau avec ce tout nouvel \u00e9cran LCD QHD de 15,6 pouces, offrant une r\u00e9solution exceptionnelle de 2560 x 1440 pour des images d&rsquo;une nettet\u00e9 exceptionnelle. Avec un taux de rafra\u00eechissement de 165\u00a0Hz et la technologie IPS, profitez d&rsquo;une exp\u00e9rience de jeu fluide, \u00e9clatante et immersive, que vous soyez professionnel ou en d\u00e9placement. Sa finition mate minimise les reflets, ce qui le rend id\u00e9al pour une utilisation prolong\u00e9e dans diverses conditions d&rsquo;\u00e9clairage.<\/p>\n<p data-start=\"824\" data-end=\"1120\">Cet \u00e9cran est dot\u00e9 d&rsquo;un connecteur 40\u00a0broches, est non tactile et est livr\u00e9 sans support. Des bandes adh\u00e9sives sont incluses pour une installation facile. Que vous remplaciez un \u00e9cran endommag\u00e9 ou que vous souhaitiez le remplacer pour une meilleure exp\u00e9rience d&rsquo;affichage, cette dalle haute qualit\u00e9 garantit des performances et une durabilit\u00e9 optimales.<\/p>\n<p data-start=\"1122\" data-end=\"1143\"><strong data-start=\"1122\" data-end=\"1141\">Caract\u00e9ristiques\u00a0:<\/strong><\/p>\n<ul data-start=\"1144\" data-end=\"1455\">\n<li data-start=\"1144\" data-end=\"1176\"><strong data-start=\"1146\" data-end=\"1162\">Taille de l&rsquo;\u00e9cran\u00a0:<\/strong> 15,6 pouces<\/li>\n<li data-start=\"1177\" data-end=\"1212\"><strong data-start=\"1179\" data-end=\"1194\">R\u00e9solution\u00a0:<\/strong> QHD (2560 x 1440)<\/li>\n<li data-start=\"1213\" data-end=\"1240\"><strong data-start=\"1215\" data-end=\"1232\">Fr\u00e9quence de rafra\u00eechissement\u00a0: 165\u00a0Hz<\/li>\n<li data-start=\"1241\" data-end=\"1264\"><strong data-start=\"1243\" data-end=\"1258\">Type de dalle\u00a0: IPS<\/li>\n<li data-start=\"1265\" data-end=\"1299\"><strong data-start=\"1267\" data-end=\"1278\">Finition\u00a0: Mat (antireflet)<\/li>\n<li data-start=\"1300\" data-end=\"1323\"><strong data-start=\"1302\" data-end=\"1318\">\u00c9cran tactile\u00a0: Non<\/li>\n<li data-start=\"1324\" data-end=\"1349\"><strong data-start=\"1326\" data-end=\"1340\">Connecteur\u00a0: 40 broches<\/li>\n<li data-start=\"1350\" data-end=\"1380\"><strong data-start=\"1352\" data-end=\"1365\">Supports\u00a0: non inclus<\/li>\n<li data-start=\"1381\" data-end=\"1432\"><strong data-start=\"1383\" data-end=\"1400\">Installation\u00a0: bandes autocollantes incluses<\/li>\n<li data-start=\"1433\" data-end=\"1455\"><strong data-start=\"1435\" data-end=\"1449\">\u00c9tat\u00a0: neuf<\/li>\n<\/ul>\n<p data-start=\"1457\" data-end=\"1549\" data-is-last-node=\"\" data-is-only-node=\"\">Parfait pour les joueurs, les designers, et les professionnels \u00e0 la recherche d&rsquo;une mise \u00e0 niveau d&rsquo;affichage de haute qualit\u00e9.<\/p>\n","protected":false},"excerpt":{"rendered":"<p>\u00c9cran LCD 15,6&Prime; QHD (2560 x 1440) neuf pour ASUS ROG Zephyrus GA503RM. Il dispose d&rsquo;un taux de rafra\u00eechissement de 165 Hz, d&rsquo;une dalle IPS pour des couleurs \u00e9clatantes et d&rsquo;une finition mate pour r\u00e9duire les reflets. Connecteur 40 broches, non tactile, sans supports. Bandes autocollantes incluses pour une installation facile.<\/p>\n","protected":false},"featured_media":16936,"template":"","meta":[],"product_brand":[],"product_cat":[105,95],"product_tag":[],"class_list":{"0":"post-16880","1":"product","2":"type-product","3":"status-publish","4":"has-post-thumbnail","6":"product_cat-15-6-new-laptop-screens-lcd-panels","7":"product_cat-new-laptop-screens-lcd-panels","9":"first","10":"instock","11":"taxable","12":"shipping-taxable","13":"purchasable","14":"product-type-simple"},"_links":{"self":[{"href":"https:\/\/boreait.com\/fr\/wp-json\/wp\/v2\/product\/16880","targetHints":{"allow":["GET"]}}],"collection":[{"href":"https:\/\/boreait.com\/fr\/wp-json\/wp\/v2\/product"}],"about":[{"href":"https:\/\/boreait.com\/fr\/wp-json\/wp\/v2\/types\/product"}],"wp:featuredmedia":[{"embeddable":true,"href":"https:\/\/boreait.com\/fr\/wp-json\/wp\/v2\/media\/16936"}],"wp:attachment":[{"href":"https:\/\/boreait.com\/fr\/wp-json\/wp\/v2\/media?parent=16880"}],"wp:term":[{"taxonomy":"product_brand","embeddable":true,"href":"https:\/\/boreait.com\/fr\/wp-json\/wp\/v2\/product_brand?post=16880"},{"taxonomy":"product_cat","embeddable":true,"href":"https:\/\/boreait.com\/fr\/wp-json\/wp\/v2\/product_cat?post=16880"},{"taxonomy":"product_tag","embeddable":true,"href":"https:\/\/boreait.com\/fr\/wp-json\/wp\/v2\/product_tag?post=16880"}],"curies":[{"name":"wp","href":"https:\/\/api.w.org\/{rel}","templated":true}]}}