{"id":16878,"date":"2025-09-16T16:41:15","date_gmt":"2025-09-16T14:41:15","guid":{"rendered":"https:\/\/boreait.com\/fr\/?post_type=product&#038;p=16878"},"modified":"2025-09-16T16:42:59","modified_gmt":"2025-09-16T14:42:59","slug":"ecran-lcd-ips-156-qhd-165-hz-pour-ordinateur-portable-ne156qhm-ny4-ny5-ny2-ny3-mat-40-broches","status":"publish","type":"product","link":"https:\/\/boreait.com\/fr\/produit\/ecran-lcd-ips-156-qhd-165-hz-pour-ordinateur-portable-ne156qhm-ny4-ny5-ny2-ny3-mat-40-broches\/","title":{"rendered":"\u00c9cran LCD IPS 15,6&Prime; QHD 165 Hz pour ordinateur portable NE156QHM-NY4 NY5 NY2 NY3, mat, 40 broches"},"content":{"rendered":"<p><strong>Mod\u00e8le d&rsquo;\u00e9cran LCD actuel\u00a0: NE156QHM-NY1 v8.2 \u2013 ENTI\u00c8REMENT COMPATIBLE AVEC LES \u00c9CRANS D&rsquo;ORDINATEUR PORTABLE NE156QHM-NY4 NE156QHM-NY5 NE156QHM-NY2 NE156QHM-NY3<\/strong><\/p>\n<p data-start=\"456\" data-end=\"898\">Am\u00e9liorez les performances d&rsquo;affichage de votre ordinateur portable avec cet \u00e9cran LCD IPS QHD (2560 x 1440) de 15,6 pouces de haute qualit\u00e9. Con\u00e7u pour une compatibilit\u00e9 parfaite avec les mod\u00e8les NE156QHM-NY4, NE156QHM-NY5, NE156QHM-NY2 et NE156QHM-NY3, cet \u00e9cran offre un taux de rafra\u00eechissement exceptionnel de 165\u00a0Hz, garantissant des mouvements ultra-fluides pour les jeux et une utilisation professionnelle. La surface mate et non tactile r\u00e9duit les reflets, offrant une exp\u00e9rience visuelle confortable.<\/p>\n<p data-start=\"900\" data-end=\"1262\">Cet \u00e9cran de remplacement est \u00e9quip\u00e9 d&rsquo;un connecteur eDP 40 broches et est livr\u00e9 sans supports sup\u00e9rieur et inf\u00e9rieur. Des bandes autocollantes sont incluses pour une installation facile et s\u00e9curis\u00e9e. Que vous souhaitiez am\u00e9liorer les performances de votre ordinateur portable ou remplacer un \u00e9cran endommag\u00e9, ce tout nouvel \u00e9cran LCD offre des images nettes, des couleurs \u00e9clatantes et une exp\u00e9rience utilisateur r\u00e9active.<\/p>\n<p data-start=\"1264\" data-end=\"1285\"><strong data-start=\"1264\" data-end=\"1283\">Caract\u00e9ristiques\u00a0:<\/strong><\/p>\n<ul data-start=\"1286\" data-end=\"1566\">\n<li data-start=\"1286\" data-end=\"1318\"><strong data-start=\"1288\" data-end=\"1304\">Taille de l&rsquo;\u00e9cran\u00a0:<\/strong> 15,6 pouces<\/li>\n<li data-start=\"1319\" data-end=\"1354\"><strong data-start=\"1321\" data-end=\"1336\">R\u00e9solution\u00a0:<\/strong> QHD 2560 x 1440<\/li>\n<li data-start=\"1355\" data-end=\"1382\"><strong data-start=\"1357\" data-end=\"1374\">Fr\u00e9quence de rafra\u00eechissement\u00a0: 165\u00a0Hz<\/li>\n<li data-start=\"1383\" data-end=\"1406\"><strong data-start=\"1385\" data-end=\"1400\">Type de dalle\u00a0: IPS<\/li>\n<li data-start=\"1407\" data-end=\"1436\"><strong data-start=\"1409\" data-end=\"1423\">Connecteur\u00a0: eDP 40\u00a0broches<\/li>\n<li data-start=\"1437\" data-end=\"1470\"><strong data-start=\"1439\" data-end=\"1451\">Surface\u00a0: mate, non tactile<\/li>\n<li data-start=\"1471\" data-end=\"1537\"><strong data-start=\"1473\" data-end=\"1486\">Montage\u00a0:<\/strong> Sans supports (bandes autocollantes incluses)<\/li>\n<li data-start=\"1538\" data-end=\"1566\"><strong data-start=\"1540\" data-end=\"1554\">\u00c9tat\u00a0:<\/strong> Neuf<\/li>\n<\/ul>\n<p data-start=\"1568\" data-end=\"1658\" data-is-last-node=\"\" data-is-only-node=\"\">Am\u00e9liorez votre \u00e9cran d\u00e8s aujourd&rsquo;hui pour une exp\u00e9rience visuelle plus nette, plus fluide et plus immersive\u00a0!<\/p>\n","protected":false},"excerpt":{"rendered":"<p>Am\u00e9liorez l&rsquo;\u00e9cran de votre ordinateur portable avec cet \u00e9cran IPS QHD (2560 x 1440) de 15,6 pouces, dot\u00e9 d&rsquo;un taux de rafra\u00eechissement de 165 Hz pour des images ultra-fluides. Il est dot\u00e9 d&rsquo;une finition mate non tactile et d&rsquo;un connecteur 40 broches. Des bandes autocollantes sont incluses pour une installation facile. Compatible avec les mod\u00e8les NE156QHM-NY4, NY5, NY2 et NY3.<\/p>\n","protected":false},"featured_media":16936,"template":"","meta":[],"product_brand":[],"product_cat":[105,95],"product_tag":[],"class_list":{"0":"post-16878","1":"product","2":"type-product","3":"status-publish","4":"has-post-thumbnail","6":"product_cat-15-6-new-laptop-screens-lcd-panels","7":"product_cat-new-laptop-screens-lcd-panels","9":"first","10":"instock","11":"taxable","12":"shipping-taxable","13":"purchasable","14":"product-type-simple"},"_links":{"self":[{"href":"https:\/\/boreait.com\/fr\/wp-json\/wp\/v2\/product\/16878","targetHints":{"allow":["GET"]}}],"collection":[{"href":"https:\/\/boreait.com\/fr\/wp-json\/wp\/v2\/product"}],"about":[{"href":"https:\/\/boreait.com\/fr\/wp-json\/wp\/v2\/types\/product"}],"wp:featuredmedia":[{"embeddable":true,"href":"https:\/\/boreait.com\/fr\/wp-json\/wp\/v2\/media\/16936"}],"wp:attachment":[{"href":"https:\/\/boreait.com\/fr\/wp-json\/wp\/v2\/media?parent=16878"}],"wp:term":[{"taxonomy":"product_brand","embeddable":true,"href":"https:\/\/boreait.com\/fr\/wp-json\/wp\/v2\/product_brand?post=16878"},{"taxonomy":"product_cat","embeddable":true,"href":"https:\/\/boreait.com\/fr\/wp-json\/wp\/v2\/product_cat?post=16878"},{"taxonomy":"product_tag","embeddable":true,"href":"https:\/\/boreait.com\/fr\/wp-json\/wp\/v2\/product_tag?post=16878"}],"curies":[{"name":"wp","href":"https:\/\/api.w.org\/{rel}","templated":true}]}}