{"id":16869,"date":"2025-09-16T16:40:52","date_gmt":"2025-09-16T14:40:52","guid":{"rendered":"https:\/\/boreait.com\/fr\/?post_type=product&#038;p=16869"},"modified":"2025-09-16T16:42:54","modified_gmt":"2025-09-16T14:42:54","slug":"touche-de-remplacement-pour-clavier-samsung-chromebook-xe303c12-303c","status":"publish","type":"product","link":"https:\/\/boreait.com\/fr\/produit\/touche-de-remplacement-pour-clavier-samsung-chromebook-xe303c12-303c\/","title":{"rendered":"Touche de remplacement pour clavier Samsung Chromebook XE303C12\/303C"},"content":{"rendered":"<p data-start=\"578\" data-end=\"872\">Remplacez une <strong data-start=\"607\" data-end=\"623\">touche de clavier<\/strong> manquante ou endommag\u00e9e sur votre <strong data-start=\"632\" data-end=\"670\">Samsung Chromebook XE303C12 \/ 303C<\/strong> par cette authentique <strong data-start=\"689\" data-end=\"714\">cl\u00e9 individuelle unique<\/strong>. Que votre touche soit cass\u00e9e, us\u00e9e ou manquante, cette touche de rechange restaurera la fonctionnalit\u00e9 de votre clavier sans n\u00e9cessiter un remplacement complet.<\/p>\n<p data-start=\"874\" data-end=\"1278\">\ud83d\udd39 <strong data-start=\"877\" data-end=\"894\">Caract\u00e9ristiques principales\u00a0:<\/strong><br data-start=\"894\" data-end=\"897\" \/>\u2714 <strong data-start=\"899\" data-end=\"933\">Cl\u00e9 Samsung Chromebook authentique<\/strong> \u2013 Parfaitement adapt\u00e9e \u00e0 votre ordinateur portable XE303C12 \/ 303C<br data-start=\"977\" data-end=\"980\" \/>\u2714 <strong data-start=\"982\" data-end=\"1014\">Comprend un capuchon de touche, une charni\u00e8re et Cup<\/strong> (sur demande) \u2013 Assure une fonctionnalit\u00e9 compl\u00e8te<br data-start=\"1058\" data-end=\"1061\" \/>\u2714 <strong data-start=\"1063\" data-end=\"1082\">Facile \u00e0 installer<\/strong> \u2013 Il suffit de le clipser (aucun outil requis)<br data-start=\"1130\" data-end=\"1133\" \/>\u2714 <strong data-start=\"1135\" data-end=\"1152\">Ajustement parfait<\/strong> \u2013 M\u00eame couleur et texture que votre clavier d&rsquo;origine<br data-start=\"1203\" data-end=\"1206\" \/>\u2714 <strong data-start=\"1208\" data-end=\"1235\">Solution \u00e9conomique<\/strong> \u2013 Pas besoin de remplacer le clavier entier<\/p>\n<p data-start=\"1280\" data-end=\"1303\">\ud83d\udca1 <strong data-start=\"1283\" data-end=\"1301\">Compatibilit\u00e9\u00a0:<\/strong><\/p>\n<ul data-start=\"1304\" data-end=\"1484\">\n<li data-start=\"1304\" data-end=\"1388\"><strong data-start=\"1306\" data-end=\"1349\">Compatible avec les Chromebooks Samsung XE303C12 \/ 303C<\/strong> (v\u00e9rifiez votre mod\u00e8le avant d&rsquo;acheter)<\/li>\n<li data-start=\"1389\" data-end=\"1484\">Disponible pour <strong data-start=\"1405\" data-end=\"1423\">diff\u00e9rentes cl\u00e9s<\/strong> \u2013 Contactez-nous pour confirmer la disponibilit\u00e9 de votre cl\u00e9 sp\u00e9cifique.<\/li>\n<\/ul>\n<p data-start=\"1486\" data-end=\"1602\">\ud83d\udcf8 <strong data-start=\"1489\" data-end=\"1505\">Photos r\u00e9elles\u00a0:<\/strong> Les images de cette annonce montrent la touche exacte que vous recevrez\u00a0; vous recevrez ce que vous voyez\u00a0!<\/p>\n<p data-start=\"1604\" data-end=\"1714\">\u2753 <strong data-start=\"1606\" data-end=\"1620\">Besoin d&rsquo;aide\u00a0?<\/strong> Nous ne fournissons pas d&rsquo;instructions d&rsquo;installation, mais n&rsquo;h\u00e9sitez pas \u00e0 <strong data-start=\"1682\" data-end=\"1696\">nous contacter par message<\/strong> pour obtenir de l&rsquo;aide.<\/p>\n<p data-start=\"1716\" data-end=\"1798\">\ud83d\udce6 <strong data-start=\"1719\" data-end=\"1747\">Livraison rapide dans le monde entier\u00a0!<\/strong> Retrouvez l&rsquo;apparence et les fonctionnalit\u00e9s de votre clavier d\u00e8s aujourd&rsquo;hui.<\/p>\n","protected":false},"excerpt":{"rendered":"<p>Vous avez perdu ou endommag\u00e9 une touche de votre <strong data-start=\"357\" data-end=\"395\">Samsung Chromebook XE303C12 \/ 303C<\/strong>\u00a0? Procurez-vous une <strong data-start=\"403\" data-end=\"438\">touche de clavier individuelle authentique<\/strong> de remplacement. <strong data-start=\"452\" data-end=\"495\">Photos r\u00e9elles\u00a0: vous recevrez la cl\u00e9 exacte\u00a0!<\/strong><\/p>\n","protected":false},"featured_media":16927,"template":"","meta":[],"product_brand":[],"product_cat":[60],"product_tag":[],"class_list":{"0":"post-16869","1":"product","2":"type-product","3":"status-publish","4":"has-post-thumbnail","6":"product_cat-individual-keyboard-keys","8":"first","9":"instock","10":"taxable","11":"shipping-taxable","12":"purchasable","13":"product-type-simple"},"_links":{"self":[{"href":"https:\/\/boreait.com\/fr\/wp-json\/wp\/v2\/product\/16869","targetHints":{"allow":["GET"]}}],"collection":[{"href":"https:\/\/boreait.com\/fr\/wp-json\/wp\/v2\/product"}],"about":[{"href":"https:\/\/boreait.com\/fr\/wp-json\/wp\/v2\/types\/product"}],"wp:featuredmedia":[{"embeddable":true,"href":"https:\/\/boreait.com\/fr\/wp-json\/wp\/v2\/media\/16927"}],"wp:attachment":[{"href":"https:\/\/boreait.com\/fr\/wp-json\/wp\/v2\/media?parent=16869"}],"wp:term":[{"taxonomy":"product_brand","embeddable":true,"href":"https:\/\/boreait.com\/fr\/wp-json\/wp\/v2\/product_brand?post=16869"},{"taxonomy":"product_cat","embeddable":true,"href":"https:\/\/boreait.com\/fr\/wp-json\/wp\/v2\/product_cat?post=16869"},{"taxonomy":"product_tag","embeddable":true,"href":"https:\/\/boreait.com\/fr\/wp-json\/wp\/v2\/product_tag?post=16869"}],"curies":[{"name":"wp","href":"https:\/\/api.w.org\/{rel}","templated":true}]}}