{"id":16857,"date":"2025-09-16T16:40:25","date_gmt":"2025-09-16T14:40:25","guid":{"rendered":"https:\/\/boreait.com\/fr\/?post_type=product&#038;p=16857"},"modified":"2026-02-08T12:48:13","modified_gmt":"2026-02-08T11:48:13","slug":"boitier-et-cache-pour-disque-dur-dell-latitude-e6400-et-e6410-piece-dorigine-pour-ordinateur-portable","status":"publish","type":"product","link":"https:\/\/boreait.com\/fr\/produit\/boitier-et-cache-pour-disque-dur-dell-latitude-e6400-et-e6410-piece-dorigine-pour-ordinateur-portable\/","title":{"rendered":"Bo\u00eetier et cache pour disque dur Dell Latitude E6400 et E6410 \u2013 Pi\u00e8ce d&rsquo;origine pour ordinateur portable"},"content":{"rendered":"<p data-start=\"631\" data-end=\"873\">Prot\u00e9gez le disque dur de votre ordinateur portable avec ce <strong data-start=\"687\" data-end=\"757\">couvercle de disque dur et support de disque dur Dell Latitude E6400 \/ E6410 authentique<\/strong>. Que vous remplaciez une pi\u00e8ce perdue ou endommag\u00e9e, cette <strong data-start=\"813\" data-end=\"832\">pi\u00e8ce de rechange OEM<\/strong> garantit un ajustement et une compatibilit\u00e9 parfaits.<\/p>\n<p data-start=\"875\" data-end=\"1218\">\ud83d\udd39 <strong data-start=\"878\" data-end=\"895\">Caract\u00e9ristiques principales\u00a0:<\/strong><br data-start=\"895\" data-end=\"898\" \/>\u2714 <strong data-start=\"900\" data-end=\"922\">Pi\u00e8ce Dell d&rsquo;origine<\/strong> \u2013 Con\u00e7ue sp\u00e9cifiquement pour Dell Latitude <strong data-start=\"965\" data-end=\"982\">E6400 \/ E6410<\/strong><br data-start=\"982\" data-end=\"985\" \/>\u2714 <strong data-start=\"987\" data-end=\"1017\">Cache disque dur et Caddie inclus<\/strong> \u2013 Tout ce dont vous avez besoin pour s\u00e9curiser votre disque dur<br data-start=\"1065\" data-end=\"1068\" \/>\u2714 <strong data-start=\"1070\" data-end=\"1094\">Durable et Ajustement s\u00e9curis\u00e9<\/strong> \u2013 Maintient votre disque dur en place et le prot\u00e8ge<br data-start=\"1134\" data-end=\"1137\" \/>\u2714 <strong data-start=\"1139\" data-end=\"1160\">Installation facile<\/strong> \u2013 Remplacement sans souci gr\u00e2ce aux points de fixation standard<\/p>\n<p data-start=\"1220\" data-end=\"1243\">\ud83d\udca1 <strong data-start=\"1223\" data-end=\"1241\">Compatibilit\u00e9\u00a0:<\/strong><\/p>\n<ul data-start=\"1244\" data-end=\"1331\">\n<li data-start=\"1244\" data-end=\"1279\"><strong data-start=\"1246\" data-end=\"1277\">Dell Latitude E6400 \/ E6410<\/strong><\/li>\n<li data-start=\"1280\" data-end=\"1331\">Prend en charge les <strong data-start=\"1291\" data-end=\"1316\">disques durs SATA 2,5&Prime;<\/strong> (HDD ou SSD)<\/li>\n<\/ul>\n<p data-start=\"1333\" data-end=\"1438\">\ud83d\udcf8 <strong data-start=\"1336\" data-end=\"1352\">Photos r\u00e9elles\u00a0:<\/strong> Les images de cette annonce montrent l&rsquo;<strong data-start=\"1389\" data-end=\"1403\">article exact<\/strong> que vous recevrez\u00a0\u2013 pas de surprise\u00a0!<\/p>\n<p data-start=\"1440\" data-end=\"1587\">\u2753 <strong data-start=\"1442\" data-end=\"1456\">Besoin d&rsquo;aide\u00a0?<\/strong> Nous ne fournissons pas d&rsquo;instructions d&rsquo;installation, mais n&rsquo;h\u00e9sitez pas \u00e0 <strong data-start=\"1518\" data-end=\"1532\">nous contacter par message<\/strong> Si vous avez besoin d&rsquo;aide avant ou apr\u00e8s votre achat.<\/p>\n<p data-start=\"1589\" data-end=\"1711\">\ud83d\udce6 <strong data-start=\"1592\" data-end=\"1620\">Livraison rapide dans le monde entier\u00a0!<\/strong> Retrouvez votre ordinateur portable en parfait \u00e9tat gr\u00e2ce \u00e0 ce <strong data-start=\"1665\" data-end=\"1708\">caddy et housse de disque dur Dell authentiques<\/strong>.<\/p>\n","protected":false},"excerpt":{"rendered":"<p>Remplacez votre <strong data-start=\"357\" data-end=\"417\">couvercle et support de disque dur Dell Latitude E6400\/E6410<\/strong> manquant ou endommag\u00e9 par cette <strong data-start=\"428\" data-end=\"448\">pi\u00e8ce d&rsquo;origine OEM<\/strong>. Elle assure un maintien s\u00fbr et optimal de votre disque dur. <strong data-start=\"501\" data-end=\"548\">Photos r\u00e9elles\u00a0: ce que vous voyez est ce que vous obtenez\u00a0!<\/strong><\/p>\n","protected":false},"featured_media":16924,"template":"","meta":[],"product_brand":[],"product_cat":[52],"product_tag":[],"class_list":{"0":"post-16857","1":"product","2":"type-product","3":"status-publish","4":"has-post-thumbnail","6":"product_cat-laptop-housing","8":"first","9":"instock","10":"taxable","11":"shipping-taxable","12":"purchasable","13":"product-type-simple"},"_links":{"self":[{"href":"https:\/\/boreait.com\/fr\/wp-json\/wp\/v2\/product\/16857","targetHints":{"allow":["GET"]}}],"collection":[{"href":"https:\/\/boreait.com\/fr\/wp-json\/wp\/v2\/product"}],"about":[{"href":"https:\/\/boreait.com\/fr\/wp-json\/wp\/v2\/types\/product"}],"wp:featuredmedia":[{"embeddable":true,"href":"https:\/\/boreait.com\/fr\/wp-json\/wp\/v2\/media\/16924"}],"wp:attachment":[{"href":"https:\/\/boreait.com\/fr\/wp-json\/wp\/v2\/media?parent=16857"}],"wp:term":[{"taxonomy":"product_brand","embeddable":true,"href":"https:\/\/boreait.com\/fr\/wp-json\/wp\/v2\/product_brand?post=16857"},{"taxonomy":"product_cat","embeddable":true,"href":"https:\/\/boreait.com\/fr\/wp-json\/wp\/v2\/product_cat?post=16857"},{"taxonomy":"product_tag","embeddable":true,"href":"https:\/\/boreait.com\/fr\/wp-json\/wp\/v2\/product_tag?post=16857"}],"curies":[{"name":"wp","href":"https:\/\/api.w.org\/{rel}","templated":true}]}}