{"id":16851,"date":"2025-09-16T16:40:01","date_gmt":"2025-09-16T14:40:01","guid":{"rendered":"https:\/\/boreait.com\/fr\/?post_type=product&#038;p=16851"},"modified":"2025-09-16T16:42:40","modified_gmt":"2025-09-16T14:42:40","slug":"charnieres-gauche-et-droite-pour-ordinateur-portable-acer-nitro-5-an515-52-an515-42-n17c1","status":"publish","type":"product","link":"https:\/\/boreait.com\/fr\/produit\/charnieres-gauche-et-droite-pour-ordinateur-portable-acer-nitro-5-an515-52-an515-42-n17c1\/","title":{"rendered":"Charni\u00e8res gauche et droite pour ordinateur portable Acer Nitro 5 AN515-52 AN515-42 N17C1"},"content":{"rendered":"<p data-start=\"609\" data-end=\"822\">Donnez une nouvelle vie \u00e0 votre <strong data-start=\"619\" data-end=\"663\">Acer Nitro 5 AN515-52 \/ AN515-42 (N17C1)<\/strong> avec cet <strong data-start=\"685\" data-end=\"713\">ensemble de charni\u00e8res pour ordinateur portable authentique<\/strong>. Si votre \u00e9cran est instable, bancal ou ne tient pas en place, remplacer les charni\u00e8res est la solution id\u00e9ale.<\/p>\n<p data-start=\"824\" data-end=\"1125\">\ud83d\udd39 <strong data-start=\"827\" data-end=\"844\">Principales caract\u00e9ristiques\u00a0:<\/strong><br data-start=\"844\" data-end=\"847\" \/>\u2714 <strong data-start=\"849\" data-end=\"872\">Charni\u00e8res Acer d&rsquo;origine<\/strong> \u2013 Con\u00e7ues sp\u00e9cifiquement pour les mod\u00e8les Nitro 5<br data-start=\"915\" data-end=\"918\" \/>\u2714 <strong data-start=\"920\" data-end=\"940\">Ensemble gauche et droite<\/strong> \u2013 Remplacement complet des deux charni\u00e8res<br data-start=\"979\" data-end=\"982\" \/>\u2714 <strong data-start=\"984\" data-end=\"1014\">Durable et Fonctionnement fluide<\/strong> \u2013 Assure une bonne stabilit\u00e9 de l&rsquo;\u00e9cran<br data-start=\"1048\" data-end=\"1051\" \/>\u2714 <strong data-start=\"1053\" data-end=\"1080\">Ajustement OEM et Compatibilit\u00e9\u00a0: Aucune modification n\u00e9cessaire, installation facile.<\/p>\n<p data-start=\"1127\" data-end=\"1150\">\ud83d\udca1 <strong data-start=\"1130\" data-end=\"1148\">Compatibilit\u00e9\u00a0:<\/strong><\/p>\n<ul data-start=\"1151\" data-end=\"1277\">\n<li data-start=\"1151\" data-end=\"1201\"><strong data-start=\"1153\" data-end=\"1162\">Compatible avec\u00a0:<\/strong> Acer Nitro 5 <strong data-start=\"1176\" data-end=\"1199\">AN515-52 \/ AN515-42<\/strong><\/li>\n<li data-start=\"1202\" data-end=\"1227\"><strong data-start=\"1204\" data-end=\"1219\">Mod\u00e8le Code\u00a0: N17C1\n<li data-start=\"1228\" data-end=\"1277\"><strong data-start=\"1230\" data-end=\"1257\">V\u00e9rifiez le mod\u00e8le de votre ordinateur portable<\/strong> avant d&rsquo;acheter.<\/li>\n<\/ul>\n<p data-start=\"1279\" data-end=\"1378\">\ud83d\udcf8 <strong data-start=\"1282\" data-end=\"1298\">Photos r\u00e9elles\u00a0:<\/strong> Les images de cette annonce montrent l&rsquo;article exact que vous recevrez\u00a0; aucune surprise\u00a0!<\/p>\n<p data-start=\"1380\" data-end=\"1534\">\u2753 <strong data-start=\"1382\" data-end=\"1396\">Besoin d&rsquo;aide\u00a0?<\/strong> Bien que nous ne fournissions pas d&rsquo;instructions d&rsquo;installation, n&rsquo;h\u00e9sitez pas \u00e0 <strong data-start=\"1460\" data-end=\"1474\">nous contacter par message<\/strong> si besoin. Pour toute assistance avant ou apr\u00e8s votre achat.<\/p>\n<p data-start=\"1536\" data-end=\"1650\">\ud83d\udce6 <strong data-start=\"1539\" data-end=\"1567\">Livraison rapide dans le monde entier\u00a0!<\/strong> Retrouvez un ordinateur portable comme neuf gr\u00e2ce \u00e0 ces <strong data-start=\"1612\" data-end=\"1647\">charni\u00e8res de rechange de haute qualit\u00e9<\/strong>.<\/p>\n","protected":false},"excerpt":{"rendered":"<p>Restaurez votre ordinateur portable <strong data-start=\"320\" data-end=\"364\">Acer Nitro 5 AN515-52 \/ AN515-42 (N17C1)<\/strong> avec cet <strong data-start=\"382\" data-end=\"403\">jeu de charni\u00e8res d&rsquo;origine<\/strong>. Comprend des <strong data-start=\"414\" data-end=\"437\">charni\u00e8res gauche et droite<\/strong> pour un mouvement d&rsquo;\u00e9cran fluide et s\u00e9curis\u00e9. <strong data-start=\"479\" data-end=\"526\">Photos r\u00e9elles\u00a0: ce que vous voyez est ce que vous obtenez\u00a0!<\/strong><\/p>\n","protected":false},"featured_media":16923,"template":"","meta":[],"product_brand":[],"product_cat":[55],"product_tag":[65],"class_list":{"0":"post-16851","1":"product","2":"type-product","3":"status-publish","4":"has-post-thumbnail","6":"product_cat-screen-hinge","7":"product_tag-acer","9":"first","10":"instock","11":"taxable","12":"shipping-taxable","13":"purchasable","14":"product-type-simple"},"_links":{"self":[{"href":"https:\/\/boreait.com\/fr\/wp-json\/wp\/v2\/product\/16851","targetHints":{"allow":["GET"]}}],"collection":[{"href":"https:\/\/boreait.com\/fr\/wp-json\/wp\/v2\/product"}],"about":[{"href":"https:\/\/boreait.com\/fr\/wp-json\/wp\/v2\/types\/product"}],"wp:featuredmedia":[{"embeddable":true,"href":"https:\/\/boreait.com\/fr\/wp-json\/wp\/v2\/media\/16923"}],"wp:attachment":[{"href":"https:\/\/boreait.com\/fr\/wp-json\/wp\/v2\/media?parent=16851"}],"wp:term":[{"taxonomy":"product_brand","embeddable":true,"href":"https:\/\/boreait.com\/fr\/wp-json\/wp\/v2\/product_brand?post=16851"},{"taxonomy":"product_cat","embeddable":true,"href":"https:\/\/boreait.com\/fr\/wp-json\/wp\/v2\/product_cat?post=16851"},{"taxonomy":"product_tag","embeddable":true,"href":"https:\/\/boreait.com\/fr\/wp-json\/wp\/v2\/product_tag?post=16851"}],"curies":[{"name":"wp","href":"https:\/\/api.w.org\/{rel}","templated":true}]}}