{"id":16849,"date":"2025-09-16T16:40:00","date_gmt":"2025-09-16T14:40:00","guid":{"rendered":"https:\/\/boreait.com\/fr\/?post_type=product&#038;p=16849"},"modified":"2025-09-16T16:42:28","modified_gmt":"2025-09-16T14:42:28","slug":"disque-dur-wd-500-go-wd5000lpvx-25-sata-mise-a-niveau-du-stockage-pour-ordinateur-portable","status":"publish","type":"product","link":"https:\/\/boreait.com\/fr\/produit\/disque-dur-wd-500-go-wd5000lpvx-25-sata-mise-a-niveau-du-stockage-pour-ordinateur-portable\/","title":{"rendered":"Disque dur WD 500 Go WD5000LPVX 2,5 SATA \u2013 Mise \u00e0 niveau du stockage pour ordinateur portable"},"content":{"rendered":"<p data-start=\"568\" data-end=\"809\">100 % SANT\u00c9<\/p>\n<p data-start=\"568\" data-end=\"809\">Optimisez les performances et le stockage de votre ordinateur portable avec ce <strong data-start=\"622\" data-end=\"664\">disque dur Western Digital 500 Go (WD5000LPVX)<\/strong>. Con\u00e7u pour la fiabilit\u00e9 et l&rsquo;efficacit\u00e9, ce <strong data-start=\"712\" data-end=\"740\">disque dur SATA 2,5 pouces<\/strong> est id\u00e9al pour mettre \u00e0 niveau votre syst\u00e8me ou remplacer un disque endommag\u00e9.<\/p>\n<p data-start=\"811\" data-end=\"1183\">\ud83d\udd39 <strong data-start=\"814\" data-end=\"831\">Caract\u00e9ristiques principales\u00a0:<\/strong><br data-start=\"831\" data-end=\"834\" \/>\u2714 <strong data-start=\"836\" data-end=\"867\">Marque\u00a0: Western Digital (WD)<\/strong> \u2013 Performances et fiabilit\u00e9 reconnues Durabilit\u00e9<br data-start=\"906\" data-end=\"909\" \/>\u2714 <strong data-start=\"911\" data-end=\"932\">Mod\u00e8le\u00a0: WD5000LPVX<\/strong> \u2013 Capacit\u00e9 de stockage de 500\u00a0Go pour une utilisation quotidienne<br data-start=\"974\" data-end=\"977\" \/>\u2714 <strong data-start=\"979\" data-end=\"1002\">Interface SATA 2,5\u00a0pouces<\/strong> \u2013 Compatible avec la plupart des ordinateurs portables<br data-start=\"1034\" data-end=\"1037\" \/>\u2714 <strong data-start=\"1039\" data-end=\"1069\">Vitesse de 5\u00a0400\u00a0tr\/min et 8\u00a0Mo de cache<\/strong> \u2013 Transferts de donn\u00e9es fluides et performances fiables<br data-start=\"1118\" data-end=\"1121\" \/>\u2714 <strong data-start=\"1123\" data-end=\"1143\">\u00c9nergie Efficace &#8211; Optimis\u00e9 pour une faible consommation d&rsquo;\u00e9nergie.<\/p>\n<p data-start=\"1185\" data-end=\"1208\">\ud83d\udca1 <strong data-start=\"1188\" data-end=\"1206\">Compatibilit\u00e9\u00a0:<\/strong><\/p>\n<ul data-start=\"1209\" data-end=\"1391\">\n<li data-start=\"1209\" data-end=\"1287\">Fonctionne avec la plupart des <strong data-start=\"1227\" data-end=\"1252\">ordinateurs portables et notebooks<\/strong> \u00e9quip\u00e9s d&rsquo;un <strong data-start=\"1261\" data-end=\"1285\">disque dur SATA 2,5&Prime;<\/strong><\/li>\n<li data-start=\"1288\" data-end=\"1391\">Convient \u00e9galement aux <strong data-start=\"1308\" data-end=\"1351\">bo\u00eetiers externes et aux consoles de jeu Consoles (V\u00e9rifiez la compatibilit\u00e9 avant l&rsquo;achat)\n<\/ul>\n<p data-start=\"1393\" data-end=\"1502\">\ud83d\udcf8 <strong data-start=\"1396\" data-end=\"1412\">Photos r\u00e9elles\u00a0:<\/strong> Les photos de cette annonce montrent le disque dur exact que vous recevrez\u00a0; aucune surprise\u00a0!<\/p>\n<p data-start=\"1504\" data-end=\"1624\">\u2753 <strong data-start=\"1506\" data-end=\"1520\">Besoin d&rsquo;aide\u00a0?<\/strong> Bien que nous ne fournissions pas d&rsquo;instructions d&rsquo;installation, n&rsquo;h\u00e9sitez pas \u00e0 <strong data-start=\"1584\" data-end=\"1598\">nous contacter par message<\/strong> si vous avez besoin d&rsquo;aide.<\/p>\n<p data-start=\"1626\" data-end=\"1736\">\ud83d\udce6 <strong data-start=\"1629\" data-end=\"1657\">Exp\u00e9dition rapide dans le monde entier Exp\u00e9dition\u00a0!<\/strong> Obtenez votre <strong data-start=\"1667\" data-end=\"1683\">disque dur WD 500\u00a0Go<\/strong> aujourd&rsquo;hui et restaurez ou augmentez le stockage de votre ordinateur portable.<\/p>\n","protected":false},"excerpt":{"rendered":"<p>Am\u00e9liorez votre ordinateur portable avec ce disque dur SATA 2,5&Prime; Western Digital (WD5000LPVX) de 500 Go. Id\u00e9al pour \u00e9tendre votre stockage ou remplacer un disque d\u00e9fectueux. <strong data-start=\"438\" data-end=\"485\">Photos r\u00e9elles\u00a0: ce que vous voyez est ce que vous obtenez\u00a0!<\/strong><\/p>\n","protected":false},"featured_media":16915,"template":"","meta":[],"product_brand":[],"product_cat":[85,67],"product_tag":[],"class_list":{"0":"post-16849","1":"product","2":"type-product","3":"status-publish","4":"has-post-thumbnail","6":"product_cat-2-5-hdd","7":"product_cat-ssd-hdd-drives","9":"first","10":"instock","11":"taxable","12":"shipping-taxable","13":"purchasable","14":"product-type-simple"},"_links":{"self":[{"href":"https:\/\/boreait.com\/fr\/wp-json\/wp\/v2\/product\/16849","targetHints":{"allow":["GET"]}}],"collection":[{"href":"https:\/\/boreait.com\/fr\/wp-json\/wp\/v2\/product"}],"about":[{"href":"https:\/\/boreait.com\/fr\/wp-json\/wp\/v2\/types\/product"}],"wp:featuredmedia":[{"embeddable":true,"href":"https:\/\/boreait.com\/fr\/wp-json\/wp\/v2\/media\/16915"}],"wp:attachment":[{"href":"https:\/\/boreait.com\/fr\/wp-json\/wp\/v2\/media?parent=16849"}],"wp:term":[{"taxonomy":"product_brand","embeddable":true,"href":"https:\/\/boreait.com\/fr\/wp-json\/wp\/v2\/product_brand?post=16849"},{"taxonomy":"product_cat","embeddable":true,"href":"https:\/\/boreait.com\/fr\/wp-json\/wp\/v2\/product_cat?post=16849"},{"taxonomy":"product_tag","embeddable":true,"href":"https:\/\/boreait.com\/fr\/wp-json\/wp\/v2\/product_tag?post=16849"}],"curies":[{"name":"wp","href":"https:\/\/api.w.org\/{rel}","templated":true}]}}