{"id":16840,"date":"2025-09-16T16:39:36","date_gmt":"2025-09-16T14:39:36","guid":{"rendered":"https:\/\/boreait.com\/fr\/?post_type=product&#038;p=16840"},"modified":"2025-09-16T16:42:20","modified_gmt":"2025-09-16T14:42:20","slug":"cadre-superieur-de-clavier-apache-msi-ge60-2-pieces-piece-de-rechange-dorigine-pour-ordinateur-portable","status":"publish","type":"product","link":"https:\/\/boreait.com\/fr\/produit\/cadre-superieur-de-clavier-apache-msi-ge60-2-pieces-piece-de-rechange-dorigine-pour-ordinateur-portable\/","title":{"rendered":"Cadre sup\u00e9rieur de clavier Apache MSI GE60 (2 pi\u00e8ces) \u2013 Pi\u00e8ce de rechange d&rsquo;origine pour ordinateur portable"},"content":{"rendered":"<p data-start=\"545\" data-end=\"737\">Vous recherchez une <strong data-start=\"571\" data-end=\"595\">bande sup\u00e9rieure de clavier<\/strong> de remplacement pour votre ordinateur portable <strong data-start=\"605\" data-end=\"628\">MSI GE60 2PC Apache<\/strong>\u00a0? Cette <strong data-start=\"642\" data-end=\"662\">pi\u00e8ce d&rsquo;origine OEM<\/strong> garantit un ajustement parfait et redonne \u00e0 votre ordinateur portable son aspect d&rsquo;origine.<\/p>\n<p data-start=\"739\" data-end=\"1053\">\ud83d\udd39 <strong data-start=\"742\" data-end=\"759\">Caract\u00e9ristiques principales\u00a0:<\/strong><br data-start=\"759\" data-end=\"762\" \/>\u2714 <strong data-start=\"764\" data-end=\"785\">Pi\u00e8ce d&rsquo;origine MSI<\/strong> \u2013 Con\u00e7ue pour un ajustement parfait et une durabilit\u00e9 optimale.<br data-start=\"830\" data-end=\"833\" \/>\u2714 <strong data-start=\"835\" data-end=\"870\">Ajustement parfait pour GE60 2PC Apache<\/strong> \u2013 Respecte le design d&rsquo;origine de votre ordinateur portable.<br data-start=\"910\" data-end=\"913\" \/>\u2714 <strong data-start=\"915\" data-end=\"950\">Indispensable pour l&rsquo;assemblage du clavier<\/strong> \u2013 Permet de fixer et d&rsquo;aligner correctement le clavier.<br data-start=\"998\" data-end=\"1001\" \/>\u2714 <strong data-start=\"1003\" data-end=\"1025\">Construction de haute qualit\u00e9<\/strong> \u2013 Robuste et durable.<\/p>\n<p data-start=\"1055\" data-end=\"1078\">\ud83d\udca1 <strong data-start=\"1058\" data-end=\"1076\">Compatibilit\u00e9\u00a0:<\/strong><\/p>\n<ul data-start=\"1079\" data-end=\"1246\">\n<li data-start=\"1079\" data-end=\"1176\">Sp\u00e9cialement con\u00e7u pour le <strong data-start=\"1107\" data-end=\"1130\">MSI GE60 2PC Apache<\/strong> (V\u00e9rifiez votre (Veuillez v\u00e9rifier le mod\u00e8le d&rsquo;ordinateur portable avant l&rsquo;achat)<\/li>\n<li data-start=\"1177\" data-end=\"1246\">Peut \u00e9galement \u00eatre compatible avec d&rsquo;autres mod\u00e8les de la <strong data-start=\"1198\" data-end=\"1213\">s\u00e9rie GE60<\/strong> (\u00e0 confirmer avant l&rsquo;achat)<\/li>\n<\/ul>\n<p data-start=\"1248\" data-end=\"1344\">\ud83d\udcf8 <strong data-start=\"1251\" data-end=\"1267\">Photos r\u00e9elles\u00a0:<\/strong> Les images du produit montrent la pi\u00e8ce exacte que vous recevrez\u00a0; aucune photo d&rsquo;archive\u00a0!<\/p>\n<p data-start=\"1346\" data-end=\"1505\">\u2753 <strong data-start=\"1348\" data-end=\"1362\">Besoin d&rsquo;aide\u00a0?<\/strong> Bien que nous ne fournissions pas d&rsquo;instructions d&rsquo;installation, n&rsquo;h\u00e9sitez pas \u00e0 <strong data-start=\"1426\" data-end=\"1440\">nous contacter<\/strong> si vous avez des questions. Concernant la compatibilit\u00e9 ou l&rsquo;installation.<\/p>\n<p data-start=\"1507\" data-end=\"1618\">\ud83d\udce6 <strong data-start=\"1510\" data-end=\"1538\">Livraison rapide dans le monde entier\u00a0!<\/strong> Redonnez vie \u00e0 votre ordinateur portable avec cette <strong data-start=\"1579\" data-end=\"1615\">bande sup\u00e9rieure de clavier MSI d&rsquo;origine<\/strong>.<\/p>\n","protected":false},"excerpt":{"rendered":"<p>Remplacez votre <strong data-start=\"330\" data-end=\"374\">bande sup\u00e9rieure de clavier MSI GE60 2PC Apache<\/strong> endommag\u00e9e par cette <strong data-start=\"385\" data-end=\"413\">pi\u00e8ce de rechange d&rsquo;origine<\/strong>. <strong data-start=\"415\" data-end=\"462\">Photos r\u00e9elles\u00a0: ce que vous voyez est ce que vous obtenez\u00a0!<\/strong><\/p>\n","protected":false},"featured_media":16912,"template":"","meta":[],"product_brand":[],"product_cat":[52],"product_tag":[82],"class_list":{"0":"post-16840","1":"product","2":"type-product","3":"status-publish","4":"has-post-thumbnail","6":"product_cat-laptop-housing","7":"product_tag-msi","9":"first","10":"instock","11":"taxable","12":"shipping-taxable","13":"purchasable","14":"product-type-simple"},"_links":{"self":[{"href":"https:\/\/boreait.com\/fr\/wp-json\/wp\/v2\/product\/16840","targetHints":{"allow":["GET"]}}],"collection":[{"href":"https:\/\/boreait.com\/fr\/wp-json\/wp\/v2\/product"}],"about":[{"href":"https:\/\/boreait.com\/fr\/wp-json\/wp\/v2\/types\/product"}],"wp:featuredmedia":[{"embeddable":true,"href":"https:\/\/boreait.com\/fr\/wp-json\/wp\/v2\/media\/16912"}],"wp:attachment":[{"href":"https:\/\/boreait.com\/fr\/wp-json\/wp\/v2\/media?parent=16840"}],"wp:term":[{"taxonomy":"product_brand","embeddable":true,"href":"https:\/\/boreait.com\/fr\/wp-json\/wp\/v2\/product_brand?post=16840"},{"taxonomy":"product_cat","embeddable":true,"href":"https:\/\/boreait.com\/fr\/wp-json\/wp\/v2\/product_cat?post=16840"},{"taxonomy":"product_tag","embeddable":true,"href":"https:\/\/boreait.com\/fr\/wp-json\/wp\/v2\/product_tag?post=16840"}],"curies":[{"name":"wp","href":"https:\/\/api.w.org\/{rel}","templated":true}]}}