{"id":16839,"date":"2025-09-16T16:39:36","date_gmt":"2025-09-16T14:39:36","guid":{"rendered":"https:\/\/boreait.com\/fr\/?post_type=product&#038;p=16839"},"modified":"2025-09-16T16:42:17","modified_gmt":"2025-09-16T14:42:17","slug":"cable-dalimentation-cc-apache-2-pieces-pour-msi-ge60-reparation-de-port-de-charge-dordinateur-portable-dorigine","status":"publish","type":"product","link":"https:\/\/boreait.com\/fr\/produit\/cable-dalimentation-cc-apache-2-pieces-pour-msi-ge60-reparation-de-port-de-charge-dordinateur-portable-dorigine\/","title":{"rendered":"C\u00e2ble d&rsquo;alimentation CC Apache (2 pi\u00e8ces) pour MSI GE60 \u2013 R\u00e9paration de port de charge d&rsquo;ordinateur portable d&rsquo;origine"},"content":{"rendered":"<p data-start=\"603\" data-end=\"673\"><strong data-start=\"606\" data-end=\"671\">C\u00e2ble d&rsquo;alimentation CC pour MSI GE60 2PC Apache \u2013 Remplacement d&rsquo;origine<\/strong><\/p>\n<p data-start=\"675\" data-end=\"922\">Si votre ordinateur portable <strong data-start=\"683\" data-end=\"706\">MSI GE60 2PC Apache<\/strong> rencontre des difficult\u00e9s de charge, un <strong data-start=\"751\" data-end=\"774\">c\u00e2ble d&rsquo;alimentation CC<\/strong> d\u00e9fectueux peut en \u00eatre la cause. Cette <strong data-start=\"800\" data-end=\"833\">pi\u00e8ce de rechange de haute qualit\u00e9<\/strong> restaure la capacit\u00e9 de votre ordinateur portable \u00e0 se charger efficacement et \u00e0 maintenir une connexion stable.<\/p>\n<p data-start=\"924\" data-end=\"1364\">\ud83d\udd39 <strong data-start=\"927\" data-end=\"944\">Caract\u00e9ristiques principales\u00a0:<\/strong><br data-start=\"944\" data-end=\"947\" \/>\u2714 <strong data-start=\"949\" data-end=\"972\">Pi\u00e8ce de rechange d&rsquo;origine<\/strong> \u2013 Sp\u00e9cialement con\u00e7ue pour les ordinateurs portables MSI GE60 2PC Apache<br data-start=\"1028\" data-end=\"1031\" \/>\u2714 <strong data-start=\"1033\" data-end=\"1059\">Durable et Haute qualit\u00e9 \u2013 Assure une connexion \u00e9lectrique stable pour une charge fluide.<br data-start=\"1115\" data-end=\"1118\" \/>\u2714 <strong data-start=\"1120\" data-end=\"1146\">Connecteur pr\u00e9-soud\u00e9<\/strong> \u2013 Pr\u00eat \u00e0 installer pour un remplacement sans tracas.<br data-start=\"1195\" data-end=\"1198\" \/>\u2714 <strong data-start=\"1200\" data-end=\"1215\">Ajustement parfait<\/strong> \u2013 Compatible avec le c\u00e2ble jack CC d&rsquo;origine pour une installation facile.<br data-start=\"1274\" data-end=\"1277\" \/>\u2714 <strong data-start=\"1279\" data-end=\"1301\">Sp\u00e9cifications OEM<\/strong> \u2013 Qualit\u00e9 identique \u00e0 la pi\u00e8ce d&rsquo;origine pour des performances fiables.<\/p>\n<p data-start=\"1366\" data-end=\"1389\">\ud83d\udca1 <strong data-start=\"1369\" data-end=\"1387\">Compatibilit\u00e9\u00a0:<\/strong><\/p>\n<ul data-start=\"1390\" data-end=\"1535\">\n<li data-start=\"1390\" data-end=\"1474\">Con\u00e7u pour le <strong data-start=\"1405\" data-end=\"1428\">MSI GE60 2PC Apache<\/strong> (v\u00e9rifiez le mod\u00e8le de votre ordinateur portable avant l&rsquo;achat)<\/li>\n<li data-start=\"1475\" data-end=\"1535\">C\u00e2ble de charge CC standard <strong data-start=\"1486\" data-end=\"1512\">\u2013 Compatible avec le mod\u00e8le OEM<\/li>\n<\/ul>\n<p data-start=\"1537\" data-end=\"1640\">\ud83d\udcf8 <strong data-start=\"1540\" data-end=\"1556\">Photos r\u00e9elles\u00a0:<\/strong> Le produit Les images sont des photos r\u00e9elles de l&rsquo;article que vous recevrez\u00a0; pas de surprises\u00a0!<\/p>\n<p data-start=\"1642\" data-end=\"1785\">\u2753 <strong data-start=\"1644\" data-end=\"1658\">Besoin d&rsquo;aide\u00a0?<\/strong> Nous ne fournissons pas d&rsquo;instructions d&rsquo;installation, mais vous pouvez <strong data-start=\"1715\" data-end=\"1729\">nous contacter par message<\/strong> si vous avez besoin d&rsquo;aide avant ou apr\u00e8s votre achat.<\/p>\n<p data-start=\"1787\" data-end=\"1898\">\ud83d\udce6 <strong data-start=\"1790\" data-end=\"1818\">Livraison rapide dans le monde entier\u00a0!<\/strong> Remettez votre ordinateur portable MSI en marche avec ce <strong data-start=\"1864\" data-end=\"1895\">c\u00e2ble d&rsquo;alimentation CC d&rsquo;origine<\/strong>.<\/p>\n","protected":false},"excerpt":{"rendered":"<p data-start=\"310\" data-end=\"522\">Remplacez un port de charge endommag\u00e9 par ce <strong data-start=\"352\" data-end=\"403\">c\u00e2ble d&rsquo;alimentation CC Apache MSI GE60 authentique<\/strong>. Ajustement parfait et remplacement de haute qualit\u00e9 pour une alimentation stable. <strong data-start=\"473\" data-end=\"520\">Photos r\u00e9elles\u00a0: ce que vous voyez est ce que vous obtenez\u00a0!<\/strong><\/p>\n","protected":false},"featured_media":16911,"template":"","meta":[],"product_brand":[],"product_cat":[56],"product_tag":[82],"class_list":{"0":"post-16839","1":"product","2":"type-product","3":"status-publish","4":"has-post-thumbnail","6":"product_cat-cables","7":"product_tag-msi","9":"first","10":"instock","11":"taxable","12":"shipping-taxable","13":"purchasable","14":"product-type-simple"},"_links":{"self":[{"href":"https:\/\/boreait.com\/fr\/wp-json\/wp\/v2\/product\/16839","targetHints":{"allow":["GET"]}}],"collection":[{"href":"https:\/\/boreait.com\/fr\/wp-json\/wp\/v2\/product"}],"about":[{"href":"https:\/\/boreait.com\/fr\/wp-json\/wp\/v2\/types\/product"}],"wp:featuredmedia":[{"embeddable":true,"href":"https:\/\/boreait.com\/fr\/wp-json\/wp\/v2\/media\/16911"}],"wp:attachment":[{"href":"https:\/\/boreait.com\/fr\/wp-json\/wp\/v2\/media?parent=16839"}],"wp:term":[{"taxonomy":"product_brand","embeddable":true,"href":"https:\/\/boreait.com\/fr\/wp-json\/wp\/v2\/product_brand?post=16839"},{"taxonomy":"product_cat","embeddable":true,"href":"https:\/\/boreait.com\/fr\/wp-json\/wp\/v2\/product_cat?post=16839"},{"taxonomy":"product_tag","embeddable":true,"href":"https:\/\/boreait.com\/fr\/wp-json\/wp\/v2\/product_tag?post=16839"}],"curies":[{"name":"wp","href":"https:\/\/api.w.org\/{rel}","templated":true}]}}