{"id":16838,"date":"2025-09-16T16:39:35","date_gmt":"2025-09-16T14:39:35","guid":{"rendered":"https:\/\/boreait.com\/fr\/?post_type=product&#038;p=16838"},"modified":"2025-09-16T16:42:15","modified_gmt":"2025-09-16T14:42:15","slug":"cable-decran-lcd-msi-ge60-2-pieces-apache-ms-16gf-edp-piece-dorigine-pour-ordinateur-portable","status":"publish","type":"product","link":"https:\/\/boreait.com\/fr\/produit\/cable-decran-lcd-msi-ge60-2-pieces-apache-ms-16gf-edp-piece-dorigine-pour-ordinateur-portable\/","title":{"rendered":"C\u00e2ble d&rsquo;\u00e9cran LCD MSI GE60 (2 pi\u00e8ces) Apache MS-16GF eDP \u2013 Pi\u00e8ce d&rsquo;origine pour ordinateur portable"},"content":{"rendered":"<p data-start=\"585\" data-end=\"880\">R\u00e9solvez les probl\u00e8mes d&rsquo;affichage sur votre <strong data-start=\"612\" data-end=\"642\">ordinateur portable MSI GE60 2PC Apache<\/strong> avec ce <strong data-start=\"653\" data-end=\"685\">c\u00e2ble d&rsquo;\u00e9cran LCD eDP authentique<\/strong> pour le mod\u00e8le <strong data-start=\"696\" data-end=\"707\">MS-16GF<\/strong>. Ce composant essentiel pour ordinateur portable assure une connexion d&rsquo;affichage stable et de haute qualit\u00e9, \u00e9vitant ainsi les scintillements, les lignes ou les probl\u00e8mes d&rsquo;\u00e9cran noir caus\u00e9s par un c\u00e2ble d\u00e9fectueux.<br \/>\n&#8230; data-start=\u00a0\u00bb1016&Prime; data-end=\u00a0\u00bb1039&Prime;>MSI GE60 2PC Apache<\/strong><br data-start=\"1039\" data-end=\"1042\" \/>\u2714 <strong data-start=\"1044\" data-end=\"1065\">C\u00e2ble d&rsquo;affichage eDP<\/strong> \u2013 Indispensable pour connecter l&rsquo;\u00e9cran LCD de l&rsquo;ordinateur portable.<br data-start=\"1116\" data-end=\"1119\" \/>\u2714 <strong data-start=\"1121\" data-end=\"1145\">R\u00e9sout les probl\u00e8mes d&rsquo;affichage<\/strong> \u2013 R\u00e9sout les probl\u00e8mes de scintillement, d&rsquo;\u00e9cran noir et de signal.<br data-start=\"1200\" data-end=\"1203\" \/>\u2714 <strong data-start=\"1205\" data-end=\"1231\">Connecteur haute qualit\u00e9<\/strong> \u2013 Garantit des performances durables.<\/p>\n<p data-start=\"1270\" data-end=\"1293\">\ud83d\udca1 <strong data-start=\"1273\" data-end=\"1291\">Compatibilit\u00e9\u00a0:<\/strong><\/p>\n<ul data-start=\"1294\" data-end=\"1408\">\n<li data-start=\"1294\" data-end=\"1344\">Compatible avec la s\u00e9rie <strong data-start=\"1312\" data-end=\"1335\">MSI GE60 2PC Apache<\/strong><\/li>\n<li data-start=\"1345\" data-end=\"1408\">V\u00e9rifiez le mod\u00e8le de votre ordinateur portable et la version du c\u00e2ble avant d&rsquo;acheter<\/li>\n<\/ul>\n<p data-start=\"1410\" data-end=\"1511\">\ud83d\udcf8 <strong data-start=\"1413\" data-end=\"1429\">Photos r\u00e9elles\u00a0:<\/strong> Les images de cette annonce montrent l&rsquo;article exact que vous recevrez. Des surprises\u00a0!<\/p>\n<p data-start=\"1513\" data-end=\"1667\">\u2753 <strong data-start=\"1515\" data-end=\"1529\">Besoin d&rsquo;aide\u00a0?<\/strong> Bien que nous ne fournissions pas d&rsquo;instructions d&rsquo;installation, n&rsquo;h\u00e9sitez pas \u00e0 <strong data-start=\"1593\" data-end=\"1607\">nous contacter par message<\/strong> si vous avez besoin d&rsquo;aide avant ou apr\u00e8s votre achat.<\/p>\n<p data-start=\"1669\" data-end=\"1790\">\ud83d\udce6 <strong data-start=\"1672\" data-end=\"1700\">Livraison rapide dans le monde entier\u00a0!<\/strong> Retrouvez votre ordinateur portable en parfait \u00e9tat de marche gr\u00e2ce \u00e0 ce <strong data-start=\"1770\" data-end=\"1787\">c\u00e2ble eDP MSI d&rsquo;origine<\/strong>.<\/p>\n","protected":false},"excerpt":{"rendered":"<p>Remplacez votre c\u00e2ble d&rsquo;\u00e9cran eDP endommag\u00e9 ou d\u00e9fectueux par cette pi\u00e8ce d&rsquo;origine pour MSI GE60 2PC Apache MS-16GF. Elle garantit une connexion stable et nette \u00e0 l&rsquo;\u00e9cran. <strong data-start=\"455\" data-end=\"502\">Photos r\u00e9elles\u00a0: ce que vous voyez est ce que vous obtenez\u00a0!<\/strong><\/p>\n","protected":false},"featured_media":16910,"template":"","meta":[],"product_brand":[],"product_cat":[56],"product_tag":[82],"class_list":{"0":"post-16838","1":"product","2":"type-product","3":"status-publish","4":"has-post-thumbnail","6":"product_cat-cables","7":"product_tag-msi","9":"first","10":"instock","11":"taxable","12":"shipping-taxable","13":"purchasable","14":"product-type-simple"},"_links":{"self":[{"href":"https:\/\/boreait.com\/fr\/wp-json\/wp\/v2\/product\/16838","targetHints":{"allow":["GET"]}}],"collection":[{"href":"https:\/\/boreait.com\/fr\/wp-json\/wp\/v2\/product"}],"about":[{"href":"https:\/\/boreait.com\/fr\/wp-json\/wp\/v2\/types\/product"}],"wp:featuredmedia":[{"embeddable":true,"href":"https:\/\/boreait.com\/fr\/wp-json\/wp\/v2\/media\/16910"}],"wp:attachment":[{"href":"https:\/\/boreait.com\/fr\/wp-json\/wp\/v2\/media?parent=16838"}],"wp:term":[{"taxonomy":"product_brand","embeddable":true,"href":"https:\/\/boreait.com\/fr\/wp-json\/wp\/v2\/product_brand?post=16838"},{"taxonomy":"product_cat","embeddable":true,"href":"https:\/\/boreait.com\/fr\/wp-json\/wp\/v2\/product_cat?post=16838"},{"taxonomy":"product_tag","embeddable":true,"href":"https:\/\/boreait.com\/fr\/wp-json\/wp\/v2\/product_tag?post=16838"}],"curies":[{"name":"wp","href":"https:\/\/api.w.org\/{rel}","templated":true}]}}