{"id":16827,"date":"2025-09-16T16:39:05","date_gmt":"2025-09-16T14:39:05","guid":{"rendered":"https:\/\/boreait.com\/fr\/?post_type=product&#038;p=16827"},"modified":"2025-09-16T16:42:11","modified_gmt":"2025-09-16T14:42:11","slug":"carte-audio-usb-apache-msi-ge60-2-pieces-piece-de-rechange-dorigine-pour-ordinateur-portable","status":"publish","type":"product","link":"https:\/\/boreait.com\/fr\/produit\/carte-audio-usb-apache-msi-ge60-2-pieces-piece-de-rechange-dorigine-pour-ordinateur-portable\/","title":{"rendered":"Carte audio USB Apache MSI GE60 (2 pi\u00e8ces) \u2013 Pi\u00e8ce de rechange d&rsquo;origine pour ordinateur portable"},"content":{"rendered":"<p data-start=\"569\" data-end=\"819\">Restaurez la <strong data-start=\"586\" data-end=\"617\">fonctionnalit\u00e9 USB et audio<\/strong> compl\u00e8te de votre <strong data-start=\"626\" data-end=\"649\">MSI GE60 2PC Apache<\/strong> avec cette <strong data-start=\"660\" data-end=\"699\">carte audio USB de remplacement authentique<\/strong>. Cette <strong data-start=\"706\" data-end=\"718\">pi\u00e8ce OEM<\/strong> assure une compatibilit\u00e9 parfaite et redonne vie aux <strong data-start=\"774\" data-end=\"803\">ports USB et prises audio<\/strong> de votre ordinateur portable.<\/p>\n<p data-start=\"821\" data-end=\"1185\">\ud83d\udd39 <strong data-start=\"824\" data-end=\"841\">Caract\u00e9ristiques principales\u00a0:<\/strong><br data-start=\"841\" data-end=\"844\" \/>\u2714 <strong data-start=\"846\" data-end=\"866\">Pi\u00e8ce d&rsquo;origine MSI<\/strong> \u2013 Performances fiables et compatibilit\u00e9 totale<br data-start=\"910\" data-end=\"913\" \/>\u2714 <strong data-start=\"915\" data-end=\"936\">Ports USB et Ports audio<\/strong> \u2013 Restaure les deux fonctions en un seul remplacement facile<br data-start=\"986\" data-end=\"989\" \/>\u2714 <strong data-start=\"991\" data-end=\"1006\">Qualit\u00e9 OEM<\/strong> \u2013 Con\u00e7u pour un ajustement parfait et une durabilit\u00e9<br data-start=\"1046\" data-end=\"1049\" \/>\u2714 <strong data-start=\"1051\" data-end=\"1066\">Prise et Jouez\u00a0\u2013 Aucune modification n\u00e9cessaire, il suffit de l&rsquo;installer et de l&rsquo;utiliser.<br data-start=\"1114\" data-end=\"1117\" \/>\u2714 <strong data-start=\"1119\" data-end=\"1147\">C\u00e2ble de connexion inclus<\/strong> \u2013 Remplacement sans tracas.<\/p>\n<p data-start=\"1187\" data-end=\"1210\">\ud83d\udca1 <strong data-start=\"1190\" data-end=\"1208\">Compatibilit\u00e9\u00a0:<\/strong><\/p>\n<ul data-start=\"1211\" data-end=\"1332\">\n<li data-start=\"1211\" data-end=\"1272\">Sp\u00e9cialement con\u00e7u pour les ordinateurs portables <strong data-start=\"1239\" data-end=\"1262\">MSI GE60 2PC Apache<\/strong><\/li>\n<li data-start=\"1273\" data-end=\"1332\">V\u00e9rifiez la compatibilit\u00e9 de votre mod\u00e8le de carte m\u00e8re.<\/li>\n<\/ul>\n<p data-start=\"1334\" data-end=\"1435\">\ud83d\udcf8 <strong data-start=\"1337\" data-end=\"1353\">Photos r\u00e9elles\u00a0:<\/strong> Les images de cette annonce montrent l&rsquo;article exact que vous recevrez\u00a0; aucune surprise\u00a0!<\/p>\n<p data-start=\"1437\" data-end=\"1591\">\u2753 <strong data-start=\"1439\" data-end=\"1453\">Besoin d&rsquo;aide\u00a0?<\/strong> Bien que nous ne fournissions pas d&rsquo;instructions d&rsquo;installation, n&rsquo;h\u00e9sitez pas \u00e0 <strong data-start=\"1517\" data-end=\"1531\">nous contacter par message<\/strong> si vous avez besoin d&rsquo;aide avant ou apr\u00e8s votre achat.<\/p>\n<p data-start=\"1593\" data-end=\"1726\">\ud83d\udce6 <strong data-start=\"1596\" data-end=\"1624\">Exp\u00e9dition rapide dans le monde entier\u00a0!<\/strong> Faites fonctionner \u00e0 nouveau parfaitement votre ordinateur portable MSI avec cette <strong data-start=\"1679\" data-end=\"1723\">carte audio USB de remplacement de haute qualit\u00e9<\/strong>.<\/p>\n","protected":false},"excerpt":{"rendered":"<p>Remplacez votre <strong data-start=\"320\" data-end=\"359\">carte audio USB Apache MSI GE60 2PC<\/strong> endommag\u00e9e par cette <strong data-start=\"370\" data-end=\"386\">pi\u00e8ce d&rsquo;origine<\/strong>. Restaure la <strong data-start=\"397\" data-end=\"437\">connectivit\u00e9 USB et les fonctions audio<\/strong>. <strong data-start=\"439\" data-end=\"486\">Photos r\u00e9elles\u00a0: ce que vous voyez est ce que vous obtenez\u00a0!<\/strong><\/p>\n","protected":false},"featured_media":16909,"template":"","meta":[],"product_brand":[],"product_cat":[63],"product_tag":[82],"class_list":{"0":"post-16827","1":"product","2":"type-product","3":"status-publish","4":"has-post-thumbnail","6":"product_cat-motherboards-board-parts","7":"product_tag-msi","9":"first","10":"instock","11":"taxable","12":"shipping-taxable","13":"purchasable","14":"product-type-simple"},"_links":{"self":[{"href":"https:\/\/boreait.com\/fr\/wp-json\/wp\/v2\/product\/16827","targetHints":{"allow":["GET"]}}],"collection":[{"href":"https:\/\/boreait.com\/fr\/wp-json\/wp\/v2\/product"}],"about":[{"href":"https:\/\/boreait.com\/fr\/wp-json\/wp\/v2\/types\/product"}],"wp:featuredmedia":[{"embeddable":true,"href":"https:\/\/boreait.com\/fr\/wp-json\/wp\/v2\/media\/16909"}],"wp:attachment":[{"href":"https:\/\/boreait.com\/fr\/wp-json\/wp\/v2\/media?parent=16827"}],"wp:term":[{"taxonomy":"product_brand","embeddable":true,"href":"https:\/\/boreait.com\/fr\/wp-json\/wp\/v2\/product_brand?post=16827"},{"taxonomy":"product_cat","embeddable":true,"href":"https:\/\/boreait.com\/fr\/wp-json\/wp\/v2\/product_cat?post=16827"},{"taxonomy":"product_tag","embeddable":true,"href":"https:\/\/boreait.com\/fr\/wp-json\/wp\/v2\/product_tag?post=16827"}],"curies":[{"name":"wp","href":"https:\/\/api.w.org\/{rel}","templated":true}]}}