{"id":16826,"date":"2025-09-16T16:39:04","date_gmt":"2025-09-16T14:39:04","guid":{"rendered":"https:\/\/boreait.com\/fr\/?post_type=product&#038;p=16826"},"modified":"2025-09-16T16:42:03","modified_gmt":"2025-09-16T14:42:03","slug":"ensemble-de-deux-haut-parleurs-apache-msi-ge60-pieces-de-signal-sans-fil-dorigine-pour-ordinateur-portable","status":"publish","type":"product","link":"https:\/\/boreait.com\/fr\/produit\/ensemble-de-deux-haut-parleurs-apache-msi-ge60-pieces-de-signal-sans-fil-dorigine-pour-ordinateur-portable\/","title":{"rendered":"Ensemble de deux haut-parleurs Apache MSI GE60 \u2013 Pi\u00e8ces de signal sans fil d&rsquo;origine pour ordinateur portable"},"content":{"rendered":"<p data-start=\"585\" data-end=\"894\">Ensemble de 2 haut-parleurs MSI GE60 Apache \u2013 Pi\u00e8ces d&rsquo;origine pour signal sans fil d&rsquo;ordinateur portable. Regardez la photo, cet ordinateur portable est \u00e9quip\u00e9 de 2 jeux de haut-parleurs\u00a0!<\/p>\n<p data-start=\"896\" data-end=\"1278\">\ud83d\udd39 <strong data-start=\"899\" data-end=\"916\">Caract\u00e9ristiques principales\u00a0:<\/strong><br data-start=\"916\" data-end=\"919\" \/>\u2714 <strong data-start=\"921\" data-end=\"941\">Pi\u00e8ce d&rsquo;origine MSI<\/strong> \u2013 Con\u00e7u sp\u00e9cifiquement pour le mod\u00e8le GE60 Apache 2PC<br data-start=\"995\" data-end=\"998\" \/>\u2714 <strong data-start=\"1222\" data-end=\"1250\">Connecteur Plug &#038; Installation Play<\/strong> \u2013 Aucune modification requise<\/p>\n<p data-start=\"1280\" data-end=\"1303\">\ud83d\udca1 <strong data-start=\"1283\" data-end=\"1301\">Compatibilit\u00e9\u00a0:<\/strong><\/p>\n<ul data-start=\"1304\" data-end=\"1474\">\n<li data-start=\"1304\" data-end=\"1338\"><strong data-start=\"1306\" data-end=\"1316\">Mod\u00e8le\u00a0:<\/strong> MSI GE60 2PC Apache<\/li>\n<li data-start=\"1401\" data-end=\"1474\"><strong data-start=\"1403\" data-end=\"1430\">V\u00e9rifiez la compatibilit\u00e9 de votre mod\u00e8le d&rsquo;ordinateur portable<\/strong> avant l&rsquo;achat.<\/li>\n<\/ul>\n<p data-start=\"1476\" data-end=\"1581\">\ud83d\udcf8 <strong data-start=\"1479\" data-end=\"1495\">Photos r\u00e9elles\u00a0:<\/strong> Les images de cette annonce montrent exactement les antennes que vous recevrez\u00a0; aucune surprise\u00a0!<\/p>\n<p data-start=\"1583\" data-end=\"1737\">\u2753 <strong data-start=\"1585\" data-end=\"1599\">Besoin d&rsquo;aide\u00a0?<\/strong> Bien que nous ne fournissions pas d&rsquo;instructions d&rsquo;installation, n&rsquo;h\u00e9sitez pas \u00e0 <strong data-start=\"1663\" data-end=\"1677\">nous contacter par message<\/strong> si vous avez besoin d&rsquo;aide avant ou apr\u00e8s votre achat.<\/p>\n<p data-start=\"1739\" data-end=\"1878\">\n","protected":false},"excerpt":{"rendered":"<p data-start=\"304\" data-end=\"504\">Ensemble de 2 haut-parleurs Apache MSI GE60 \u2013 Pi\u00e8ces de signal sans fil d&rsquo;origine pour ordinateur portable. Regardez la photo, cet ordinateur portable est \u00e9quip\u00e9 de 2 jeux de haut-parleurs\u00a0!<\/p>\n","protected":false},"featured_media":16902,"template":"","meta":[],"product_brand":[],"product_cat":[54],"product_tag":[82],"class_list":{"0":"post-16826","1":"product","2":"type-product","3":"status-publish","4":"has-post-thumbnail","6":"product_cat-laptop-speakers","7":"product_tag-msi","9":"first","10":"instock","11":"taxable","12":"shipping-taxable","13":"purchasable","14":"product-type-simple"},"_links":{"self":[{"href":"https:\/\/boreait.com\/fr\/wp-json\/wp\/v2\/product\/16826","targetHints":{"allow":["GET"]}}],"collection":[{"href":"https:\/\/boreait.com\/fr\/wp-json\/wp\/v2\/product"}],"about":[{"href":"https:\/\/boreait.com\/fr\/wp-json\/wp\/v2\/types\/product"}],"wp:featuredmedia":[{"embeddable":true,"href":"https:\/\/boreait.com\/fr\/wp-json\/wp\/v2\/media\/16902"}],"wp:attachment":[{"href":"https:\/\/boreait.com\/fr\/wp-json\/wp\/v2\/media?parent=16826"}],"wp:term":[{"taxonomy":"product_brand","embeddable":true,"href":"https:\/\/boreait.com\/fr\/wp-json\/wp\/v2\/product_brand?post=16826"},{"taxonomy":"product_cat","embeddable":true,"href":"https:\/\/boreait.com\/fr\/wp-json\/wp\/v2\/product_cat?post=16826"},{"taxonomy":"product_tag","embeddable":true,"href":"https:\/\/boreait.com\/fr\/wp-json\/wp\/v2\/product_tag?post=16826"}],"curies":[{"name":"wp","href":"https:\/\/api.w.org\/{rel}","templated":true}]}}