{"id":16825,"date":"2025-09-16T16:39:04","date_gmt":"2025-09-16T14:39:04","guid":{"rendered":"https:\/\/boreait.com\/fr\/?post_type=product&#038;p=16825"},"modified":"2026-02-08T12:47:34","modified_gmt":"2026-02-08T11:47:34","slug":"carte-wi-fi-apache-3160hmw-double-bande-pour-ordinateur-portable-msi-ge60","status":"publish","type":"product","link":"https:\/\/boreait.com\/fr\/produit\/carte-wi-fi-apache-3160hmw-double-bande-pour-ordinateur-portable-msi-ge60\/","title":{"rendered":"Carte Wi-Fi Apache 3160HMW double bande pour ordinateur portable MSI GE60"},"content":{"rendered":"<p data-start=\"593\" data-end=\"862\">Am\u00e9liorez les performances sans fil de votre ordinateur portable avec cette <strong data-start=\"644\" data-end=\"696\">carte Intel 3160HMW Dual Band Wireless-AC authentique<\/strong>, con\u00e7ue pour le <strong data-start=\"715\" data-end=\"738\">MSI GE60 2PC Apache<\/strong>. B\u00e9n\u00e9ficiez de <strong data-start=\"751\" data-end=\"814\">d\u00e9bits plus rapides, de connexions plus performantes et d&rsquo;une stabilit\u00e9 am\u00e9lior\u00e9e<\/strong> pour des jeux, du streaming et une navigation fluides.<\/p>\n<p data-start=\"864\" data-end=\"1265\">\ud83d\udd39 <strong data-start=\"867\" data-end=\"884\">Principales caract\u00e9ristiques\u00a0:<\/strong><br data-start=\"884\" data-end=\"887\" \/>\u2714 <strong data-start=\"889\" data-end=\"928\">Carte sans fil Intel 3160HMW authentique<\/strong> \u2013 Assure une connectivit\u00e9 Wi-Fi haut d\u00e9bit<br data-start=\"968\" data-end=\"971\" \/>\u2714 <strong data-start=\"973\" data-end=\"1002\">Bi-bande (2,4 GHz et 5 GHz)<\/strong> \u2013 Performances Internet plus rapides et plus stables<br data-start=\"1048\" data-end=\"1051\" \/>\u2714 <strong data-start=\"1053\" data-end=\"1080\">Prise en charge du Wi-Fi 802.11ac<\/strong> \u2013 Jusqu&rsquo;\u00e0 <strong data-start=\"1089\" data-end=\"1101\">433 Mbit\/s<\/strong> sur les r\u00e9seaux 5 GHz<br data-start=\"1124\" data-end=\"1127\" \/>\u2714 <strong data-start=\"1129\" data-end=\"1155\">Bluetooth 4.0 inclus<\/strong> \u2013 Connectez facilement vos p\u00e9riph\u00e9riques<br data-start=\"1187\" data-end=\"1190\" \/>\u2714 <strong data-start=\"1192\" data-end=\"1223\">Interface Mini PCIe compacte<\/strong> \u2013 Installation facile sur les ordinateurs portables compatibles<\/p>\n<p data-start=\"1267\" data-end=\"1290\">\ud83d\udca1 <strong data-start=\"1270\" data-end=\"1288\">Compatibilit\u00e9\u00a0:<\/strong><\/p>\n<ul data-start=\"1291\" data-end=\"1454\">\n<li data-start=\"1291\" data-end=\"1386\">Con\u00e7u pour le <strong data-start=\"1306\" data-end=\"1329\">MSI GE60 2PC Apache<\/strong> (v\u00e9rifiez la compatibilit\u00e9 avec votre ordinateur portable avant l&rsquo;achat)<\/li>\n<li data-start=\"1387\" data-end=\"1454\">Fonctionne avec d&rsquo;autres ordinateurs portables prenant en charge les <strong data-start=\"1427\" data-end=\"1452\">cartes Wi-Fi Mini PCIe<\/strong><\/li>\n<\/ul>\n<p data-start=\"1456\" data-end=\"1558\">\ud83d\udcf8 <strong data-start=\"1459\" data-end=\"1475\">Real Photos\u00a0: Les photos de cette annonce montrent l&rsquo;article que vous recevrez \u2013 pas de surprise\u00a0!<\/p>\n<p data-start=\"1560\" data-end=\"1673\">\u2753 <strong data-start=\"1562\" data-end=\"1582\">Besoin d&rsquo;aide\u00a0?<\/strong> Nous ne fournissons pas d&rsquo;instructions d&rsquo;installation, mais vous pouvez <strong data-start=\"1639\" data-end=\"1653\">nous contacter par message<\/strong> \u00e0 tout moment pour obtenir de l&rsquo;aide\u00a0!<\/p>\n<p data-start=\"1675\" data-end=\"1785\">\ud83d\udce6 <strong data-start=\"1678\" data-end=\"1706\">Livraison rapide dans le monde entier\u00a0!<\/strong> Retrouvez les performances optimales de votre ordinateur portable gr\u00e2ce \u00e0 cette <strong data-start=\"1757\" data-end=\"1782\">carte sans fil d&rsquo;origine<\/strong>.<\/p>\n","protected":false},"excerpt":{"rendered":"<p>Am\u00e9liorez votre <strong data-start=\"333\" data-end=\"356\">MSI GE60 2PC Apache<\/strong> avec la carte <strong data-start=\"366\" data-end=\"405\">Intel 3160HMW Dual Band Wireless-AC<\/strong>. Profitez de vitesses Wi-Fi plus rapides et d&rsquo;une connectivit\u00e9 stable. <strong data-start=\"463\" data-end=\"510\">Photos r\u00e9elles\u00a0: ce que vous voyez est ce que vous obtenez\u00a0!<\/strong><\/p>\n","protected":false},"featured_media":16901,"template":"","meta":[],"product_brand":[],"product_cat":[63],"product_tag":[82],"class_list":{"0":"post-16825","1":"product","2":"type-product","3":"status-publish","4":"has-post-thumbnail","6":"product_cat-motherboards-board-parts","7":"product_tag-msi","9":"first","10":"instock","11":"taxable","12":"shipping-taxable","13":"purchasable","14":"product-type-simple"},"_links":{"self":[{"href":"https:\/\/boreait.com\/fr\/wp-json\/wp\/v2\/product\/16825","targetHints":{"allow":["GET"]}}],"collection":[{"href":"https:\/\/boreait.com\/fr\/wp-json\/wp\/v2\/product"}],"about":[{"href":"https:\/\/boreait.com\/fr\/wp-json\/wp\/v2\/types\/product"}],"wp:featuredmedia":[{"embeddable":true,"href":"https:\/\/boreait.com\/fr\/wp-json\/wp\/v2\/media\/16901"}],"wp:attachment":[{"href":"https:\/\/boreait.com\/fr\/wp-json\/wp\/v2\/media?parent=16825"}],"wp:term":[{"taxonomy":"product_brand","embeddable":true,"href":"https:\/\/boreait.com\/fr\/wp-json\/wp\/v2\/product_brand?post=16825"},{"taxonomy":"product_cat","embeddable":true,"href":"https:\/\/boreait.com\/fr\/wp-json\/wp\/v2\/product_cat?post=16825"},{"taxonomy":"product_tag","embeddable":true,"href":"https:\/\/boreait.com\/fr\/wp-json\/wp\/v2\/product_tag?post=16825"}],"curies":[{"name":"wp","href":"https:\/\/api.w.org\/{rel}","templated":true}]}}