{"id":16824,"date":"2025-09-16T16:39:04","date_gmt":"2025-09-16T14:39:04","guid":{"rendered":"https:\/\/boreait.com\/fr\/?post_type=product&#038;p=16824"},"modified":"2025-09-16T16:41:56","modified_gmt":"2025-09-16T14:41:56","slug":"charnieres-pour-ordinateur-portable-msi-ge60-apache-2-pieces-ensemble-de-charnieres-gauche-et-droite-dorigine","status":"publish","type":"product","link":"https:\/\/boreait.com\/fr\/produit\/charnieres-pour-ordinateur-portable-msi-ge60-apache-2-pieces-ensemble-de-charnieres-gauche-et-droite-dorigine\/","title":{"rendered":"Charni\u00e8res pour ordinateur portable MSI GE60 Apache (2 pi\u00e8ces) \u2013 Ensemble de charni\u00e8res gauche et droite d&rsquo;origine"},"content":{"rendered":"<p data-start=\"556\" data-end=\"774\">Redonnez vie \u00e0 votre ordinateur portable avec cet <strong data-start=\"597\" data-end=\"639\">ensemble de charni\u00e8res Apache 2 pi\u00e8ces MSI GE60 d&rsquo;origine<\/strong>. Si l&rsquo;\u00e9cran de votre ordinateur portable est mal fix\u00e9, instable ou ne reste pas en place, le remplacement des charni\u00e8res peut restaurer la fluidit\u00e9 et la durabilit\u00e9 de son fonctionnement.<\/p>\n<p data-start=\"776\" data-end=\"1185\">\ud83d\udd39 <strong data-start=\"779\" data-end=\"796\">Caract\u00e9ristiques principales\u00a0:<\/strong><br data-start=\"796\" data-end=\"799\" \/>\u2714 <strong data-start=\"801\" data-end=\"823\">Charni\u00e8res MSI d&rsquo;origine<\/strong> \u2013 Con\u00e7ues sp\u00e9cifiquement pour les ordinateurs portables MSI GE60 2PC Apache<br data-start=\"879\" data-end=\"882\" \/>\u2714 <strong data-start=\"884\" data-end=\"916\">Gauche et Charni\u00e8res droites incluses \u2013 Kit de remplacement complet<br data-start=\"943\" data-end=\"946\" \/>\u2714 <strong data-start=\"948\" data-end=\"978\">Construction m\u00e9tallique durable<\/strong> \u2013 Con\u00e7u pour durer et r\u00e9sister \u00e0 une utilisation quotidienne<br data-start=\"1018\" data-end=\"1021\" \/>\u2714 <strong data-start=\"1023\" data-end=\"1038\">Ajustement parfait<\/strong> \u2013 Con\u00e7u pour une installation facile<br data-start=\"1077\" data-end=\"1080\" \/>\u2714 <strong data-start=\"1082\" data-end=\"1105\">R\u00e9sout les probl\u00e8mes courants<\/strong> \u2013 Id\u00e9al si l&rsquo;\u00e9cran de votre ordinateur portable est mal fix\u00e9, ne reste pas ouvert ou si ses charni\u00e8res sont cass\u00e9es<\/p>\n<p data-start=\"1187\" data-end=\"1210\">\ud83d\udca1 <strong data-start=\"1190\" data-end=\"1208\">Compatibilit\u00e9\u00a0:<\/strong><\/p>\n<ul data-start=\"1211\" data-end=\"1339\">\n<li data-start=\"1211\" data-end=\"1286\">Compatible avec le <strong data-start=\"1218\" data-end=\"1241\">MSI GE60 2PC Apache<\/strong> (V\u00e9rifiez le mod\u00e8le de votre ordinateur portable avant l&rsquo;achat)<\/li>\n<li data-start=\"1287\" data-end=\"1339\">Remplacement direct des charni\u00e8res us\u00e9es ou cass\u00e9es<\/li>\n<\/ul>\n<p data-start=\"1341\" data-end=\"1450\">\ud83d\udcf8 <strong data-start=\"1344\" data-end=\"1360\">Photos r\u00e9elles\u00a0:<\/strong> Les photos de cette annonce montrent les charni\u00e8res r\u00e9elles que vous recevrez\u00a0\u2013 aucune image d&rsquo;archive\u00a0!<\/p>\n<p data-start=\"1452\" data-end=\"1606\">\u2753 <strong data-start=\"1454\" data-end=\"1474\">Besoin d&rsquo;aide\u00a0?<\/strong> Bien qu&rsquo;aucune instruction d&rsquo;installation ne soit fournie, n&rsquo;h\u00e9sitez pas \u00e0 <strong data-start=\"1538\" data-end=\"1552\">nous contacter par message<\/strong> si vous avez besoin d&rsquo;aide avant ou apr\u00e8s votre achat.<\/p>\n<p data-start=\"1608\" data-end=\"1716\">\ud83d\udce6 <strong data-start=\"1611\" data-end=\"1639\">Livraison rapide dans le monde entier\u00a0!<\/strong> Redonnez vie \u00e0 votre ordinateur portable avec ce <strong data-start=\"1680\" data-end=\"1713\">ensemble de charni\u00e8res Apache MSI GE60 2 pi\u00e8ces<\/strong>.<\/p>\n","protected":false},"excerpt":{"rendered":"<p>Restaurez la stabilit\u00e9 de votre ordinateur portable avec ce <strong data-start=\"329\" data-end=\"374\">jeu de charni\u00e8res d&rsquo;origine pour MSI GE60 2PC Apache<\/strong>. Comprend les charni\u00e8res gauche et droite pour un ajustement parfait. <strong data-start=\"426\" data-end=\"473\">Photos r\u00e9elles\u00a0: ce que vous voyez est ce que vous obtenez\u00a0!<\/strong><\/p>\n","protected":false},"featured_media":16900,"template":"","meta":[],"product_brand":[],"product_cat":[55],"product_tag":[82],"class_list":{"0":"post-16824","1":"product","2":"type-product","3":"status-publish","4":"has-post-thumbnail","6":"product_cat-screen-hinge","7":"product_tag-msi","9":"first","10":"instock","11":"taxable","12":"shipping-taxable","13":"purchasable","14":"product-type-simple"},"_links":{"self":[{"href":"https:\/\/boreait.com\/fr\/wp-json\/wp\/v2\/product\/16824","targetHints":{"allow":["GET"]}}],"collection":[{"href":"https:\/\/boreait.com\/fr\/wp-json\/wp\/v2\/product"}],"about":[{"href":"https:\/\/boreait.com\/fr\/wp-json\/wp\/v2\/types\/product"}],"wp:featuredmedia":[{"embeddable":true,"href":"https:\/\/boreait.com\/fr\/wp-json\/wp\/v2\/media\/16900"}],"wp:attachment":[{"href":"https:\/\/boreait.com\/fr\/wp-json\/wp\/v2\/media?parent=16824"}],"wp:term":[{"taxonomy":"product_brand","embeddable":true,"href":"https:\/\/boreait.com\/fr\/wp-json\/wp\/v2\/product_brand?post=16824"},{"taxonomy":"product_cat","embeddable":true,"href":"https:\/\/boreait.com\/fr\/wp-json\/wp\/v2\/product_cat?post=16824"},{"taxonomy":"product_tag","embeddable":true,"href":"https:\/\/boreait.com\/fr\/wp-json\/wp\/v2\/product_tag?post=16824"}],"curies":[{"name":"wp","href":"https:\/\/api.w.org\/{rel}","templated":true}]}}