{"id":16823,"date":"2025-09-16T16:39:01","date_gmt":"2025-09-16T14:39:01","guid":{"rendered":"https:\/\/boreait.com\/fr\/?post_type=product&#038;p=16823"},"modified":"2025-09-16T16:41:52","modified_gmt":"2025-09-16T14:41:52","slug":"haut-parleurs-pour-ordinateur-portable-msi-ge60-apache-2-pieces-pieces-audio-de-rechange-dorigine","status":"publish","type":"product","link":"https:\/\/boreait.com\/fr\/produit\/haut-parleurs-pour-ordinateur-portable-msi-ge60-apache-2-pieces-pieces-audio-de-rechange-dorigine\/","title":{"rendered":"Haut-parleurs pour ordinateur portable MSI GE60 Apache (2 pi\u00e8ces) \u2013 Pi\u00e8ces audio de rechange d&rsquo;origine"},"content":{"rendered":"<p data-start=\"548\" data-end=\"807\">Mettez \u00e0 niveau ou remplacez vos <strong data-start=\"572\" data-end=\"611\">haut-parleurs pour ordinateur portable MSI GE60 2PC Apache<\/strong> par cet <strong data-start=\"631\" data-end=\"646\">ensemble de haut-parleurs<\/strong> d&rsquo;origine. Si le son de votre ordinateur portable est \u00e9touff\u00e9, d\u00e9form\u00e9 ou ne fonctionne plus du tout, ces <strong data-start=\"739\" data-end=\"763\">haut-parleurs MSI d&rsquo;origine<\/strong> vous restitueront un son clair et puissant.<\/p>\n<p data-start=\"809\" data-end=\"1234\">\ud83d\udd39 <strong data-start=\"812\" data-end=\"829\">Caract\u00e9ristiques principales\u00a0:<\/strong><br data-start=\"829\" data-end=\"832\" \/>\u2714 <strong data-start=\"834\" data-end=\"856\">Pi\u00e8ces d&rsquo;origine MSI<\/strong> \u2013 Assure une compatibilit\u00e9 parfaite et une qualit\u00e9 sonore optimale<br data-start=\"914\" data-end=\"917\" \/>\u2714 <strong data-start=\"919\" data-end=\"955\">Con\u00e7u pour le MSI GE60 2PC Apache<\/strong> \u2013 Ajustement parfait pour un remplacement facile<br data-start=\"995\" data-end=\"998\" \/>\u2714 <strong data-start=\"1000\" data-end=\"1023\">Audio clair et net<\/strong> \u2013 Restaure les performances sonores d&rsquo;origine de votre ordinateur portable<br data-start=\"1075\" data-end=\"1078\" \/>\u2714 <strong data-start=\"1080\" data-end=\"1108\">Ensemble de haut-parleurs gauche et droit<\/strong> \u2013 Comprend les deux haut-parleurs pour une sortie audio \u00e9quilibr\u00e9e<br data-start=\"1159\" data-end=\"1162\" \/>\u2714 <strong data-start=\"1164\" data-end=\"1179\">Branchez et branchez Play<\/strong> \u2013 Installation facile gr\u00e2ce aux connecteurs d&rsquo;enceintes standard<\/p>\n<p data-start=\"1236\" data-end=\"1259\">\ud83d\udca1 <strong data-start=\"1239\" data-end=\"1257\">Compatibilit\u00e9\u00a0:<\/strong><\/p>\n<ul data-start=\"1260\" data-end=\"1441\">\n<li data-start=\"1260\" data-end=\"1353\">Sp\u00e9cialement con\u00e7u pour le <strong data-start=\"1284\" data-end=\"1307\">MSI GE60 2PC Apache<\/strong> (v\u00e9rifiez le mod\u00e8le de votre ordinateur portable avant l&rsquo;achat)<\/li>\n<li data-start=\"1354\" data-end=\"1441\">Fonctionne avec les mod\u00e8les MSI similaires de la s\u00e9rie GE60 (v\u00e9rifiez la compatibilit\u00e9 des pi\u00e8ces avant l&rsquo;achat)<\/li>\n<\/ul>\n<p data-start=\"1443\" data-end=\"1544\">\ud83d\udcf8 <strong data-start=\"1446\" data-end=\"1462\">Photos r\u00e9elles\u00a0:<\/strong> Les images de cette annonce montrent l&rsquo;article exact que vous recevrez\u00a0; aucune surprise\u00a0!<\/p>\n<p data-start=\"1546\" data-end=\"1700\">\u2753 <strong data-start=\"1548\" data-end=\"1562\">Besoin d&rsquo;aide\u00a0?<\/strong> Bien que nous ne fournissions pas d&rsquo;instructions d&rsquo;installation, n&rsquo;h\u00e9sitez pas \u00e0 <strong data-start=\"1626\" data-end=\"1640\">nous contacter par message<\/strong> si vous avez besoin d&rsquo;aide avant ou apr\u00e8s votre achat.<\/p>\n<p data-start=\"1702\" data-end=\"1824\">\ud83d\udce6 <strong data-start=\"1705\" data-end=\"1733\">Livraison rapide dans le monde entier\u00a0!<\/strong> Retrouvez un ordinateur portable comme neuf gr\u00e2ce \u00e0 ces <strong data-start=\"1785\" data-end=\"1821\">Haut-parleurs de remplacement MSI authentiques<\/strong>.<\/p>\n","protected":false},"excerpt":{"rendered":"<p>Restaurez un son clair et de haute qualit\u00e9 sur votre <strong data-start=\"342\" data-end=\"365\">MSI GE60 2PC Apache<\/strong> gr\u00e2ce \u00e0 ces <strong data-start=\"377\" data-end=\"416\">haut-parleurs de remplacement d&rsquo;origine pour ordinateur portable<\/strong>. <strong data-start=\"418\" data-end=\"465\">Photos r\u00e9elles\u00a0: ce que vous voyez est ce que vous obtenez\u00a0!<\/strong><\/p>\n","protected":false},"featured_media":16899,"template":"","meta":[],"product_brand":[],"product_cat":[54],"product_tag":[82],"class_list":{"0":"post-16823","1":"product","2":"type-product","3":"status-publish","4":"has-post-thumbnail","6":"product_cat-laptop-speakers","7":"product_tag-msi","9":"first","10":"instock","11":"taxable","12":"shipping-taxable","13":"purchasable","14":"product-type-simple"},"_links":{"self":[{"href":"https:\/\/boreait.com\/fr\/wp-json\/wp\/v2\/product\/16823","targetHints":{"allow":["GET"]}}],"collection":[{"href":"https:\/\/boreait.com\/fr\/wp-json\/wp\/v2\/product"}],"about":[{"href":"https:\/\/boreait.com\/fr\/wp-json\/wp\/v2\/types\/product"}],"wp:featuredmedia":[{"embeddable":true,"href":"https:\/\/boreait.com\/fr\/wp-json\/wp\/v2\/media\/16899"}],"wp:attachment":[{"href":"https:\/\/boreait.com\/fr\/wp-json\/wp\/v2\/media?parent=16823"}],"wp:term":[{"taxonomy":"product_brand","embeddable":true,"href":"https:\/\/boreait.com\/fr\/wp-json\/wp\/v2\/product_brand?post=16823"},{"taxonomy":"product_cat","embeddable":true,"href":"https:\/\/boreait.com\/fr\/wp-json\/wp\/v2\/product_cat?post=16823"},{"taxonomy":"product_tag","embeddable":true,"href":"https:\/\/boreait.com\/fr\/wp-json\/wp\/v2\/product_tag?post=16823"}],"curies":[{"name":"wp","href":"https:\/\/api.w.org\/{rel}","templated":true}]}}