{"id":16803,"date":"2025-09-16T16:38:11","date_gmt":"2025-09-16T14:38:11","guid":{"rendered":"https:\/\/boreait.com\/fr\/?post_type=product&#038;p=16803"},"modified":"2025-09-16T16:41:24","modified_gmt":"2025-09-16T14:41:24","slug":"cable-dalimentation-cc-pour-samsung-chromebook-xe303c12-303c-piece-dorigine","status":"publish","type":"product","link":"https:\/\/boreait.com\/fr\/produit\/cable-dalimentation-cc-pour-samsung-chromebook-xe303c12-303c-piece-dorigine\/","title":{"rendered":"C\u00e2ble d&rsquo;alimentation CC pour Samsung Chromebook XE303C12 303C \u2013 Pi\u00e8ce d&rsquo;origine"},"content":{"rendered":"<p data-start=\"609\" data-end=\"694\">\ud83d\udd0b <strong data-start=\"612\" data-end=\"692\">C\u00e2ble d&rsquo;alimentation CC pour Samsung Chromebook XE303C12 \/ 303C \u2013 Remplacement d&rsquo;origine<\/strong><\/p>\n<p data-start=\"696\" data-end=\"929\">Votre <strong data-start=\"704\" data-end=\"742\">Samsung Chromebook XE303C12 \/ 303C<\/strong> ne se charge pas correctement\u00a0? Ce <strong data-start=\"771\" data-end=\"802\">c\u00e2ble d&rsquo;alimentation CC jack d&rsquo;origine<\/strong> remplace parfaitement un <strong data-start=\"836\" data-end=\"870\">port de charge endommag\u00e9 ou desserr\u00e9<\/strong>, garantissant une connexion s\u00e9curis\u00e9e et une alimentation fiable.<\/p>\n<p data-start=\"931\" data-end=\"1262\">\ud83d\udd39 <strong data-start=\"934\" data-end=\"951\">Caract\u00e9ristiques principales\u00a0:<\/strong><br data-start=\"951\" data-end=\"954\" \/>\u2714 <strong data-start=\"956\" data-end=\"971\">Qualit\u00e9 OEM<\/strong> \u2013 Con\u00e7u pour le Samsung Chromebook XE303C12 \/ 303C<br data-start=\"1021\" data-end=\"1024\" \/>\u2714 <strong data-start=\"1026\" data-end=\"1041\">Ajustement parfait<\/strong> \u2013 Aucune modification requise, installation plug-and-play.<br data-start=\"1095\" data-end=\"1098\" \/>\u2714 <strong data-start=\"1100\" data-end=\"1117\">Construction durable<\/strong> \u2013 Connecteurs de haute qualit\u00e9 pour des performances durables.<br data-start=\"1172\" data-end=\"1175\" \/>\u2714 <strong data-start=\"1177\" data-end=\"1200\">R\u00e9solution des probl\u00e8mes de charge<\/strong> \u2013 Id\u00e9al si votre ordinateur portable se charge par intermittence ou pas du tout.<\/p>\n<p data-start=\"1264\" data-end=\"1287\">\ud83d\udca1 <strong data-start=\"1267\" data-end=\"1285\">Compatibilit\u00e9\u00a0:<\/strong><\/p>\n<ul data-start=\"1288\" data-end=\"1413\">\n<li data-start=\"1288\" data-end=\"1346\">Compatible avec <strong data-start=\"1306\" data-end=\"1344\">Samsung Chromebook XE303C12 \/ 303C<\/strong><\/li>\n<li data-start=\"1347\" data-end=\"1413\"><strong data-start=\"1349\" data-end=\"1387\">V\u00e9rifiez votre mod\u00e8le avant d&rsquo;acheter<\/strong> pour vous assurer de la compatibilit\u00e9.<\/li>\n<\/ul>\n<p data-start=\"1415\" data-end=\"1517\">\ud83d\udcf8 <strong data-start=\"1418\" \u200b\u200bdata-end=\"1434\">Photos r\u00e9elles\u00a0:<\/strong> Les images de cette annonce montrent l&rsquo;article r\u00e9el que vous recevrez\u00a0\u2013 pas de surprise\u00a0!<\/p>\n<p data-start=\"1519\" data-end=\"1672\">\u2753 <strong data-start=\"1521\" data-end=\"1535\">Besoin Besoin d&rsquo;aide\u00a0?<\/strong> Bien que nous ne fournissions pas d&rsquo;instructions d&rsquo;installation, n&rsquo;h\u00e9sitez pas \u00e0 nous <strong data-start=\"1599\" data-end=\"1613\">envoyer un message<\/strong> si vous avez des questions avant ou apr\u00e8s votre achat.<\/p>\n<p data-start=\"1674\" data-end=\"1797\">\ud83d\udce6 <strong data-start=\"1677\" data-end=\"1705\">Livraison rapide dans le monde entier\u00a0!<\/strong> Remettez votre Chromebook en \u00e9tat de marche gr\u00e2ce \u00e0 ce <strong data-start=\"1758\" data-end=\"1794\">c\u00e2ble d&rsquo;alimentation CC de haute qualit\u00e9<\/strong>.<\/p>\n","protected":false},"excerpt":{"rendered":"<p>Rechargez votre <strong data-start=\"359\" data-end=\"397\">Samsung Chromebook XE303C12 \/ 303C<\/strong> avec ce <strong data-start=\"408\" data-end=\"439\">c\u00e2ble d&rsquo;alimentation CC d&rsquo;origine<\/strong>. Ajustement parfait et performances fiables. <strong data-start=\"479\" data-end=\"526\">Photos r\u00e9elles\u00a0: ce que vous voyez est ce que vous obtenez\u00a0!<\/strong><\/p>\n","protected":false},"featured_media":16884,"template":"","meta":[],"product_brand":[],"product_cat":[56],"product_tag":[84],"class_list":{"0":"post-16803","1":"product","2":"type-product","3":"status-publish","4":"has-post-thumbnail","6":"product_cat-cables","7":"product_tag-samsung","9":"first","10":"instock","11":"taxable","12":"shipping-taxable","13":"purchasable","14":"product-type-simple"},"_links":{"self":[{"href":"https:\/\/boreait.com\/fr\/wp-json\/wp\/v2\/product\/16803","targetHints":{"allow":["GET"]}}],"collection":[{"href":"https:\/\/boreait.com\/fr\/wp-json\/wp\/v2\/product"}],"about":[{"href":"https:\/\/boreait.com\/fr\/wp-json\/wp\/v2\/types\/product"}],"wp:featuredmedia":[{"embeddable":true,"href":"https:\/\/boreait.com\/fr\/wp-json\/wp\/v2\/media\/16884"}],"wp:attachment":[{"href":"https:\/\/boreait.com\/fr\/wp-json\/wp\/v2\/media?parent=16803"}],"wp:term":[{"taxonomy":"product_brand","embeddable":true,"href":"https:\/\/boreait.com\/fr\/wp-json\/wp\/v2\/product_brand?post=16803"},{"taxonomy":"product_cat","embeddable":true,"href":"https:\/\/boreait.com\/fr\/wp-json\/wp\/v2\/product_cat?post=16803"},{"taxonomy":"product_tag","embeddable":true,"href":"https:\/\/boreait.com\/fr\/wp-json\/wp\/v2\/product_tag?post=16803"}],"curies":[{"name":"wp","href":"https:\/\/api.w.org\/{rel}","templated":true}]}}