{"id":16799,"date":"2025-09-16T16:38:11","date_gmt":"2025-09-16T14:38:11","guid":{"rendered":"https:\/\/boreait.com\/fr\/?post_type=product&#038;p=16799"},"modified":"2025-09-16T16:41:09","modified_gmt":"2025-09-16T14:41:09","slug":"charnieres-et-webcam-pour-samsung-chromebook-xe303c12-303c-pieces-dorigine","status":"publish","type":"product","link":"https:\/\/boreait.com\/fr\/produit\/charnieres-et-webcam-pour-samsung-chromebook-xe303c12-303c-pieces-dorigine\/","title":{"rendered":"Charni\u00e8res et webcam pour Samsung Chromebook XE303C12 303C \u2013 Pi\u00e8ces d&rsquo;origine"},"content":{"rendered":"<p data-start=\"588\" data-end=\"843\">Restaurez votre <strong data-start=\"601\" data-end=\"639\">Samsung Chromebook XE303C12 \/ 303C<\/strong> avec cet <strong data-start=\"650\" data-end=\"677\">kit de remplacement authentique<\/strong>, comprenant \u00e0 la fois des <strong data-start=\"694\" data-end=\"704\">charni\u00e8res<\/strong> et une <strong data-start=\"711\" data-end=\"728\">cam\u00e9ra webcam<\/strong>. Si l&rsquo;\u00e9cran de votre Chromebook tremble ou si votre webcam ne fonctionne pas, cette pi\u00e8ce remettra votre appareil en \u00e9tat\u00a0!<\/p>\n<p data-start=\"845\" data-end=\"1223\">\ud83d\udd39 <strong data-start=\"848\" data-end=\"865\">Caract\u00e9ristiques principales\u00a0:<\/strong><br data-start=\"865\" data-end=\"868\" \/>\u2714 <strong data-start=\"870\" data-end=\"896\">Pi\u00e8ces d&rsquo;origine Samsung<\/strong> \u2013 Ajustement et qualit\u00e9 garantis<br data-start=\"925\" data-end=\"928\" \/>\u2714 <strong data-start=\"930\" data-end=\"958\">Charni\u00e8res et vis incluses Webcam<\/strong> \u2013 Corrige les probl\u00e8mes de stabilit\u00e9 de l&rsquo;\u00e9cran et de cam\u00e9ra<br data-start=\"1001\" data-end=\"1004\" \/>\u2714 <strong data-start=\"1006\" data-end=\"1041\">Ajustement parfait pour XE303C12 \/ 303C<\/strong> \u2013 Con\u00e7u pour une compatibilit\u00e9 transparente<br data-start=\"1079\" data-end=\"1082\" \/>\u2714 <strong data-start=\"1084\" data-end=\"1113\">Construction de haute qualit\u00e9<\/strong> \u2013 Charni\u00e8res durables pour des performances durables<br data-start=\"1159\" data-end=\"1162\" \/>\u2714 <strong data-start=\"1164\" data-end=\"1193\">Plug &amp; Module cam\u00e9ra Play &#8211; Aucune configuration complexe requise.<\/p>\n<p data-start=\"1225\" data-end=\"1248\">\ud83d\udca1 <strong data-start=\"1228\" data-end=\"1246\">Compatibilit\u00e9\u00a0:<\/strong><\/p>\n<ul data-start=\"1249\" data-end=\"1373\">\n<li data-start=\"1249\" data-end=\"1303\">Compatible avec les mod\u00e8les <strong data-start=\"1256\" data-end=\"1294\">Samsung Chromebook XE303C12 \/ 303C<\/strong>.<\/li>\n<li data-start=\"1304\" data-end=\"1373\">V\u00e9rifiez la compatibilit\u00e9 de votre ordinateur portable avant l&rsquo;achat.<\/li>\n<\/ul>\n<p data-start=\"1375\" data-end=\"1475\">\ud83d\udcf8 <strong data-start=\"1378\" data-end=\"1394\">Photos r\u00e9elles\u00a0:<\/strong> Les images de cette annonce montrent les pi\u00e8ces exactes que vous recevrez\u00a0; aucune surprise\u00a0!<\/p>\n<p data-start=\"1477\" data-end=\"1631\">\u2753 <strong data-start=\"1479\" data-end=\"1493\">Besoin d&rsquo;aide\u00a0?<\/strong> Bien que nous ne fournissions pas d&rsquo;instructions d&rsquo;installation, n&rsquo;h\u00e9sitez pas \u00e0 <strong data-start=\"1557\" data-end=\"1571\">nous contacter par message<\/strong> si vous avez besoin d&rsquo;aide avant ou apr\u00e8s votre achat.<\/p>\n<p data-start=\"1633\" data-end=\"1759\">\ud83d\udce6 <strong data-start=\"1636\" data-end=\"1664\">Livraison rapide dans le monde entier\u00a0!<\/strong> Retrouvez votre Chromebook comme neuf gr\u00e2ce \u00e0 ces <strong data-start=\"1719\" data-end=\"1756\">pi\u00e8ces de rechange Samsung d&rsquo;origine pi\u00e8ces<\/strong>.<\/p>\n","protected":false},"excerpt":{"rendered":"<p>Charni\u00e8res et webcam d&rsquo;origine pour Samsung Chromebook XE303C12\/303C. Id\u00e9al pour r\u00e9parer des charni\u00e8res desserr\u00e9es ou une webcam d\u00e9fectueuse. <strong data-start=\"458\" data-end=\"505\">Photos r\u00e9elles\u00a0: ce que vous voyez est ce que vous obtenez\u00a0!<\/strong><\/p>\n","protected":false},"featured_media":16875,"template":"","meta":[],"product_brand":[],"product_cat":[59],"product_tag":[84],"class_list":{"0":"post-16799","1":"product","2":"type-product","3":"status-publish","4":"has-post-thumbnail","6":"product_cat-laptop-camera","7":"product_tag-samsung","9":"first","10":"instock","11":"taxable","12":"shipping-taxable","13":"purchasable","14":"product-type-simple"},"_links":{"self":[{"href":"https:\/\/boreait.com\/fr\/wp-json\/wp\/v2\/product\/16799","targetHints":{"allow":["GET"]}}],"collection":[{"href":"https:\/\/boreait.com\/fr\/wp-json\/wp\/v2\/product"}],"about":[{"href":"https:\/\/boreait.com\/fr\/wp-json\/wp\/v2\/types\/product"}],"wp:featuredmedia":[{"embeddable":true,"href":"https:\/\/boreait.com\/fr\/wp-json\/wp\/v2\/media\/16875"}],"wp:attachment":[{"href":"https:\/\/boreait.com\/fr\/wp-json\/wp\/v2\/media?parent=16799"}],"wp:term":[{"taxonomy":"product_brand","embeddable":true,"href":"https:\/\/boreait.com\/fr\/wp-json\/wp\/v2\/product_brand?post=16799"},{"taxonomy":"product_cat","embeddable":true,"href":"https:\/\/boreait.com\/fr\/wp-json\/wp\/v2\/product_cat?post=16799"},{"taxonomy":"product_tag","embeddable":true,"href":"https:\/\/boreait.com\/fr\/wp-json\/wp\/v2\/product_tag?post=16799"}],"curies":[{"name":"wp","href":"https:\/\/api.w.org\/{rel}","templated":true}]}}