{"id":16790,"date":"2025-09-16T16:37:45","date_gmt":"2025-09-16T14:37:45","guid":{"rendered":"https:\/\/boreait.com\/fr\/?post_type=product&#038;p=16790"},"modified":"2025-09-16T16:41:03","modified_gmt":"2025-09-16T14:41:03","slug":"ecran-lcd-b116xw03-v1-pour-samsung-chromebook-xe303c12-303c-116-hd","status":"publish","type":"product","link":"https:\/\/boreait.com\/fr\/produit\/ecran-lcd-b116xw03-v1-pour-samsung-chromebook-xe303c12-303c-116-hd\/","title":{"rendered":"\u00c9cran LCD B116XW03 V1 pour Samsung Chromebook XE303C12 303C 11,6&Prime; HD"},"content":{"rendered":"<p data-start=\"597\" data-end=\"863\">Mettez \u00e0 niveau votre <strong data-start=\"610\" data-end=\"648\">Samsung Chromebook XE303C12 \/ 303C<\/strong> avec cet <strong data-start=\"659\" data-end=\"697\">\u00e9cran LCD de remplacement B116XW03 V1<\/strong>. Que votre ancien \u00e9cran soit fissur\u00e9, scintille ou pr\u00e9sente des pixels morts, cet <strong data-start=\"785\" data-end=\"809\">\u00e9cran HD 11,6 pouces<\/strong> de haute qualit\u00e9 restaurera la clart\u00e9 et les performances de votre ordinateur portable.<\/p>\n<p data-start=\"865\" data-end=\"1257\">\ud83d\udd39 <strong data-start=\"868\" data-end=\"885\">Caract\u00e9ristiques principales\u00a0:<\/strong><br data-start=\"885\" data-end=\"888\" \/>\u2714 <strong data-start=\"890\" data-end=\"923\">Panneau LCD B116XW03 V1 d&rsquo;origine<\/strong> \u2013 \u00c9cran fiable et de haute qualit\u00e9<br data-start=\"959\" data-end=\"962\" \/>\u2714 <strong data-start=\"964\" data-end=\"980\">Taille de l&rsquo;\u00e9cran\u00a0:<\/strong> <strong data-start=\"981\" data-end=\"996\">11,6 pouces<\/strong> \u2013 Remplacement id\u00e9al pour le Samsung Chromebook XE303C12<br data-start=\"1050\" data-end=\"1053\" \/>\u2714 <strong data-start=\"1055\" data-end=\"1070\">R\u00e9solution\u00a0:<\/strong> <strong data-start=\"1071\" data-end=\"1088\">1\u00a0366 x 768 (HD)<\/strong> \u2013 Images nettes et couleurs vives<br data-start=\"1123\" data-end=\"1126\" \/>\u2714 <strong data-start=\"1128\" data-end=\"1142\">Connecteur\u00a0:<\/strong> <strong data-start=\"1143\" data-end=\"1157\">eDP 40 broches<\/strong> \u2013 V\u00e9rifiez la compatibilit\u00e9 avant l&rsquo;achat<br data-start=\"1196\" data-end=\"1199\" \/>\u2714 <strong data-start=\"1201\" data-end=\"1217\">Finition mate<\/strong> \u2013 R\u00e9duit les reflets pour une meilleure visibilit\u00e9<\/p>\n<p data-start=\"1259\" data-end=\"1282\">\ud83d\udca1 <strong data-start=\"1262\" data-end=\"1280\">Compatibilit\u00e9\u00a0:<\/strong><\/p>\n<ul data-start=\"1283\" data-end=\"1438\">\n<li data-start=\"1283\" data-end=\"1366\">Samsung Chromebook <strong data-start=\"1304\" data-end=\"1323\">XE303C12 \/ 303C<\/strong> (V\u00e9rifiez votre mod\u00e8le exact avant de commander)<\/li>\n<li data-start=\"1367\" data-end=\"1438\">Compatible avec les ordinateurs portables utilisant <strong data-start=\"1399\" data-end=\"1436\">B116XW03 \u00c9crans V1 ou \u00e9quivalents<\/strong><\/li>\n<\/ul>\n<p data-start=\"1440\" data-end=\"1589\">\ud83d\udcf8 <strong data-start=\"1443\" data-end=\"1459\">Photos r\u00e9elles\u00a0:<\/strong> Les photos de cette annonce montrent exactement l&rsquo;<strong data-start=\"1504\" data-end=\"1538\">\u00e9cran d&rsquo;ordinateur portable que vous recevrez<\/strong>. Pas d&rsquo;images libres de droits\u00a0! Vous recevrez ce que vous voyez\u00a0!<\/p>\n<p data-start=\"1591\" data-end=\"1715\">\u2753 <strong data-start=\"1593\" data-end=\"1607\">Besoin d&rsquo;aide\u00a0?<\/strong> Bien que nous ne fournissions pas d&rsquo;instructions d&rsquo;installation, n&rsquo;h\u00e9sitez pas \u00e0 <strong data-start=\"1671\" data-end=\"1685\">nous contacter par message<\/strong> si vous avez besoin d&rsquo;aide.<\/p>\n<p data-start=\"1717\" data-end=\"1839\">\ud83d\udce6 <strong data-start=\"1720\" data-end=\"1748\">Livraison rapide dans le monde entier\u00a0!<\/strong> Retrouvez votre <strong data-start=\"1758\" data-end=\"1790\">Chromebook en parfait \u00e9tat<\/strong> gr\u00e2ce \u00e0 cet <strong data-start=\"1801\" data-end=\"1836\">\u00e9cran de remplacement haute qualit\u00e9<\/strong>.<\/p>\n","protected":false},"excerpt":{"rendered":"<p>Remplacez votre \u00e9cran endommag\u00e9 par ce <strong data-start=\"378\" data-end=\"403\">panneau LCD B116XW03 V1<\/strong>, enti\u00e8rement compatible avec le <strong data-start=\"427\" data-end=\"465\">Samsung Chromebook XE303C12 \/ 303C<\/strong>. <strong data-start=\"467\" data-end=\"514\">Photos r\u00e9elles\u00a0: vous obtenez exactement ce que vous voyez\u00a0!<\/strong><\/p>\n","protected":false},"featured_media":16871,"template":"","meta":[],"product_brand":[],"product_cat":[99,57],"product_tag":[84],"class_list":{"0":"post-16790","1":"product","2":"type-product","3":"status-publish","4":"has-post-thumbnail","6":"product_cat-11-6","7":"product_cat-laptop-screens-lcd-panels","8":"product_tag-samsung","10":"first","11":"instock","12":"taxable","13":"shipping-taxable","14":"purchasable","15":"product-type-simple"},"_links":{"self":[{"href":"https:\/\/boreait.com\/fr\/wp-json\/wp\/v2\/product\/16790","targetHints":{"allow":["GET"]}}],"collection":[{"href":"https:\/\/boreait.com\/fr\/wp-json\/wp\/v2\/product"}],"about":[{"href":"https:\/\/boreait.com\/fr\/wp-json\/wp\/v2\/types\/product"}],"wp:featuredmedia":[{"embeddable":true,"href":"https:\/\/boreait.com\/fr\/wp-json\/wp\/v2\/media\/16871"}],"wp:attachment":[{"href":"https:\/\/boreait.com\/fr\/wp-json\/wp\/v2\/media?parent=16790"}],"wp:term":[{"taxonomy":"product_brand","embeddable":true,"href":"https:\/\/boreait.com\/fr\/wp-json\/wp\/v2\/product_brand?post=16790"},{"taxonomy":"product_cat","embeddable":true,"href":"https:\/\/boreait.com\/fr\/wp-json\/wp\/v2\/product_cat?post=16790"},{"taxonomy":"product_tag","embeddable":true,"href":"https:\/\/boreait.com\/fr\/wp-json\/wp\/v2\/product_tag?post=16790"}],"curies":[{"name":"wp","href":"https:\/\/api.w.org\/{rel}","templated":true}]}}