{"id":16789,"date":"2025-09-16T16:37:44","date_gmt":"2025-09-16T14:37:44","guid":{"rendered":"https:\/\/boreait.com\/fr\/?post_type=product&#038;p=16789"},"modified":"2025-09-16T16:40:55","modified_gmt":"2025-09-16T14:40:55","slug":"charnieres-pour-samsung-chromebook-xe303c12-303c-pieces-dorigine-pour-ordinateur-portable","status":"publish","type":"product","link":"https:\/\/boreait.com\/fr\/produit\/charnieres-pour-samsung-chromebook-xe303c12-303c-pieces-dorigine-pour-ordinateur-portable\/","title":{"rendered":"Charni\u00e8res pour Samsung Chromebook XE303C12\/303C \u2013 Pi\u00e8ces d&rsquo;origine pour ordinateur portable"},"content":{"rendered":"<p data-start=\"548\" data-end=\"794\">Remettez votre <strong data-start=\"557\" data-end=\"595\">Samsung Chromebook XE303C12 \/ 303C<\/strong> en \u00e9tat de marche avec cet ensemble de <strong data-start=\"635\" data-end=\"660\">charni\u00e8res d&rsquo;ordinateur portable authentiques<\/strong>. Si l&rsquo;\u00e9cran de votre Chromebook est mal fix\u00e9, ne reste pas en place ou pr\u00e9sente des charni\u00e8res cass\u00e9es, ce kit de remplacement est exactement ce qu&rsquo;il vous faut.<\/p>\n<p data-start=\"796\" data-end=\"1087\">\ud83d\udd39 <strong data-start=\"799\" data-end=\"816\">Caract\u00e9ristiques principales\u00a0:<\/strong><br data-start=\"816\" data-end=\"819\" \/>\u2714 <strong data-start=\"821\" data-end=\"846\">Pi\u00e8ces Samsung d&rsquo;origine<\/strong> \u2013 Con\u00e7ues pour les mod\u00e8les <strong data-start=\"862\" data-end=\"881\">XE303C12 \/ 303C<\/strong><br data-start=\"888\" data-end=\"891\" \/>\u2714 <strong data-start=\"893\" data-end=\"913\">Durable et Robuste<\/strong> \u2013 Con\u00e7u pour des performances durables<br data-start=\"950\" data-end=\"953\" \/>\u2714 <strong data-start=\"955\" data-end=\"970\">Ajustement parfait<\/strong> \u2013 Con\u00e7u pour s&rsquo;adapter aux charni\u00e8res d&rsquo;origine<br data-start=\"1012\" data-end=\"1015\" \/>\u2714 <strong data-start=\"1017\" data-end=\"1037\">Fonctionnement fluide<\/strong> \u2013 Restaure le mouvement et la stabilit\u00e9 de l&rsquo;\u00e9cran<\/p>\n<p data-start=\"1089\" data-end=\"1112\">\ud83d\udca1 <strong data-start=\"1092\" data-end=\"1110\">Compatibilit\u00e9\u00a0:<\/strong><\/p>\n<ul data-start=\"1113\" data-end=\"1225\">\n<li data-start=\"1113\" data-end=\"1172\">Sp\u00e9cialement con\u00e7u pour <strong data-start=\"1132\" data-end=\"1170\">Samsung Chromebook XE303C12 \/ 303C<\/strong><\/li>\n<li data-start=\"1173\" data-end=\"1225\">Remplacement direct des charni\u00e8res us\u00e9es ou cass\u00e9es<\/li>\n<\/ul>\n<p data-start=\"1227\" data-end=\"1350\">\ud83d\udcf8 <strong data-start=\"1230\" data-end=\"1246\">Photos r\u00e9elles\u00a0:<\/strong> Les images de cette annonce montrent les <strong data-start=\"1283\" data-end=\"1315\">pi\u00e8ces exactes que vous recevrez<\/strong>\u00a0\u2013 pas de photos d&rsquo;archives, pas de surprises\u00a0!<\/p>\n<p data-start=\"1352\" data-end=\"1506\">\u2753 <strong data-start=\"1354\" data-end=\"1368\">Besoin d&rsquo;aide\u00a0?<\/strong> En attendant, Nous ne fournissons pas d&rsquo;instructions d&rsquo;installation. N&rsquo;h\u00e9sitez pas \u00e0 nous <strong data-start=\"1432\" data-end=\"1446\">nous contacter par message<\/strong> si vous avez besoin d&rsquo;aide avant ou apr\u00e8s votre achat.<\/p>\n<p data-start=\"1508\" data-end=\"1632\">\ud83d\udce6 <strong data-start=\"1511\" data-end=\"1539\">Livraison rapide dans le monde entier\u00a0!<\/strong> Retrouvez votre Chromebook comme neuf gr\u00e2ce \u00e0 ces <strong data-start=\"1594\" data-end=\"1629\">charni\u00e8res de rechange de haute qualit\u00e9<\/strong>.<\/p>\n","protected":false},"excerpt":{"rendered":"<p>Restaurez votre <strong data-start=\"308\" data-end=\"346\">Samsung Chromebook XE303C12 \/ 303C<\/strong> avec ces <strong data-start=\"358\" data-end=\"388\">charni\u00e8res de rechange d&rsquo;origine<\/strong>. Ajustement parfait, construction durable. <strong data-start=\"418\" data-end=\"465\">Photos r\u00e9elles\u00a0: ce que vous voyez est ce que vous obtenez\u00a0!<\/strong><\/p>\n","protected":false},"featured_media":16870,"template":"","meta":[],"product_brand":[],"product_cat":[55],"product_tag":[84],"class_list":{"0":"post-16789","1":"product","2":"type-product","3":"status-publish","4":"has-post-thumbnail","6":"product_cat-screen-hinge","7":"product_tag-samsung","9":"first","10":"instock","11":"taxable","12":"shipping-taxable","13":"purchasable","14":"product-type-simple"},"_links":{"self":[{"href":"https:\/\/boreait.com\/fr\/wp-json\/wp\/v2\/product\/16789","targetHints":{"allow":["GET"]}}],"collection":[{"href":"https:\/\/boreait.com\/fr\/wp-json\/wp\/v2\/product"}],"about":[{"href":"https:\/\/boreait.com\/fr\/wp-json\/wp\/v2\/types\/product"}],"wp:featuredmedia":[{"embeddable":true,"href":"https:\/\/boreait.com\/fr\/wp-json\/wp\/v2\/media\/16870"}],"wp:attachment":[{"href":"https:\/\/boreait.com\/fr\/wp-json\/wp\/v2\/media?parent=16789"}],"wp:term":[{"taxonomy":"product_brand","embeddable":true,"href":"https:\/\/boreait.com\/fr\/wp-json\/wp\/v2\/product_brand?post=16789"},{"taxonomy":"product_cat","embeddable":true,"href":"https:\/\/boreait.com\/fr\/wp-json\/wp\/v2\/product_cat?post=16789"},{"taxonomy":"product_tag","embeddable":true,"href":"https:\/\/boreait.com\/fr\/wp-json\/wp\/v2\/product_tag?post=16789"}],"curies":[{"name":"wp","href":"https:\/\/api.w.org\/{rel}","templated":true}]}}