{"id":16780,"date":"2025-09-16T16:37:20","date_gmt":"2025-09-16T14:37:20","guid":{"rendered":"https:\/\/boreait.com\/fr\/?post_type=product&#038;p=16780"},"modified":"2025-09-16T16:40:33","modified_gmt":"2025-09-16T14:40:33","slug":"clavier-dordinateur-portable-hp-6531s-6731s-6530s-ph-pn-701485-ba1-pieces-dorigine","status":"publish","type":"product","link":"https:\/\/boreait.com\/fr\/produit\/clavier-dordinateur-portable-hp-6531s-6731s-6530s-ph-pn-701485-ba1-pieces-dorigine\/","title":{"rendered":"Clavier d&rsquo;ordinateur portable HP 6531S 6731S 6530S (PH PN 701485-BA1) \u2013 Pi\u00e8ces d&rsquo;origine"},"content":{"rendered":"<p data-start=\"603\" data-end=\"673\"><strong>Apr\u00e8s votre achat, envoyez-nous un message et indiquez-nous la ou les touches souhait\u00e9es. Toutes les touches disponibles sont pr\u00e9sent\u00e9es sur la photo de l&rsquo;annonce\u00a0!<\/strong><\/p>\n<p data-start=\"603\" data-end=\"673\"><strong data-start=\"606\" data-end=\"671\">Touches de clavier HP 6531S \/ 6731S \/ 6530S \u2013 Pi\u00e8ces d&rsquo;origine pour ordinateur portable<\/strong><\/p>\n<p data-start=\"675\" data-end=\"871\">Touches de clavier perdues ou endommag\u00e9es\u00a0? Ce <strong data-start=\"711\" data-end=\"738\">jeu de touches de rechange<\/strong> est parfaitement compatible avec vos <strong data-start=\"766\" data-end=\"810\">ordinateurs portables HP 6531S, 6731S et 6530S<\/strong>, garantissant un ajustement parfait et une exp\u00e9rience de frappe r\u00e9active.<\/p>\n<h3 data-start=\"873\" data-end=\"898\"><strong data-start=\"877\" data-end=\"896\">\u2705 Principales caract\u00e9ristiques\u00a0:<\/strong><\/h3>\n<p data-start=\"899\" data-end=\"1274\">\u2714 <strong data-start=\"901\" data-end=\"929\">Touches de clavier HP d&rsquo;origine<\/strong> \u2013 Remplacement id\u00e9al en cas de touches perdues ou cass\u00e9es<br data-start=\"975\" data-end=\"978\" \/>\u2714 <strong data-start=\"980\" data-end=\"1009\">Compatible avec les mod\u00e8les HP<\/strong> \u2013 6531S, 6731S, 6530S (v\u00e9rifiez PH PN 701485-BA1)<br data-start=\"1056\" data-end=\"1059\" \/>\u2714 <strong data-start=\"1061\" data-end=\"1082\">M\u00eame forme et Sensation<\/strong> \u2013 Assure une exp\u00e9rience de frappe homog\u00e8ne<br data-start=\"1123\" data-end=\"1126\" \/>\u2714 <strong data-start=\"1128\" data-end=\"1147\">Facile \u00e0 installer<\/strong> \u2013 Il suffit de les enclencher (charni\u00e8res non incluses)<br data-start=\"1197\" data-end=\"1200\" \/>\u2714 <strong data-start=\"1202\" data-end=\"1226\">Photos r\u00e9elles fournies<\/strong> \u2013 Ce que vous voyez est exactement ce que vous recevrez<\/p>\n<h3 data-start=\"1276\" data-end=\"1303\"><strong data-start=\"1280\" data-end=\"1301\">\ud83d\udee0 Compatibilit\u00e9\u00a0:<\/strong><\/h3>\n<ul data-start=\"1304\" data-end=\"1451\">\n<li data-start=\"1304\" data-end=\"1365\">Compatible avec les ordinateurs portables HP des s\u00e9ries <strong data-start=\"1322\" data-end=\"1363\">6531S, 6731S et 6530S<\/strong><\/li>\n<li data-start=\"1366\" data-end=\"1451\">R\u00e9f\u00e9rence\u00a0: <strong data-start=\"1381\" data-end=\"1395\">701485-BA1<\/strong> (Veuillez v\u00e9rifier la compatibilit\u00e9 avec votre clavier actuel avant l&rsquo;achat)<\/li>\n<\/ul>\n<p data-start=\"1453\" data-end=\"1540\">\ud83d\udcf8 <strong data-start=\"1456\" data-end=\"1472\">Photos r\u00e9elles\u00a0:<\/strong> Les images de cette annonce montrent les touches r\u00e9elles que vous recevrez\u00a0!<\/p>\n<p data-start=\"1542\" data-end=\"1657\">\u2753 <strong data-start=\"1544\" data-end=\"1558\">Besoin d&rsquo;aide\u00a0?<\/strong> Nous ne fournissons pas d&rsquo;instructions d&rsquo;installation, mais n&rsquo;h\u00e9sitez pas \u00e0 nous <strong data-start=\"1621\" data-end=\"1635\">envoyer un message<\/strong> pour obtenir de l&rsquo;aide.<\/p>\n<p data-start=\"1659\" data-end=\"1741\">\ud83d\udce6 <strong data-start=\"1662\" data-end=\"1690\">Livraison rapide dans le monde entier\u00a0!<\/strong> Retrouvez le clavier de votre ordinateur portable comme neuf.<\/p>\n","protected":false},"excerpt":{"rendered":"<p>Besoin de touches de remplacement pour votre ordinateur portable HP 6531S \/ 6731S \/ 6530S\u00a0? Ces touches de clavier authentiques (PH PN 701485-BA1) sont parfaitement adapt\u00e9es. Photos r\u00e9elles\u00a0: ce que vous voyez est ce que vous obtenez\u00a0!<\/p>\n","protected":false},"featured_media":16859,"template":"","meta":[],"product_brand":[],"product_cat":[60],"product_tag":[61],"class_list":{"0":"post-16780","1":"product","2":"type-product","3":"status-publish","4":"has-post-thumbnail","6":"product_cat-individual-keyboard-keys","7":"product_tag-hp","9":"first","10":"instock","11":"taxable","12":"shipping-taxable","13":"purchasable","14":"product-type-simple"},"_links":{"self":[{"href":"https:\/\/boreait.com\/fr\/wp-json\/wp\/v2\/product\/16780","targetHints":{"allow":["GET"]}}],"collection":[{"href":"https:\/\/boreait.com\/fr\/wp-json\/wp\/v2\/product"}],"about":[{"href":"https:\/\/boreait.com\/fr\/wp-json\/wp\/v2\/types\/product"}],"wp:featuredmedia":[{"embeddable":true,"href":"https:\/\/boreait.com\/fr\/wp-json\/wp\/v2\/media\/16859"}],"wp:attachment":[{"href":"https:\/\/boreait.com\/fr\/wp-json\/wp\/v2\/media?parent=16780"}],"wp:term":[{"taxonomy":"product_brand","embeddable":true,"href":"https:\/\/boreait.com\/fr\/wp-json\/wp\/v2\/product_brand?post=16780"},{"taxonomy":"product_cat","embeddable":true,"href":"https:\/\/boreait.com\/fr\/wp-json\/wp\/v2\/product_cat?post=16780"},{"taxonomy":"product_tag","embeddable":true,"href":"https:\/\/boreait.com\/fr\/wp-json\/wp\/v2\/product_tag?post=16780"}],"curies":[{"name":"wp","href":"https:\/\/api.w.org\/{rel}","templated":true}]}}