{"id":16779,"date":"2025-09-16T16:37:20","date_gmt":"2025-09-16T14:37:20","guid":{"rendered":"https:\/\/boreait.com\/fr\/?post_type=product&#038;p=16779"},"modified":"2025-10-17T08:51:35","modified_gmt":"2025-10-17T06:51:35","slug":"clavier-lenovo-thinkpad-t470s-fru-01en707-piece-de-rechange-dorigine-pour-ordinateur-portable","status":"publish","type":"product","link":"https:\/\/boreait.com\/fr\/produit\/clavier-lenovo-thinkpad-t470s-fru-01en707-piece-de-rechange-dorigine-pour-ordinateur-portable\/","title":{"rendered":"Clavier Lenovo ThinkPad T470S (FRU 01EN707) \u2013 Pi\u00e8ce de rechange d&rsquo;origine pour ordinateur portable"},"content":{"rendered":"<p data-start=\"611\" data-end=\"860\"><strong>Apr\u00e8s votre achat, envoyez-nous un message et indiquez-nous la ou les touches souhait\u00e9es. Toutes les touches disponibles sont pr\u00e9sent\u00e9es sur la photo de la fiche produit\u00a0!<\/strong><\/p>\n<p data-start=\"611\" data-end=\"860\">Am\u00e9liorez votre <strong data-start=\"624\" data-end=\"642\">ThinkPad T470S<\/strong> avec ce <strong data-start=\"653\" data-end=\"694\">clavier Lenovo d&rsquo;origine (FRU 01EN707)<\/strong>. Que vous soyez confront\u00e9 \u00e0 des <strong data-start=\"724\" data-end=\"780\">touches manquantes, des lettres us\u00e9es ou un clavier d\u00e9fectueux<\/strong>, cette <strong data-start=\"787\" data-end=\"806\">pi\u00e8ce de rechange OEM<\/strong> garantit un ajustement parfait et une exp\u00e9rience de frappe fluide.<\/p>\n<p data-start=\"862\" data-end=\"1293\">\ud83d\udd39 <strong data-start=\"865\" data-end=\"882\">Caract\u00e9ristiques principales\u00a0:<\/strong><br data-start=\"882\" data-end=\"885\" \/>\u2714 <strong data-start=\"887\" data-end=\"917\">Lenovo FRU 01EN707 d&rsquo;origine<\/strong> \u2013 Con\u00e7u sp\u00e9cifiquement pour le ThinkPad T470S<br data-start=\"964\" data-end=\"967\" \/>\u2714 <strong data-start=\"969\" data-end=\"997\">Individuel Touches incluses<\/strong> \u2013 Remplacez des touches sp\u00e9cifiques ou le clavier complet.<br data-start=\"1042\" data-end=\"1045\" \/>\u2714 <strong data-start=\"1047\" data-end=\"1079\">Clavier d&rsquo;ordinateur portable de haute qualit\u00e9<\/strong> \u2013 Garantit une durabilit\u00e9 et une r\u00e9activit\u00e9 optimales.<br data-start=\"1127\" data-end=\"1130\" \/>\u2714 <strong data-start=\"1132\" data-end=\"1156\">Ajustement d&rsquo;origine<\/strong> \u2013 S&rsquo;adapte au design de votre ordinateur portable sans aucune modification.<br data-start=\"1218\" data-end=\"1221\" \/>\u2714 <strong data-start=\"1223\" data-end=\"1244\">Installation facile<\/strong> \u2013 Connexion standard pour un remplacement facile.<\/p>\n<p data-start=\"1295\" data-end=\"1318\">\ud83d\udca1 <strong data-start=\"1298\" data-end=\"1316\">Compatibilit\u00e9\u00a0:<\/strong><\/p>\n<ul data-start=\"1319\" data-end=\"1507\">\n<li data-start=\"1319\" data-end=\"1405\">Con\u00e7u pour le <strong data-start=\"1334\" data-end=\"1359\">Lenovo ThinkPad T470S<\/strong> (v\u00e9rifiez le mod\u00e8le de votre ordinateur portable avant l&rsquo;achat)<\/li>\n<li data-start=\"1406\" data-end=\"1507\">Connecteur de c\u00e2ble plat standard <strong data-start=\"1417\" data-end=\"1443\">\u2013 Garantit la compatibilit\u00e9 avec l&rsquo;interface existante de votre ordinateur portable.<\/li>\n<\/ul>\n<p data-start=\"1509\" data-end=\"1610\">\ud83d\udcf8 <strong data-start=\"1512\" data-end=\"1528\">Photos r\u00e9elles\u00a0:<\/strong> Les images pr\u00e9sent\u00e9es ici Les articles list\u00e9s correspondent exactement \u00e0 l&rsquo;article que vous recevrez\u00a0\u2013 pas de surprise\u00a0!<\/p>\n<p data-start=\"1612\" data-end=\"1760\">\u2753 <strong data-start=\"1614\" data-end=\"1628\">Besoin d&rsquo;aide\u00a0?<\/strong> Nous ne fournissons pas d&rsquo;instructions d&rsquo;installation, mais n&rsquo;h\u00e9sitez pas \u00e0 <strong data-start=\"1690\" data-end=\"1704\">nous contacter<\/strong> si vous avez besoin d&rsquo;aide avant ou apr\u00e8s votre achat.<\/p>\n<p data-start=\"1762\" data-end=\"1892\">\ud83d\udce6 <strong data-start=\"1765\" data-end=\"1793\">Livraison rapide dans le monde entier\u00a0!<\/strong> Retrouvez votre <strong data-start=\"1803\" data-end=\"1821\">ThinkPad T470S<\/strong> en parfait \u00e9tat gr\u00e2ce \u00e0 cette <strong data-start=\"1850\" data-end=\"1889\">pi\u00e8ce de rechange Lenovo d&rsquo;origine clavier<\/strong>.<\/p>\n","protected":false},"excerpt":{"rendered":"<p data-start=\"330\" data-end=\"530\">Remplacez votre clavier us\u00e9 par ce <strong data-start=\"371\" data-end=\"428\">clavier Lenovo ThinkPad T470S d&rsquo;origine (FRU 01EN707)<\/strong>. Il est \u00e9quip\u00e9 de <strong data-start=\"441\" data-end=\"460\">touches individuelles<\/strong> pour une frappe pr\u00e9cise. <strong data-start=\"481\" data-end=\"528\">Photos r\u00e9elles\u00a0: ce que vous voyez est ce que vous obtenez\u00a0!<\/strong><\/p>\n","protected":false},"featured_media":18689,"template":"","meta":[],"product_brand":[],"product_cat":[60],"product_tag":[62],"class_list":{"0":"post-16779","1":"product","2":"type-product","3":"status-publish","4":"has-post-thumbnail","6":"product_cat-individual-keyboard-keys","7":"product_tag-lenovo","9":"first","10":"instock","11":"taxable","12":"shipping-taxable","13":"purchasable","14":"product-type-simple"},"_links":{"self":[{"href":"https:\/\/boreait.com\/fr\/wp-json\/wp\/v2\/product\/16779","targetHints":{"allow":["GET"]}}],"collection":[{"href":"https:\/\/boreait.com\/fr\/wp-json\/wp\/v2\/product"}],"about":[{"href":"https:\/\/boreait.com\/fr\/wp-json\/wp\/v2\/types\/product"}],"wp:featuredmedia":[{"embeddable":true,"href":"https:\/\/boreait.com\/fr\/wp-json\/wp\/v2\/media\/18689"}],"wp:attachment":[{"href":"https:\/\/boreait.com\/fr\/wp-json\/wp\/v2\/media?parent=16779"}],"wp:term":[{"taxonomy":"product_brand","embeddable":true,"href":"https:\/\/boreait.com\/fr\/wp-json\/wp\/v2\/product_brand?post=16779"},{"taxonomy":"product_cat","embeddable":true,"href":"https:\/\/boreait.com\/fr\/wp-json\/wp\/v2\/product_cat?post=16779"},{"taxonomy":"product_tag","embeddable":true,"href":"https:\/\/boreait.com\/fr\/wp-json\/wp\/v2\/product_tag?post=16779"}],"curies":[{"name":"wp","href":"https:\/\/api.w.org\/{rel}","templated":true}]}}