{"id":16778,"date":"2025-09-16T16:37:20","date_gmt":"2025-09-16T14:37:20","guid":{"rendered":"https:\/\/boreait.com\/fr\/?post_type=product&#038;p=16778"},"modified":"2025-09-16T16:40:11","modified_gmt":"2025-09-16T14:40:11","slug":"repose-poignets-et-touches-de-clavier-pour-acer-aspire-e1-531-pieces-dorigine-pour-ordinateur-portable","status":"publish","type":"product","link":"https:\/\/boreait.com\/fr\/produit\/repose-poignets-et-touches-de-clavier-pour-acer-aspire-e1-531-pieces-dorigine-pour-ordinateur-portable\/","title":{"rendered":"Repose-poignets et touches de clavier pour Acer Aspire E1-531 \u2013 Pi\u00e8ces d&rsquo;origine pour ordinateur portable"},"content":{"rendered":"<p data-start=\"547\" data-end=\"807\"><strong>Apr\u00e8s votre achat, envoyez-nous un message et indiquez-nous la ou les touches souhait\u00e9es. Toutes les touches disponibles sont pr\u00e9sent\u00e9es sur la photo de l&rsquo;annonce\u00a0!<\/strong><\/p>\n<p data-start=\"547\" data-end=\"807\">Redonnez \u00e0 votre <strong data-start=\"590\" data-end=\"612\">Acer Aspire E1-531<\/strong> l&rsquo;apparence et les fonctionnalit\u00e9s de son ordinateur gr\u00e2ce \u00e0 ce <strong data-start=\"623\" data-end=\"661\">repose-poignets et touches de clavier d&rsquo;origine<\/strong> de remplacement. Que votre clavier manque de touches ou que votre repose-poignets soit us\u00e9, cet ensemble garantit un <strong data-start=\"762\" data-end=\"804\">ajustement parfait et une compatibilit\u00e9 parfaite<\/strong>.<\/p>\n<p data-start=\"809\" data-end=\"1126\">\ud83d\udd39 <strong data-start=\"812\" data-end=\"829\">Caract\u00e9ristiques principales\u00a0:<\/strong><br data-start=\"829\" data-end=\"832\" \/>\u2714 <strong data-start=\"834\" data-end=\"856\">Pi\u00e8ce d&rsquo;origine Acer<\/strong> \u2013 Qualit\u00e9 fiable pour un ajustement parfait<br data-start=\"893\" data-end=\"896\" \/>\u2714 <strong data-start=\"898\" data-end=\"935\">Comprend un repose-poignets et Touches du clavier<\/strong> \u2013 Id\u00e9al pour la r\u00e9paration ou la restauration<br data-start=\"969\" data-end=\"972\" \/>\u2714 <strong data-start=\"974\" data-end=\"1012\">Compatible avec Acer Aspire E1-531<\/strong> \u2013 Assurez-vous que votre ordinateur portable a l&rsquo;air et fonctionne comme neuf<br data-start=\"1062\" data-end=\"1065\" \/>\u2714 <strong data-start=\"1067\" data-end=\"1092\">Durable et Confortable \u2013 Con\u00e7u pour une utilisation durable.<\/p>\n<p data-start=\"1128\" data-end=\"1151\">\ud83d\udca1 <strong data-start=\"1131\" data-end=\"1149\">Compatibilit\u00e9\u00a0:<\/strong><\/p>\n<ul data-start=\"1152\" data-end=\"1286\">\n<li data-start=\"1152\" data-end=\"1230\">Sp\u00e9cialement con\u00e7u pour <strong data-start=\"1171\" data-end=\"1193\">Acer Aspire E1-531<\/strong> (v\u00e9rifiez votre mod\u00e8le avant l&rsquo;achat).<\/li>\n<li data-start=\"1231\" data-end=\"1286\">Conception OEM standard <strong data-start=\"1242\" data-end=\"1256\">\u2013 Facilite l&rsquo;installation.<\/li>\n<\/ul>\n<p data-start=\"1288\" data-end=\"1389\">\ud83d\udcf8 <strong data-start=\"1291\" data-end=\"1307\">Photos r\u00e9elles\u00a0:<\/strong> Les images de cette annonce montrent l&rsquo;article exact que vous recevrez\u00a0; aucune surprise\u00a0!<\/p>\n<p data-start=\"1391\" data-end=\"1526\">\u2753 <strong data-start=\"1393\" data-end=\"1407\">Besoin d&rsquo;aide\u00a0?<\/strong> Nous ne fournissons pas d&rsquo;instructions d&rsquo;installation, mais vous pouvez <strong data-start=\"1464\" data-end=\"1478\">nous contacter par message<\/strong> pour obtenir de l&rsquo;aide avant ou apr\u00e8s votre achat.<\/p>\n<p data-start=\"1528\" data-end=\"1653\">\ud83d\udce6 <strong data-start=\"1531\" data-end=\"1559\">Livraison rapide dans le monde entier\u00a0!<\/strong> Redonnez un aspect neuf \u00e0 votre ordinateur portable gr\u00e2ce \u00e0 ce <strong data-start=\"1604\" data-end=\"1650\">Remplacement des touches du repose-poignets et du clavier Acer<\/strong>.<\/p>\n","protected":false},"excerpt":{"rendered":"<p>Repose-poignets avec touches de clavier d&rsquo;origine pour Acer Aspire E1-531. Id\u00e9al pour remplacer les pi\u00e8ces us\u00e9es ou endommag\u00e9es. Photos r\u00e9elles\u00a0: ce que vous voyez est ce que vous obtenez\u00a0!<\/p>\n","protected":false},"featured_media":16852,"template":"","meta":[],"product_brand":[],"product_cat":[60],"product_tag":[65],"class_list":{"0":"post-16778","1":"product","2":"type-product","3":"status-publish","4":"has-post-thumbnail","6":"product_cat-individual-keyboard-keys","7":"product_tag-acer","9":"first","10":"instock","11":"taxable","12":"shipping-taxable","13":"purchasable","14":"product-type-simple"},"_links":{"self":[{"href":"https:\/\/boreait.com\/fr\/wp-json\/wp\/v2\/product\/16778","targetHints":{"allow":["GET"]}}],"collection":[{"href":"https:\/\/boreait.com\/fr\/wp-json\/wp\/v2\/product"}],"about":[{"href":"https:\/\/boreait.com\/fr\/wp-json\/wp\/v2\/types\/product"}],"wp:featuredmedia":[{"embeddable":true,"href":"https:\/\/boreait.com\/fr\/wp-json\/wp\/v2\/media\/16852"}],"wp:attachment":[{"href":"https:\/\/boreait.com\/fr\/wp-json\/wp\/v2\/media?parent=16778"}],"wp:term":[{"taxonomy":"product_brand","embeddable":true,"href":"https:\/\/boreait.com\/fr\/wp-json\/wp\/v2\/product_brand?post=16778"},{"taxonomy":"product_cat","embeddable":true,"href":"https:\/\/boreait.com\/fr\/wp-json\/wp\/v2\/product_cat?post=16778"},{"taxonomy":"product_tag","embeddable":true,"href":"https:\/\/boreait.com\/fr\/wp-json\/wp\/v2\/product_tag?post=16778"}],"curies":[{"name":"wp","href":"https:\/\/api.w.org\/{rel}","templated":true}]}}