{"id":16777,"date":"2025-09-16T16:37:20","date_gmt":"2025-09-16T14:37:20","guid":{"rendered":"https:\/\/boreait.com\/fr\/?post_type=product&#038;p=16777"},"modified":"2026-01-03T12:16:57","modified_gmt":"2026-01-03T11:16:57","slug":"touches-de-clavier-cs1285-pour-lenovo-thinkpad-t530-pieces-de-rechange-dorigine-pour-ordinateur-portable","status":"publish","type":"product","link":"https:\/\/boreait.com\/fr\/produit\/touches-de-clavier-cs1285-pour-lenovo-thinkpad-t530-pieces-de-rechange-dorigine-pour-ordinateur-portable\/","title":{"rendered":"Touches de clavier CS1285 pour Lenovo ThinkPad T530 \u2013 Pi\u00e8ces de rechange d&rsquo;origine pour ordinateur portable"},"content":{"rendered":"<p data-start=\"567\" data-end=\"811\"><strong>Apr\u00e8s votre achat, envoyez-nous un message et indiquez-nous la ou les touches souhait\u00e9es. Toutes les touches disponibles sont pr\u00e9sent\u00e9es sur la photo de l&rsquo;annonce\u00a0!<\/strong><\/p>\n<p data-start=\"567\" data-end=\"811\">Redonnez vie \u00e0 votre <strong data-start=\"578\" data-end=\"602\">Lenovo ThinkPad T530<\/strong> gr\u00e2ce \u00e0 ce <strong data-start=\"626\" data-end=\"682\">jeu de touches de clavier de remplacement d&rsquo;origine (MOD\u00c8LE CS1285)<\/strong>. Que vous ayez une touche cass\u00e9e, us\u00e9e ou manquante, cette touche de rechange garantit un ajustement parfait et une exp\u00e9rience de frappe fluide. durabilit\u00e9<br data-start=\"907\" data-end=\"910\" \/>\u2714 <strong data-start=\"912\" data-end=\"929\">Mod\u00e8le : CS1285<\/strong> \u2013 Sp\u00e9cialement con\u00e7u pour le ThinkPad T530<br data-start=\"971\" data-end=\"974\" \/>\u2714 <strong data-start=\"976\" data-end=\"1011\">Saisie fluide et Sensation de r\u00e9activit\u00e9\u00a0: identique \u00e0 l&rsquo;original\u00a0!<br data-start=\"1037\" data-end=\"1040\" \/>\u2714 <strong data-start=\"1042\" data-end=\"1061\">Installation facile<\/strong>\u00a0: remplacement par simple pression sans avoir \u00e0 remplacer l&rsquo;ensemble du clavier.<br data-start=\"1120\" data-end=\"1123\" \/>\u2714 <strong data-start=\"1125\" data-end=\"1146\">Correspondance parfaite avec le fabricant d&rsquo;origine<\/strong>\u00a0: conception, couleur et police des touches identiques.<\/p>\n<p data-start=\"1190\" data-end=\"1213\">\ud83d\udca1 <strong data-start=\"1193\" data-end=\"1211\">Compatibilit\u00e9\u00a0:<\/strong><\/p>\n<ul data-start=\"1214\" data-end=\"1361\">\n<li data-start=\"1214\" data-end=\"1268\">Sp\u00e9cialement con\u00e7u pour le <strong data-start=\"1242\" data-end=\"1266\">Lenovo ThinkPad T530<\/strong><\/li>\n<li data-start=\"1269\" data-end=\"1361\">Peut \u00eatre compatible avec d&rsquo;autres mod\u00e8les Lenovo utilisant la <strong data-start=\"1309\" data-end=\"1335\">disposition de clavier CS1285<\/strong> (v\u00e9rifiez avant l&rsquo;achat)<\/li>\n<\/ul>\n<p data-start=\"1363\" data-end=\"1477\">\ud83d\udcf8 <strong data-start=\"1366\" data-end=\"1382\">Photos r\u00e9elles\u00a0:<\/strong> Les images de cette annonce montrent les <strong data-start=\"1425\" data-end=\"1442\">touches de clavier<\/strong> exactes que vous recevrez\u00a0\u2013 aucune surprise\u00a0!<\/p>\n<p data-start=\"1479\" data-end=\"1629\">\u2753 <strong data-start=\"1481\" data-end=\"1495\">Besoin d&rsquo;aide\u00a0?<\/strong> Bien que nous ne fournissions pas d&rsquo;instructions d&rsquo;installation, n&rsquo;h\u00e9sitez pas \u00e0 <strong data-start=\"1559\" data-end=\"1573\">nous contacter<\/strong> si vous avez besoin d&rsquo;aide avant ou apr\u00e8s votre achat.<\/p>\n<p data-start=\"1631\" data-end=\"1739\">\ud83d\udce6 <strong data-start=\"1634\" data-end=\"1662\">Livraison rapide dans le monde entier\u00a0!<\/strong> Restaurez votre <strong data-start=\"1676\" data-end=\"1693\">ThinkPad T530<\/strong> d\u00e8s aujourd&rsquo;hui gr\u00e2ce \u00e0 ces <strong data-start=\"1705\" data-end=\"1730\">touches de clavier d&rsquo;origine<\/strong>.<\/p>\n","protected":false},"excerpt":{"rendered":"<p>Remplacez les touches manquantes ou endommag\u00e9es de votre <strong data-start=\"367\" data-end=\"391\">Lenovo ThinkPad T530<\/strong> par ces <strong data-start=\"403\" data-end=\"435\">touches de clavier CS1285 authentiques<\/strong>. <strong data-start=\"437\" data-end=\"484\">Photos r\u00e9elles\u00a0: ce que vous voyez est ce que vous obtenez\u00a0!<\/strong><\/p>\n","protected":false},"featured_media":18737,"template":"","meta":[],"product_brand":[],"product_cat":[60],"product_tag":[62],"class_list":{"0":"post-16777","1":"product","2":"type-product","3":"status-publish","4":"has-post-thumbnail","6":"product_cat-individual-keyboard-keys","7":"product_tag-lenovo","9":"first","10":"instock","11":"taxable","12":"shipping-taxable","13":"purchasable","14":"product-type-simple"},"_links":{"self":[{"href":"https:\/\/boreait.com\/fr\/wp-json\/wp\/v2\/product\/16777","targetHints":{"allow":["GET"]}}],"collection":[{"href":"https:\/\/boreait.com\/fr\/wp-json\/wp\/v2\/product"}],"about":[{"href":"https:\/\/boreait.com\/fr\/wp-json\/wp\/v2\/types\/product"}],"wp:featuredmedia":[{"embeddable":true,"href":"https:\/\/boreait.com\/fr\/wp-json\/wp\/v2\/media\/18737"}],"wp:attachment":[{"href":"https:\/\/boreait.com\/fr\/wp-json\/wp\/v2\/media?parent=16777"}],"wp:term":[{"taxonomy":"product_brand","embeddable":true,"href":"https:\/\/boreait.com\/fr\/wp-json\/wp\/v2\/product_brand?post=16777"},{"taxonomy":"product_cat","embeddable":true,"href":"https:\/\/boreait.com\/fr\/wp-json\/wp\/v2\/product_cat?post=16777"},{"taxonomy":"product_tag","embeddable":true,"href":"https:\/\/boreait.com\/fr\/wp-json\/wp\/v2\/product_tag?post=16777"}],"curies":[{"name":"wp","href":"https:\/\/api.w.org\/{rel}","templated":true}]}}