{"id":16776,"date":"2025-09-16T16:37:19","date_gmt":"2025-09-16T14:37:19","guid":{"rendered":"https:\/\/boreait.com\/fr\/?post_type=product&#038;p=16776"},"modified":"2025-09-16T16:39:48","modified_gmt":"2025-09-16T14:39:48","slug":"repose-poignets-et-touches-de-clavier-pour-hp-probook-430-g6-piece-de-rechange-dorigine-pour-ordinateur-portable","status":"publish","type":"product","link":"https:\/\/boreait.com\/fr\/produit\/repose-poignets-et-touches-de-clavier-pour-hp-probook-430-g6-piece-de-rechange-dorigine-pour-ordinateur-portable\/","title":{"rendered":"Repose-poignets et touches de clavier pour HP ProBook 430 G6 \u2013 Pi\u00e8ce de rechange d&rsquo;origine pour ordinateur portable"},"content":{"rendered":"<p data-start=\"545\" data-end=\"786\"><strong>Apr\u00e8s votre achat, envoyez-nous un message et indiquez-nous la ou les touches souhait\u00e9es. Toutes les touches disponibles sont pr\u00e9sent\u00e9es sur la photo de l&rsquo;annonce\u00a0!<\/strong><\/p>\n<p data-start=\"545\" data-end=\"786\">Redonnez vie \u00e0 votre <strong data-start=\"557\" data-end=\"578\">HP ProBook 430 G6<\/strong> avec ce <strong data-start=\"589\" data-end=\"628\">repose-poignets et touches de clavier d&rsquo;origine<\/strong> de remplacement. Que votre clavier soit d\u00e9pourvu de touches ou que votre repose-poignets soit us\u00e9, cette <strong data-start=\"715\" data-end=\"734\">pi\u00e8ce d&rsquo;origine HP<\/strong> garantit un ajustement parfait et un fonctionnement optimal.<\/p>\n<p data-start=\"788\" data-end=\"1166\">\ud83d\udd39 <strong data-start=\"791\" data-end=\"808\">Caract\u00e9ristiques principales\u00a0:<\/strong><br data-start=\"808\" data-end=\"811\" \/>\u2714 <strong data-start=\"813\" data-end=\"832\">Pi\u00e8ce d&rsquo;origine HP<\/strong> \u2013 Con\u00e7ue sp\u00e9cifiquement pour le HP ProBook 430 G6<br data-start=\"878\" data-end=\"881\" \/>\u2714 <strong data-start=\"883\" data-end=\"920\">Comprend un repose-poignets et Touches du clavier<\/strong> \u2013 Remplacement complet du bo\u00eetier sup\u00e9rieur<br data-start=\"948\" data-end=\"951\" \/>\u2714 <strong data-start=\"953\" data-end=\"979\">Clavier pr\u00e9install\u00e9<\/strong> \u2013 Pas besoin de remplacement de touches s\u00e9par\u00e9es<br data-start=\"1019\" data-end=\"1022\" \/>\u2714 <strong data-start=\"1024\" data-end=\"1049\">Durable et Confortable<\/strong> \u2013 Exp\u00e9rience de frappe fluide avec une qualit\u00e9 de fabrication haut de gamme<br data-start=\"1103\" data-end=\"1106\" \/>\u2714 <strong data-start=\"1108\" data-end=\"1129\">Installation facile<\/strong> \u2013 Ajustement direct pour un remplacement rapide<\/p>\n<p data-start=\"1168\" data-end=\"1191\">\ud83d\udca1 <strong data-start=\"1171\" data-end=\"1189\">Compatibilit\u00e9\u00a0:<\/strong><\/p>\n<ul data-start=\"1192\" data-end=\"1343\">\n<li data-start=\"1192\" data-end=\"1267\">Con\u00e7u pour <strong data-start=\"1207\" data-end=\"1228\">HP ProBook 430 G6<\/strong> (V\u00e9rifiez le num\u00e9ro de mod\u00e8le avant l&rsquo;achat)<\/li>\n<li data-start=\"1268\" data-end=\"1343\">Clavier QWERTY standard <strong data-start=\"1279\" data-end=\"1305\">(V\u00e9rifiez la langue si n\u00e9cessaire)<\/li>\n<\/ul>\n<p data-start=\"1345\" data-end=\"1452\">\ud83d\udcf8 <strong data-start=\"1348\" data-end=\"1364\">Photos r\u00e9elles\u00a0:<\/strong> Les images de cette annonce repr\u00e9sentent la pi\u00e8ce que vous recevrez\u00a0; aucune image d&rsquo;archive\u00a0!<\/p>\n<p data-start=\"1454\" data-end=\"1574\">\u2753 <strong data-start=\"1456\" data-end=\"1470\">Besoin d&rsquo;aide\u00a0?<\/strong> Bien que nous ne fournissions pas d&rsquo;instructions d&rsquo;installation, n&rsquo;h\u00e9sitez pas \u00e0 <strong data-start=\"1534\" data-end=\"1548\">nous contacter par message<\/strong> si vous avez besoin d&rsquo;aide.<\/p>\n<p data-start=\"1576\" data-end=\"1695\">\ud83d\udce6 <strong data-start=\"1579\" data-end=\"1607\">Exp\u00e9dition rapide dans le monde entier\u00a0!<\/strong> Faites-vous livrer rapidement vos <strong data-start=\"1617\" data-end=\"1633\">pi\u00e8ces d\u00e9tach\u00e9es pour ordinateur portable<\/strong> afin de restaurer votre appareil \u00e0 son \u00e9tat optimal.<\/p>\n","protected":false},"excerpt":{"rendered":"<p>Repose-poignets d&rsquo;origine pour HP ProBook 430 G6 avec touches de clavier. Id\u00e9al pour remplacer les pi\u00e8ces us\u00e9es ou endommag\u00e9es. Photos authentiques\u00a0: vous obtenez ce que vous voyez\u00a0!<\/p>\n","protected":false},"featured_media":16844,"template":"","meta":[],"product_brand":[],"product_cat":[60],"product_tag":[61],"class_list":{"0":"post-16776","1":"product","2":"type-product","3":"status-publish","4":"has-post-thumbnail","6":"product_cat-individual-keyboard-keys","7":"product_tag-hp","9":"first","10":"instock","11":"taxable","12":"shipping-taxable","13":"purchasable","14":"product-type-simple"},"_links":{"self":[{"href":"https:\/\/boreait.com\/fr\/wp-json\/wp\/v2\/product\/16776","targetHints":{"allow":["GET"]}}],"collection":[{"href":"https:\/\/boreait.com\/fr\/wp-json\/wp\/v2\/product"}],"about":[{"href":"https:\/\/boreait.com\/fr\/wp-json\/wp\/v2\/types\/product"}],"wp:featuredmedia":[{"embeddable":true,"href":"https:\/\/boreait.com\/fr\/wp-json\/wp\/v2\/media\/16844"}],"wp:attachment":[{"href":"https:\/\/boreait.com\/fr\/wp-json\/wp\/v2\/media?parent=16776"}],"wp:term":[{"taxonomy":"product_brand","embeddable":true,"href":"https:\/\/boreait.com\/fr\/wp-json\/wp\/v2\/product_brand?post=16776"},{"taxonomy":"product_cat","embeddable":true,"href":"https:\/\/boreait.com\/fr\/wp-json\/wp\/v2\/product_cat?post=16776"},{"taxonomy":"product_tag","embeddable":true,"href":"https:\/\/boreait.com\/fr\/wp-json\/wp\/v2\/product_tag?post=16776"}],"curies":[{"name":"wp","href":"https:\/\/api.w.org\/{rel}","templated":true}]}}