{"id":16770,"date":"2025-09-16T16:36:55","date_gmt":"2025-09-16T14:36:55","guid":{"rendered":"https:\/\/boreait.com\/fr\/?post_type=product&#038;p=16770"},"modified":"2026-02-27T11:38:29","modified_gmt":"2026-02-27T10:38:29","slug":"repose-poignets-et-clavier-pour-hp-probook-450-g8-piece-de-rechange-dorigine-pour-ordinateur-portable","status":"publish","type":"product","link":"https:\/\/boreait.com\/fr\/produit\/repose-poignets-et-clavier-pour-hp-probook-450-g8-piece-de-rechange-dorigine-pour-ordinateur-portable\/","title":{"rendered":"Repose-poignets et clavier pour HP ProBook 450 G8 \u2013 Pi\u00e8ce de rechange d&rsquo;origine pour ordinateur portable"},"content":{"rendered":"<p data-start=\"592\" data-end=\"818\"><strong>Apr\u00e8s votre achat, envoyez-nous un message et indiquez-nous la ou les touches souhait\u00e9es. Toutes les touches disponibles sont pr\u00e9sent\u00e9es sur la photo de l&rsquo;annonce\u00a0!<\/strong><\/p>\n<p data-start=\"592\" data-end=\"818\">Restaure ton <strong data-start=\"605\" data-end=\"626\">HP ProBook 450 G8<\/strong> avec ce <strong data-start=\"637\" data-end=\"682\">repose-poignets et clavier de remplacement d&rsquo;origine<\/strong>. Que votre ancien clavier pr\u00e9sente des touches manquantes ou que le repose-poignets soit us\u00e9, cette <strong data-start=\"761\" data-end=\"781\">pi\u00e8ce HP d&rsquo;origine<\/strong> garantit un remplacement parfaitement adapt\u00e9.<\/p>\n<p data-start=\"820\" data-end=\"1176\">\ud83d\udd39 <strong data-start=\"823\" data-end=\"840\">Caract\u00e9ristiques principales\u00a0:<\/strong><br data-start=\"840\" data-end=\"843\" \/>\u2714 <strong data-start=\"845\" data-end=\"864\">Pi\u00e8ce HP d&rsquo;origine<\/strong> \u2013 Ajustement parfait et durabilit\u00e9 garantie<br data-start=\"901\" data-end=\"904\" \/>\u2714 <strong data-start=\"906\" data-end=\"938\">Repose-poignets et clavier inclus<\/strong> \u2013 Solution de remplacement tout-en-un<br data-start=\"972\" data-end=\"975\" \/>\u2714 <strong data-start=\"977\" data-end=\"1005\">Lisse et Touches r\u00e9actives<\/strong> \u2013 Con\u00e7ues pour une exp\u00e9rience de frappe confortable<br data-start=\"1052\" data-end=\"1055\" \/>\u2714 <strong data-start=\"1057\" data-end=\"1071\">Conception OEM<\/strong> \u2013 Finition identique \u00e0 celle d&rsquo;origine<br data-start=\"1109\" data-end=\"1112\" \/>\u2714 <strong data-start=\"1114\" data-end=\"1140\">Clavier pr\u00e9install\u00e9<\/strong> \u2013 Aucun assemblage suppl\u00e9mentaire requis<\/p>\n<p data-start=\"1178\" data-end=\"1201\">\ud83d\udca1 <strong data-start=\"1181\" data-end=\"1199\">Compatibilit\u00e9\u00a0:<\/strong><\/p>\n<ul data-start=\"1202\" data-end=\"1305\">\n<li data-start=\"1202\" data-end=\"1253\">Sp\u00e9cialement con\u00e7u pour <strong data-start=\"1230\" data-end=\"1251\">HP ProBook 450 G8<\/strong><\/li>\n<li data-start=\"1254\" data-end=\"1305\">V\u00e9rifiez la compatibilit\u00e9 avec votre mod\u00e8le d&rsquo;ordinateur portable.<\/li>\n<\/ul>\n<p data-start=\"1307\" data-end=\"1397\">\ud83d\udcf8 <strong data-start=\"1310\" data-end=\"1326\">Photos r\u00e9elles\u00a0:<\/strong> Les images de cette annonce montrent l&rsquo;article <strong data-start=\"1363\" data-end=\"1372\">exact<\/strong> que vous recevrez.<\/p>\n<p data-start=\"1399\" data-end=\"1521\">\u2753 <strong data-start=\"1401\" data-end=\"1415\">Besoin d&rsquo;aide\u00a0?<\/strong> Nous ne fournissons pas d&rsquo;instructions d&rsquo;installation, mais n&rsquo;h\u00e9sitez pas \u00e0 nous contacter. Pour <strong data-start=\"1477\" data-end=\"1491\">nous envoyer un message<\/strong> si vous avez besoin d&rsquo;aide.<\/p>\n<p data-start=\"1523\" data-end=\"1634\">\ud83d\udce6 <strong data-start=\"1526\" data-end=\"1554\">Livraison rapide dans le monde entier\u00a0!<\/strong> Commandez d\u00e8s maintenant pour restaurer votre ordinateur portable avec cette <strong data-start=\"1598\" data-end=\"1631\">pi\u00e8ce de rechange HP authentique<\/strong>.<\/p>\n","protected":false},"excerpt":{"rendered":"<p>Remplacez le repose-poignets et le clavier de votre HP ProBook 450 G8 endommag\u00e9s par cette pi\u00e8ce d&rsquo;origine. Elle garantit un ajustement parfait et une frappe fluide. Photos r\u00e9elles\u00a0: ce que vous voyez est ce que vous obtenez\u00a0!<\/p>\n","protected":false},"featured_media":18765,"template":"","meta":[],"product_brand":[],"product_cat":[60],"product_tag":[61],"class_list":{"0":"post-16770","1":"product","2":"type-product","3":"status-publish","4":"has-post-thumbnail","6":"product_cat-individual-keyboard-keys","7":"product_tag-hp","9":"first","10":"instock","11":"taxable","12":"shipping-taxable","13":"purchasable","14":"product-type-simple"},"_links":{"self":[{"href":"https:\/\/boreait.com\/fr\/wp-json\/wp\/v2\/product\/16770","targetHints":{"allow":["GET"]}}],"collection":[{"href":"https:\/\/boreait.com\/fr\/wp-json\/wp\/v2\/product"}],"about":[{"href":"https:\/\/boreait.com\/fr\/wp-json\/wp\/v2\/types\/product"}],"wp:featuredmedia":[{"embeddable":true,"href":"https:\/\/boreait.com\/fr\/wp-json\/wp\/v2\/media\/18765"}],"wp:attachment":[{"href":"https:\/\/boreait.com\/fr\/wp-json\/wp\/v2\/media?parent=16770"}],"wp:term":[{"taxonomy":"product_brand","embeddable":true,"href":"https:\/\/boreait.com\/fr\/wp-json\/wp\/v2\/product_brand?post=16770"},{"taxonomy":"product_cat","embeddable":true,"href":"https:\/\/boreait.com\/fr\/wp-json\/wp\/v2\/product_cat?post=16770"},{"taxonomy":"product_tag","embeddable":true,"href":"https:\/\/boreait.com\/fr\/wp-json\/wp\/v2\/product_tag?post=16770"}],"curies":[{"name":"wp","href":"https:\/\/api.w.org\/{rel}","templated":true}]}}