{"id":16769,"date":"2025-09-16T16:36:55","date_gmt":"2025-09-16T14:36:55","guid":{"rendered":"https:\/\/boreait.com\/fr\/?post_type=product&#038;p=16769"},"modified":"2025-11-06T11:54:25","modified_gmt":"2025-11-06T10:54:25","slug":"clavier-italien-pour-acer-nitro-an515-an517-lg05p_n14brl-pieces-detachees-pour-ordinateur-portable","status":"publish","type":"product","link":"https:\/\/boreait.com\/fr\/produit\/clavier-italien-pour-acer-nitro-an515-an517-lg05p_n14brl-pieces-detachees-pour-ordinateur-portable\/","title":{"rendered":"Clavier italien pour Acer Nitro AN515 AN517 LG05P_N14BRL \u2013 Pi\u00e8ces d\u00e9tach\u00e9es pour ordinateur portable"},"content":{"rendered":"<p data-start=\"588\" data-end=\"881\"><strong>Apr\u00e8s votre achat, envoyez-nous un message et indiquez-nous la ou les touches souhait\u00e9es. Toutes les touches disponibles sont pr\u00e9sent\u00e9es sur la photo de l&rsquo;annonce\u00a0!<\/strong><\/p>\n<p data-start=\"588\" data-end=\"881\">Restaurez votre clavier <strong data-start=\"601\" data-end=\"668\">Acer Nitro AN515-55 \/ AN515-56 \/ AN515-57 \/ AN517-52 \/ AN517-53<\/strong> gr\u00e2ce \u00e0 ces <strong data-start=\"689\" data-end=\"740\">touches italiennes de remplacement d&rsquo;origine (LG05P_N14BRL)<\/strong>. Qu&rsquo;une seule touche soit manquante ou endommag\u00e9e, cette liste vous permet de la remplacer individuellement sans avoir \u00e0 remplacer tout le clavier.<\/p>\n<p data-start=\"883\" data-end=\"1269\">\ud83d\udd39 <strong data-start=\"886\" data-end=\"903\">Caract\u00e9ristiques principales\u00a0:<\/strong><br data-start=\"903\" data-end=\"906\" \/>\u2714 <strong data-start=\"908\" data-end=\"936\">Touches Acer Nitro d&rsquo;origine<\/strong> \u2013 Ajustement et finition parfaits<br data-start=\"961\" data-end=\"964\" \/>\u2714 <strong data-start=\"966\" data-end=\"989\">Mod\u00e8le\u00a0: LG05P_N14BRL<\/strong> \u2013 Con\u00e7u pour les mod\u00e8les Acer Nitro AN515 et S\u00e9rie AN517<br data-start=\"1040\" data-end=\"1043\" \/>\u2714 <strong data-start=\"1045\" data-end=\"1076\">Disposition italienne (QWERTY ITA)<\/strong> \u2013 Comprend les caract\u00e8res accentu\u00e9s pour une compatibilit\u00e9 totale<br data-start=\"1130\" data-end=\"1133\" \/>\u2714 <strong data-start=\"1135\" data-end=\"1165\">Remplacement individuel des touches<\/strong> \u2013 Pas besoin de remplacer le clavier entier<br data-start=\"1206\" data-end=\"1209\" \/>\u2714 <strong data-start=\"1211\" data-end=\"1230\">Installation facile<\/strong> \u2013 M\u00e9canisme de fixation par clip pour un maintien s\u00fbr<\/p>\n<p data-start=\"1271\" data-end=\"1298\">\ud83d\udca1 <strong data-start=\"1274\" data-end=\"1296\">Mod\u00e8les compatibles\u00a0:<\/strong><\/p>\n<ul data-start=\"1299\" data-end=\"1456\">\n<li data-start=\"1299\" data-end=\"1346\"><strong data-start=\"1301\" data-end=\"1344\">Acer Nitro AN515-55, AN515-56, AN515-57<\/strong><\/li>\n<li data-start=\"1347\" data-end=\"1384\"><strong data-start=\"1349\" data-end=\"1382\">Acer Nitro AN517-52, AN517-53<\/strong><\/li>\n<li data-start=\"1385\" data-end=\"1456\">V\u00e9rifiez la compatibilit\u00e9 de votre mod\u00e8le de clavier avant l&rsquo;achat.<\/li>\n<\/ul>\n<p data-start=\"1458\" data-end=\"1559\">\ud83d\udcf8 <strong data-start=\"1461\" data-end=\"1477\">Photos r\u00e9elles\u00a0:<\/strong> Les images de cette annonce montrent l&rsquo;article exact que vous recevrez\u00a0; aucune surprise\u00a0!<\/p>\n<p data-start=\"1561\" data-end=\"1698\">\u2753 <strong data-start=\"1563\" data-end=\"1577\">Besoin d&rsquo;aide\u00a0?<\/strong> Nous ne fournissons pas d&rsquo;instructions d&rsquo;installation, mais si vous avez des questions, n&rsquo;h\u00e9sitez pas \u00e0 <strong data-start=\"1666\" data-end=\"1680\">nous contacter par message<\/strong> pour obtenir de l&rsquo;aide.<\/p>\n<p data-start=\"1700\" data-end=\"1819\">\ud83d\udce6 <strong data-start=\"1703\" data-end=\"1731\">Livraison rapide dans le monde entier\u00a0!<\/strong> Remettez votre ordinateur portable en parfait \u00e9tat gr\u00e2ce \u00e0 ces <strong data-start=\"1785\" authentiques data-end=\"1816\">Cl\u00e9s de remplacement pour Acer Nitro<\/strong><\/p>\n","protected":false},"excerpt":{"rendered":"<p>Remplacez les touches manquantes ou endommag\u00e9es de votre <strong data-start=\"368\" data-end=\"396\">Acer Nitro AN515 et AN517<\/strong> par ces <strong data-start=\"408\" data-end=\"456\">touches de clavier italiennes authentiques (LG05P_N14BRL)<\/strong>. <strong data-start=\"458\" data-end=\"505\">Photos r\u00e9elles\u00a0: ce que vous voyez est ce que vous obtenez\u00a0!<\/strong><\/p>\n","protected":false},"featured_media":18692,"template":"","meta":[],"product_brand":[],"product_cat":[60],"product_tag":[65],"class_list":{"0":"post-16769","1":"product","2":"type-product","3":"status-publish","4":"has-post-thumbnail","6":"product_cat-individual-keyboard-keys","7":"product_tag-acer","9":"first","10":"instock","11":"taxable","12":"shipping-taxable","13":"purchasable","14":"product-type-simple"},"_links":{"self":[{"href":"https:\/\/boreait.com\/fr\/wp-json\/wp\/v2\/product\/16769","targetHints":{"allow":["GET"]}}],"collection":[{"href":"https:\/\/boreait.com\/fr\/wp-json\/wp\/v2\/product"}],"about":[{"href":"https:\/\/boreait.com\/fr\/wp-json\/wp\/v2\/types\/product"}],"wp:featuredmedia":[{"embeddable":true,"href":"https:\/\/boreait.com\/fr\/wp-json\/wp\/v2\/media\/18692"}],"wp:attachment":[{"href":"https:\/\/boreait.com\/fr\/wp-json\/wp\/v2\/media?parent=16769"}],"wp:term":[{"taxonomy":"product_brand","embeddable":true,"href":"https:\/\/boreait.com\/fr\/wp-json\/wp\/v2\/product_brand?post=16769"},{"taxonomy":"product_cat","embeddable":true,"href":"https:\/\/boreait.com\/fr\/wp-json\/wp\/v2\/product_cat?post=16769"},{"taxonomy":"product_tag","embeddable":true,"href":"https:\/\/boreait.com\/fr\/wp-json\/wp\/v2\/product_tag?post=16769"}],"curies":[{"name":"wp","href":"https:\/\/api.w.org\/{rel}","templated":true}]}}