{"id":16767,"date":"2025-09-16T16:36:54","date_gmt":"2025-09-16T14:36:54","guid":{"rendered":"https:\/\/boreait.com\/fr\/?post_type=product&#038;p=16767"},"modified":"2025-09-16T16:39:16","modified_gmt":"2025-09-16T14:39:16","slug":"ensemble-haut-parleurs-gauche-et-droit-pour-hp-elitebook-x360-1020-g2-pieces-dorigine-pour-ordinateur-portable","status":"publish","type":"product","link":"https:\/\/boreait.com\/fr\/produit\/ensemble-haut-parleurs-gauche-et-droit-pour-hp-elitebook-x360-1020-g2-pieces-dorigine-pour-ordinateur-portable\/","title":{"rendered":"Ensemble haut-parleurs gauche et droit pour HP EliteBook x360 1020 G2 \u2013 Pi\u00e8ces d&rsquo;origine pour ordinateur portable"},"content":{"rendered":"<p data-start=\"544\" data-end=\"626\"><strong data-start=\"547\" data-end=\"624\">Ensemble de haut-parleurs gauche et droit pour HP EliteBook x360 1020 G2 \u2013 Pi\u00e8ces d&rsquo;origine pour ordinateur portable<\/strong><\/p>\n<p data-start=\"628\" data-end=\"901\">Si les haut-parleurs de votre <strong data-start=\"636\" data-end=\"665\">HP EliteBook x360 1020 G2<\/strong> sont muets ou pr\u00e9sentent un son d\u00e9form\u00e9, cet <strong data-start=\"717\" data-end=\"753\">ensemble de haut-parleurs de remplacement d&rsquo;origine<\/strong> est la solution id\u00e9ale. Con\u00e7u pour un <strong data-start=\"787\" data-end=\"812\">son clair et net<\/strong>, cet ensemble de haut-parleurs gauche et droit La paire de haut-parleurs droite garantit \u00e0 votre ordinateur portable un son de haute qualit\u00e9.<\/p>\n<p data-start=\"903\" data-end=\"1287\">\ud83d\udd39 <strong data-start=\"906\" data-end=\"923\">Caract\u00e9ristiques principales\u00a0:<\/strong><br data-start=\"923\" data-end=\"926\" \/>\u2714 <strong data-start=\"928\" data-end=\"954\">Pi\u00e8ces de rechange HP d&rsquo;origine<\/strong> \u2013 Parfaitement adapt\u00e9es au <strong data-start=\"973\" data-end=\"1002\">HP EliteBook x360 1020 G2<\/strong><br data-start=\"1002\" data-end=\"1005\" \/>\u2714 <strong data-start=\"1007\" data-end=\"1035\">Haut-parleurs gauche et Ensemble de haut-parleurs droit<\/strong> \u2013 Solution audio st\u00e9r\u00e9o compl\u00e8te<br data-start=\"1068\" data-end=\"1071\" \/>\u2714 <strong data-start=\"1073\" data-end=\"1102\">Sortie sonore de haute qualit\u00e9<\/strong> \u2013 Un son clair et sans distorsion pour la musique, les appels et M\u00e9dias<br data-start=\"1154\" data-end=\"1157\" \/>\u2714 <strong data-start=\"1159\" data-end=\"1180\">Installation facile<\/strong> \u2013 Connecteurs standard pour un remplacement rapide<br data-start=\"1219\" data-end=\"1222\" \/>\u2714 <strong data-start=\"1224\" data-end=\"1239\">Photos r\u00e9elles<\/strong> \u2013 L&rsquo;article que vous voyez est exactement ce que vous recevrez<\/p>\n<p data-start=\"1289\" data-end=\"1312\">\ud83d\udca1 <strong data-start=\"1292\" data-end=\"1310\">Compatibilit\u00e9\u00a0:<\/strong><\/p>\n<ul data-start=\"1313\" data-end=\"1440\">\n<li data-start=\"1313\" data-end=\"1372\">Sp\u00e9cialement con\u00e7u pour <strong data-start=\"1341\" data-end=\"1370\">HP EliteBook x360 1020 G2<\/strong><\/li>\n<li data-start=\"1373\" data-end=\"1440\">V\u00e9rifiez le mod\u00e8le de votre ordinateur portable avant l&rsquo;achat pour vous assurer de la compatibilit\u00e9.<\/li>\n<\/ul>\n<p data-start=\"1442\" data-end=\"1537\">\ud83d\udcf8 <strong data-start=\"1445\" data-end=\"1461\">Photos r\u00e9elles\u00a0:<\/strong> Les images de cette annonce montrent les <strong data-start=\"1498\" data-end=\"1517\">haut-parleurs r\u00e9els<\/strong> que vous recevrez.<\/p>\n<p data-start=\"1539\" data-end=\"1661\">\u2753 <strong data-start=\"1541\" data-end=\"1555\">Besoin d&rsquo;aide\u00a0?<\/strong> Bien que les instructions d&rsquo;installation ne soient pas incluses, n&rsquo;h\u00e9sitez pas \u00e0 <strong data-start=\"1618\" data-end=\"1632\">Contactez-nous<\/strong> si vous avez des questions.<\/p>\n<p data-start=\"1663\" data-end=\"1768\">\ud83d\udce6 <strong data-start=\"1666\" data-end=\"1694\">Livraison rapide dans le monde entier\u00a0!<\/strong> Faites remplacer les haut-parleurs de votre ordinateur portable et profitez \u00e0 nouveau d&rsquo;un <strong data-start=\"1739\" data-end=\"1765\">son clair<\/strong>.<\/p>\n","protected":false},"excerpt":{"rendered":"<p>Restaurez un son clair sur votre <strong data-start=\"348\" data-end=\"377\">HP EliteBook x360 1020 G2<\/strong> avec cet <strong data-start=\"388\" data-end=\"424\">ensemble de haut-parleurs gauche et droit authentiques<\/strong>. <strong data-start=\"426\" data-end=\"461\">Test\u00e9 et fonctionnel\u00a0\u2013 photos r\u00e9elles\u00a0!<\/strong><\/p>\n","protected":false},"featured_media":16831,"template":"","meta":[],"product_brand":[],"product_cat":[54],"product_tag":[61],"class_list":{"0":"post-16767","1":"product","2":"type-product","3":"status-publish","4":"has-post-thumbnail","6":"product_cat-laptop-speakers","7":"product_tag-hp","9":"first","10":"instock","11":"taxable","12":"shipping-taxable","13":"purchasable","14":"product-type-simple"},"_links":{"self":[{"href":"https:\/\/boreait.com\/fr\/wp-json\/wp\/v2\/product\/16767","targetHints":{"allow":["GET"]}}],"collection":[{"href":"https:\/\/boreait.com\/fr\/wp-json\/wp\/v2\/product"}],"about":[{"href":"https:\/\/boreait.com\/fr\/wp-json\/wp\/v2\/types\/product"}],"wp:featuredmedia":[{"embeddable":true,"href":"https:\/\/boreait.com\/fr\/wp-json\/wp\/v2\/media\/16831"}],"wp:attachment":[{"href":"https:\/\/boreait.com\/fr\/wp-json\/wp\/v2\/media?parent=16767"}],"wp:term":[{"taxonomy":"product_brand","embeddable":true,"href":"https:\/\/boreait.com\/fr\/wp-json\/wp\/v2\/product_brand?post=16767"},{"taxonomy":"product_cat","embeddable":true,"href":"https:\/\/boreait.com\/fr\/wp-json\/wp\/v2\/product_cat?post=16767"},{"taxonomy":"product_tag","embeddable":true,"href":"https:\/\/boreait.com\/fr\/wp-json\/wp\/v2\/product_tag?post=16767"}],"curies":[{"name":"wp","href":"https:\/\/api.w.org\/{rel}","templated":true}]}}