{"id":16765,"date":"2025-09-16T16:36:54","date_gmt":"2025-09-16T14:36:54","guid":{"rendered":"https:\/\/boreait.com\/fr\/?post_type=product&#038;p=16765"},"modified":"2025-09-16T16:38:57","modified_gmt":"2025-09-16T14:38:57","slug":"carte-jack-audio-avec-cable-pour-hp-elitebook-x360-1020-g2-6050a2850801-authentique","status":"publish","type":"product","link":"https:\/\/boreait.com\/fr\/produit\/carte-jack-audio-avec-cable-pour-hp-elitebook-x360-1020-g2-6050a2850801-authentique\/","title":{"rendered":"Carte jack audio avec c\u00e2ble pour HP EliteBook x360 1020 G2 6050A2850801 \u2013 Authentique"},"content":{"rendered":"<p data-start=\"607\" data-end=\"858\">Restaurez toutes les fonctionnalit\u00e9s audio de votre <strong data-start=\"648\" data-end=\"677\">HP EliteBook x360 1020 G2<\/strong> avec cette <strong data-start=\"688\" data-end=\"734\">carte de prise audio HP authentique (6050A2850801)<\/strong>. Si le port casque ou microphone de votre ordinateur portable ne fonctionne pas correctement, cette <strong data-start=\"812\" data-end=\"832\">pi\u00e8ce de rechange<\/strong> vous garantit une r\u00e9paration fiable.<\/p>\n<p data-start=\"860\" data-end=\"1265\">\ud83d\udd39 <strong data-start=\"863\" data-end=\"880\">Caract\u00e9ristiques principales\u00a0:<\/strong><br data-start=\"880\" data-end=\"883\" \/>\u2714 <strong data-start=\"885\" data-end=\"904\">Pi\u00e8ce HP d&rsquo;origine<\/strong> \u2013 Pi\u00e8ce de rechange OEM garantissant une compatibilit\u00e9 parfaite.<br data-start=\"952\" data-end=\"955\" \/>\u2714 <strong data-start=\"957\" data-end=\"980\">Mod\u00e8le\u00a0: 6050A2850801<\/strong> \u2013 Sp\u00e9cialement con\u00e7u pour le HP EliteBook x360 1020 G2.<br data-start=\"1034\" data-end=\"1037\" \/>\u2714 <strong data-start=\"1039\" data-end=\"1063\">C\u00e2ble audio inclus<\/strong> \u2013 Pr\u00eat pour une installation rapide et sans tracas<br data-start=\"1110\" data-end=\"1113\" \/>\u2714 <strong data-start=\"1115\" data-end=\"1143\">Restaure les fonctions audio<\/strong> \u2013 R\u00e9sout les probl\u00e8mes de prise casque\/micro d\u00e9fectueuse<br data-start=\"1184\" data-end=\"1187\" \/>\u2714 <strong data-start=\"1189\" data-end=\"1210\">Compact et Durable \u2013 Con\u00e7u pour une int\u00e9gration parfaite \u00e0 votre ordinateur portable.<\/p>\n<p data-start=\"1267\" data-end=\"1290\">\ud83d\udca1 <strong data-start=\"1270\" data-end=\"1288\">Compatibilit\u00e9\u00a0:<\/strong><\/p>\n<ul data-start=\"1291\" data-end=\"1368\">\n<li data-start=\"1291\" data-end=\"1368\"><strong data-start=\"1293\" data-end=\"1322\">HP EliteBook x360 1020 G2<\/strong> (V\u00e9rifiez le mod\u00e8le de votre ordinateur portable avant d&rsquo;acheter)<\/li>\n<\/ul>\n<p data-start=\"1370\" data-end=\"1462\">\ud83d\udcf8 <strong data-start=\"1373\" data-end=\"1389\">Photos r\u00e9elles\u00a0:<\/strong> Vous recevrez l&rsquo;article exact pr\u00e9sent\u00e9 sur les images\u00a0\u2013\u00a0non disponible en stock Photos\u00a0!<\/p>\n<p data-start=\"1464\" data-end=\"1614\">\u2753 <strong data-start=\"1466\" data-end=\"1480\">Besoin d&rsquo;aide\u00a0?<\/strong> Nous ne fournissons pas d&rsquo;instructions d&rsquo;installation, mais n&rsquo;h\u00e9sitez pas \u00e0 <strong data-start=\"1542\" data-end=\"1556\">nous contacter par message<\/strong> si vous avez besoin d&rsquo;aide avant ou apr\u00e8s votre achat.<\/p>\n<p data-start=\"1616\" data-end=\"1750\">\ud83d\udce6 <strong data-start=\"1619\" data-end=\"1647\">Livraison rapide dans le monde entier\u00a0!<\/strong> Retrouvez la <strong data-start=\"1666\" data-end=\"1680\">prise audio<\/strong> de votre ordinateur portable comme neuve gr\u00e2ce \u00e0 cette <strong data-start=\"1724\" data-end=\"1747\">pi\u00e8ce de rechange HP<\/strong> authentique.<\/p>\n","protected":false},"excerpt":{"rendered":"<p><strong data-start=\"335\" data-end=\"415\">Carte jack audio d&rsquo;origine pour HP EliteBook x360 1020 G2 (6050A2850801) avec c\u00e2ble<\/strong>. Remplacement id\u00e9al pour une prise casque\/microphone d\u00e9fectueuse. <strong data-start=\"477\" data-end=\"524\">Photos authentiques\u00a0: ce que vous voyez est ce que vous obtenez\u00a0!<\/strong><\/p>\n","protected":false},"featured_media":16821,"template":"","meta":[],"product_brand":[],"product_cat":[63],"product_tag":[61],"class_list":{"0":"post-16765","1":"product","2":"type-product","3":"status-publish","4":"has-post-thumbnail","6":"product_cat-motherboards-board-parts","7":"product_tag-hp","9":"first","10":"instock","11":"taxable","12":"shipping-taxable","13":"purchasable","14":"product-type-simple"},"_links":{"self":[{"href":"https:\/\/boreait.com\/fr\/wp-json\/wp\/v2\/product\/16765","targetHints":{"allow":["GET"]}}],"collection":[{"href":"https:\/\/boreait.com\/fr\/wp-json\/wp\/v2\/product"}],"about":[{"href":"https:\/\/boreait.com\/fr\/wp-json\/wp\/v2\/types\/product"}],"wp:featuredmedia":[{"embeddable":true,"href":"https:\/\/boreait.com\/fr\/wp-json\/wp\/v2\/media\/16821"}],"wp:attachment":[{"href":"https:\/\/boreait.com\/fr\/wp-json\/wp\/v2\/media?parent=16765"}],"wp:term":[{"taxonomy":"product_brand","embeddable":true,"href":"https:\/\/boreait.com\/fr\/wp-json\/wp\/v2\/product_brand?post=16765"},{"taxonomy":"product_cat","embeddable":true,"href":"https:\/\/boreait.com\/fr\/wp-json\/wp\/v2\/product_cat?post=16765"},{"taxonomy":"product_tag","embeddable":true,"href":"https:\/\/boreait.com\/fr\/wp-json\/wp\/v2\/product_tag?post=16765"}],"curies":[{"name":"wp","href":"https:\/\/api.w.org\/{rel}","templated":true}]}}