{"id":16758,"date":"2025-09-16T16:36:28","date_gmt":"2025-09-16T14:36:28","guid":{"rendered":"https:\/\/boreait.com\/fr\/?post_type=product&#038;p=16758"},"modified":"2025-09-16T16:38:54","modified_gmt":"2025-09-16T14:38:54","slug":"lecteur-dempreintes-digitales-dorigine-pour-hp-elitebook-x360-1020-g2-920484-001-piece-dorigine-pour-ordinateur-portable","status":"publish","type":"product","link":"https:\/\/boreait.com\/fr\/produit\/lecteur-dempreintes-digitales-dorigine-pour-hp-elitebook-x360-1020-g2-920484-001-piece-dorigine-pour-ordinateur-portable\/","title":{"rendered":"Lecteur d&#8217;empreintes digitales d&rsquo;origine pour HP EliteBook x360 1020 G2 920484-001 \u2013 Pi\u00e8ce d&rsquo;origine pour ordinateur portable"},"content":{"rendered":"<p data-start=\"578\" data-end=\"807\">Am\u00e9liorez la s\u00e9curit\u00e9 de votre <strong data-start=\"591\" data-end=\"620\">HP EliteBook x360 1020 G2<\/strong> avec ce <strong data-start=\"640\" data-end=\"666\">lecteur d&#8217;empreintes digitales OEM<\/strong> de remplacement (SPS\u00a0: 920484-001). Con\u00e7u pour une <strong data-start=\"693\" data-end=\"720\">authentification transparente<\/strong>, ce scanner biom\u00e9trique vous permet de vous connecter rapidement et en toute s\u00e9curit\u00e9 d&rsquo;un simple toucher.<\/p>\n<p data-start=\"809\" data-end=\"1116\">\ud83d\udd39 <strong data-start=\"812\" data-end=\"829\">Principales caract\u00e9ristiques\u00a0:<\/strong><br data-start=\"829\" data-end=\"832\" \/>\u2714 <strong data-start=\"834\" data-end=\"857\">Pi\u00e8ce d&rsquo;origine HP OEM<\/strong> \u2013 Compatibilit\u00e9 et fiabilit\u00e9 garanties<br data-start=\"897\" data-end=\"900\" \/>\u2714 <strong data-start=\"902\" data-end=\"924\">S\u00e9curit\u00e9 biom\u00e9trique<\/strong> \u2013 Connexion par empreinte digitale rapide et s\u00e9curis\u00e9e<br data-start=\"961\" data-end=\"964\" \/>\u2714 <strong data-start=\"966\" data-end=\"981\">Ajustement parfait<\/strong> \u2013 Sp\u00e9cialement con\u00e7u pour HP EliteBook x360 1020 G2<br data-start=\"1031\" data-end=\"1034\" \/>\u2714 <strong data-start=\"1036\" data-end=\"1051\">Plug &amp; Play<\/strong> \u2013 Remplacement facile des lecteurs d&#8217;empreintes digitales endommag\u00e9s ou manquants<\/p>\n<p data-start=\"1118\" data-end=\"1141\">\ud83d\udca1 <strong data-start=\"1121\" data-end=\"1139\">Compatibilit\u00e9\u00a0:<\/strong><\/p>\n<ul data-start=\"1142\" data-end=\"1270\">\n<li data-start=\"1142\" data-end=\"1223\">Con\u00e7u pour le <strong data-start=\"1157\" data-end=\"1186\">HP EliteBook x360 1020 G2<\/strong> (v\u00e9rifiez votre mod\u00e8le avant de commander)<\/li>\n<li data-start=\"1224\" data-end=\"1270\">Pi\u00e8ce d&rsquo;origine garantissant une compatibilit\u00e9 totale avec le syst\u00e8me<\/li>\n<\/ul>\n<p data-start=\"1272\" data-end=\"1366\">\ud83d\udcf8 <strong data-start=\"1275\" data-end=\"1291\">Photos r\u00e9elles\u00a0:<\/strong> Les images de cette annonce repr\u00e9sentent le <strong data-start=\"1330\" data-end=\"1348\">produit r\u00e9el<\/strong>\u00a0; aucune surprise\u00a0!<\/p>\n<p data-start=\"1368\" data-end=\"1522\">\u2753 <strong data-start=\"1370\" data-end=\"1384\">Besoin d&rsquo;aide\u00a0?<\/strong> Bien que nous ne fournissions pas d&rsquo;instructions d&rsquo;installation, n&rsquo;h\u00e9sitez pas \u00e0 <strong data-start=\"1448\" data-end=\"1462\">nous contacter par message<\/strong> si vous avez besoin d&rsquo;aide avant ou apr\u00e8s votre achat.<\/p>\n<p data-start=\"1524\" data-end=\"1644\">\ud83d\udce6 <strong data-start=\"1527\" data-end=\"1555\">Livraison rapide dans le monde entier\u00a0!<\/strong> Retrouvez la s\u00e9curit\u00e9 biom\u00e9trique de votre ordinateur portable gr\u00e2ce \u00e0 ce <strong data-start=\"1608\" data-end=\"1641\">lecteur d&#8217;empreintes digitales HP authentique<\/strong>.<\/p>\n","protected":false},"excerpt":{"rendered":"<p>Restaurez un acc\u00e8s s\u00e9curis\u00e9 et rapide gr\u00e2ce \u00e0 ce <strong data-start=\"360\" data-end=\"386\">lecteur d&#8217;empreintes digitales OEM<\/strong> pour <strong data-start=\"391\" data-end=\"420\">HP EliteBook x360 1020 G2<\/strong>. Pi\u00e8ce de rechange d&rsquo;origine. <strong data-start=\"448\" data-end=\"495\">Photos r\u00e9elles\u00a0: ce que vous voyez est ce que vous obtenez\u00a0!<\/strong><\/p>\n","protected":false},"featured_media":16820,"template":"","meta":[],"product_brand":[],"product_cat":[63],"product_tag":[61],"class_list":{"0":"post-16758","1":"product","2":"type-product","3":"status-publish","4":"has-post-thumbnail","6":"product_cat-motherboards-board-parts","7":"product_tag-hp","9":"first","10":"instock","11":"taxable","12":"shipping-taxable","13":"purchasable","14":"product-type-simple"},"_links":{"self":[{"href":"https:\/\/boreait.com\/fr\/wp-json\/wp\/v2\/product\/16758","targetHints":{"allow":["GET"]}}],"collection":[{"href":"https:\/\/boreait.com\/fr\/wp-json\/wp\/v2\/product"}],"about":[{"href":"https:\/\/boreait.com\/fr\/wp-json\/wp\/v2\/types\/product"}],"wp:featuredmedia":[{"embeddable":true,"href":"https:\/\/boreait.com\/fr\/wp-json\/wp\/v2\/media\/16820"}],"wp:attachment":[{"href":"https:\/\/boreait.com\/fr\/wp-json\/wp\/v2\/media?parent=16758"}],"wp:term":[{"taxonomy":"product_brand","embeddable":true,"href":"https:\/\/boreait.com\/fr\/wp-json\/wp\/v2\/product_brand?post=16758"},{"taxonomy":"product_cat","embeddable":true,"href":"https:\/\/boreait.com\/fr\/wp-json\/wp\/v2\/product_cat?post=16758"},{"taxonomy":"product_tag","embeddable":true,"href":"https:\/\/boreait.com\/fr\/wp-json\/wp\/v2\/product_tag?post=16758"}],"curies":[{"name":"wp","href":"https:\/\/api.w.org\/{rel}","templated":true}]}}