{"id":16757,"date":"2025-09-16T16:36:28","date_gmt":"2025-09-16T14:36:28","guid":{"rendered":"https:\/\/boreait.com\/fr\/?post_type=product&#038;p=16757"},"modified":"2025-09-16T16:38:50","modified_gmt":"2025-09-16T14:38:50","slug":"antenne-wi-fi-6036b0177101-pour-hp-elitebook-x360-1020-g2-piece-dorigine-pour-ordinateur-portable","status":"publish","type":"product","link":"https:\/\/boreait.com\/fr\/produit\/antenne-wi-fi-6036b0177101-pour-hp-elitebook-x360-1020-g2-piece-dorigine-pour-ordinateur-portable\/","title":{"rendered":"Antenne Wi-Fi 6036B0177101 pour HP EliteBook x360 1020 G2 \u2013 Pi\u00e8ce d&rsquo;origine pour ordinateur portable"},"content":{"rendered":"<p data-start=\"571\" data-end=\"827\">Assurez-vous une <strong data-start=\"580\" data-end=\"617\">connexion Wi-Fi stable et puissante<\/strong> avec cette <strong data-start=\"628\" data-end=\"697\">antenne Wi-Fi HP EliteBook x360 1020 G2 authentique (PN\u00a0: 6036B0177101)<\/strong>. Id\u00e9ale pour remplacer une antenne endommag\u00e9e ou d\u00e9fectueuse, cette pi\u00e8ce restaure les performances sans fil de votre ordinateur portable aux normes d&rsquo;usine.<\/p>\n<p data-start=\"829\" data-end=\"1255\">\ud83d\udd39 <strong data-start=\"832\" data-end=\"849\">Caract\u00e9ristiques principales\u00a0:<\/strong><br data-start=\"849\" data-end=\"852\" \/>\u2714 <strong data-start=\"854\" data-end=\"873\">Pi\u00e8ce HP d&rsquo;origine<\/strong> \u2013 Con\u00e7ue pour une compatibilit\u00e9 et une puissance de signal parfaites<br data-start=\"930\" data-end=\"933\" \/>\u2714 <strong data-start=\"935\" data-end=\"958\">Mod\u00e8le\u00a0: 6036B0177101<\/strong> \u2013 Compatible avec le HP EliteBook x360 1020 G2<br data-start=\"1006\" data-end=\"1009\" \/>\u2714 <strong data-start=\"1011\" data-end=\"1043\">Performances sans fil optimales<\/strong> \u2013 Assure une r\u00e9ception Wi-Fi forte et stable<br data-start=\"1086\" data-end=\"1089\" \/>\u2714 <strong data-start=\"1091\" data-end=\"1120\">Qualit\u00e9 OEM et Fiabilit\u00e9\u00a0: M\u00eame pi\u00e8ce que celle utilis\u00e9e sur les ordinateurs portables EliteBook pr\u00e9-assembl\u00e9s.<br data-start=\"1172\" data-end=\"1175\" \/>\u2714 <strong data-start=\"1177\" data-end=\"1197\">Remplacement facile<\/strong>\u00a0: remplacez votre antenne endommag\u00e9e par cette pi\u00e8ce de rechange d&rsquo;origine.<\/p>\n<p data-start=\"1257\" data-end=\"1280\">\ud83d\udca1 <strong data-start=\"1260\" data-end=\"1278\">Compatibilit\u00e9\u00a0:<\/strong><\/p>\n<ul data-start=\"1281\" data-end=\"1404\">\n<li data-start=\"1281\" data-end=\"1340\">Sp\u00e9cialement con\u00e7u pour le <strong data-start=\"1309\" data-end=\"1338\">HP EliteBook x360 1020 G2<\/strong><\/li>\n<li data-start=\"1341\" data-end=\"1404\">V\u00e9rifiez le mod\u00e8le et la r\u00e9f\u00e9rence de votre ordinateur portable avant d&rsquo;acheter.<\/li>\n<\/ul>\n<p data-start=\"1406\" data-end=\"1507\">\ud83d\udcf8 <strong data-start=\"1409\" data-end=\"1425\">Photos r\u00e9elles\u00a0:<\/strong> Les images de cette annonce montrent l&rsquo;article exact que vous recevrez\u00a0; aucune surprise\u00a0!<\/p>\n<p data-start=\"1509\" data-end=\"1656\">\u2753 <strong data-start=\"1511\" data-end=\"1525\">Besoin d&rsquo;aide\u00a0?<\/strong> Nous ne fournissons pas d&rsquo;instructions d&rsquo;installation, mais vous pouvez <strong data-start=\"1582\" data-end=\"1596\">nous contacter par message<\/strong> si vous avez besoin d&rsquo;aide avant ou apr\u00e8s votre achat.<\/p>\n<p data-start=\"1658\" data-end=\"1773\">\ud83d\udce6 <strong data-start=\"1661\" data-end=\"1689\">Exp\u00e9dition rapide dans le monde entier\u00a0!<\/strong> Retrouvez les performances optimales de votre HP EliteBook gr\u00e2ce \u00e0 cette <strong data-start=\"1746\" data-end=\"1770\">v\u00e9ritable antenne Wi-Fi<\/strong>.<\/p>\n","protected":false},"excerpt":{"rendered":"<p>Antenne Wi-Fi d&rsquo;origine pour HP EliteBook x360 1020 G2 (r\u00e9f.\u00a0: 6036B0177101) pour une connexion sans fil stable et puissante. <strong data-start=\"441\" data-end=\"488\">Photos r\u00e9elles\u00a0: ce que vous voyez est ce que vous obtenez\u00a0!<\/strong><\/p>\n","protected":false},"featured_media":16819,"template":"","meta":[],"product_brand":[],"product_cat":[63],"product_tag":[61],"class_list":{"0":"post-16757","1":"product","2":"type-product","3":"status-publish","4":"has-post-thumbnail","6":"product_cat-motherboards-board-parts","7":"product_tag-hp","9":"first","10":"instock","11":"taxable","12":"shipping-taxable","13":"purchasable","14":"product-type-simple"},"_links":{"self":[{"href":"https:\/\/boreait.com\/fr\/wp-json\/wp\/v2\/product\/16757","targetHints":{"allow":["GET"]}}],"collection":[{"href":"https:\/\/boreait.com\/fr\/wp-json\/wp\/v2\/product"}],"about":[{"href":"https:\/\/boreait.com\/fr\/wp-json\/wp\/v2\/types\/product"}],"wp:featuredmedia":[{"embeddable":true,"href":"https:\/\/boreait.com\/fr\/wp-json\/wp\/v2\/media\/16819"}],"wp:attachment":[{"href":"https:\/\/boreait.com\/fr\/wp-json\/wp\/v2\/media?parent=16757"}],"wp:term":[{"taxonomy":"product_brand","embeddable":true,"href":"https:\/\/boreait.com\/fr\/wp-json\/wp\/v2\/product_brand?post=16757"},{"taxonomy":"product_cat","embeddable":true,"href":"https:\/\/boreait.com\/fr\/wp-json\/wp\/v2\/product_cat?post=16757"},{"taxonomy":"product_tag","embeddable":true,"href":"https:\/\/boreait.com\/fr\/wp-json\/wp\/v2\/product_tag?post=16757"}],"curies":[{"name":"wp","href":"https:\/\/api.w.org\/{rel}","templated":true}]}}