{"id":16755,"date":"2025-09-16T16:36:27","date_gmt":"2025-09-16T14:36:27","guid":{"rendered":"https:\/\/boreait.com\/fr\/?post_type=product&#038;p=16755"},"modified":"2025-09-16T16:38:43","modified_gmt":"2025-09-16T14:38:43","slug":"pave-tactile-937417-001-pour-hp-elitebook-x360-1020-g2-remplacement-dorigine-du-pave-tactile-pour-ordinateur-portable","status":"publish","type":"product","link":"https:\/\/boreait.com\/fr\/produit\/pave-tactile-937417-001-pour-hp-elitebook-x360-1020-g2-remplacement-dorigine-du-pave-tactile-pour-ordinateur-portable\/","title":{"rendered":"Pav\u00e9 tactile 937417-001 pour HP EliteBook x360 1020 G2 \u2013 Remplacement d&rsquo;origine du pav\u00e9 tactile pour ordinateur portable"},"content":{"rendered":"<p data-start=\"538\" data-end=\"816\">Restaurez une navigation fluide et pr\u00e9cise avec ce <strong data-start=\"586\" data-end=\"644\">remplacement authentique du pav\u00e9 tactile HP EliteBook x360 1020 G2 (SPS\u00a0: 937417-001)<\/strong>. Si votre pav\u00e9 tactile actuel ne r\u00e9pond plus, est endommag\u00e9 ou us\u00e9, ce <strong data-start=\"715\" data-end=\"736\">trackpad d&rsquo;origine<\/strong> restaurera toutes les fonctionnalit\u00e9s de votre ordinateur portable <strong data-start=\"780\" data-end=\"806\">EliteBook x360 1020 G2<\/strong>.<\/p>\n<p data-start=\"818\" data-end=\"1193\">\ud83d\udd39 <strong data-start=\"821\" data-end=\"838\">Caract\u00e9ristiques principales\u00a0:<\/strong><br data-start=\"838\" data-end=\"841\" \/>\u2714 <strong data-start=\"843\" data-end=\"862\">Pi\u00e8ce HP d&rsquo;origine<\/strong> \u2013 Ajustement parfait et performances fiables<br data-start=\"901\" data-end=\"904\" \/>\u2714 <strong data-start=\"906\" data-end=\"936\">Pour EliteBook x360 1020 G2<\/strong> \u2013 Sp\u00e9cialement con\u00e7u pour ce mod\u00e8le<br data-start=\"975\" data-end=\"978\" \/>\u2714 <strong data-start=\"980\" data-end=\"1003\">Fluide et R\u00e9actif<\/strong> \u2013 Garantit un contr\u00f4le tactile et gestuel pr\u00e9cis<br data-start=\"1048\" data-end=\"1051\" \/>\u2714 <strong data-start=\"1053\" data-end=\"1075\">Fabrication de haute qualit\u00e9<\/strong> \u2013 Conception durable pour une utilisation \u00e0 long terme<br data-start=\"1110\" data-end=\"1113\" \/>\u2714 <strong data-start=\"1115\" data-end=\"1135\">Remplacement facile<\/strong> \u2013 Compatible plug-and-play pour une installation sans tracas<\/p>\n<p data-start=\"1195\" data-end=\"1218\">\ud83d\udca1 <strong data-start=\"1198\" data-end=\"1216\">Compatibilit\u00e9\u00a0:<\/strong><\/p>\n<ul data-start=\"1219\" data-end=\"1370\">\n<li data-start=\"1219\" data-end=\"1302\">Con\u00e7u pour <strong data-start=\"1234\" data-end=\"1263\">HP EliteBook x360 1020 G2<\/strong> (V\u00e9rifiez votre mod\u00e8le avant d&rsquo;acheter)<\/li>\n<li data-start=\"1303\" data-end=\"1370\">Livr\u00e9 avec un <strong data-start=\"1316\" data-end=\"1330\">c\u00e2ble flexible<\/strong> (le cas \u00e9ch\u00e9ant) pour une installation facile<\/li>\n<\/ul>\n<p data-start=\"1372\" data-end=\"1473\">\ud83d\udcf8 <strong data-start=\"1375\" data-end=\"1391\">Photos r\u00e9elles\u00a0:<\/strong> Les images de cette annonce montrent l&rsquo;article exact que vous recevrez\u00a0\u2013 aucune surprise\u00a0!<\/p>\n<p data-start=\"1475\" data-end=\"1629\">\u2753 <strong data-start=\"1477\" data-end=\"1491\">Besoin d&rsquo;aide\u00a0?<\/strong> Bien que nous ne fournissions pas d&rsquo;instructions d&rsquo;installation, n&rsquo;h\u00e9sitez pas \u00e0 nous <strong data-start=\"1555\" data-end=\"1569\">envoyer un message<\/strong> si vous avez besoin d&rsquo;aide avant ou apr\u00e8s votre achat.<\/p>\n<p data-start=\"1631\" data-end=\"1749\">\ud83d\udce6 <strong data-start=\"1634\" data-end=\"1662\">Livraison rapide dans le monde entier\u00a0!<\/strong> Retrouvez le <strong data-start=\"1681\" data-end=\"1711\">pav\u00e9 tactile de votre ordinateur portable en parfait \u00e9tat<\/strong> gr\u00e2ce \u00e0 cette pi\u00e8ce de rechange d&rsquo;origine.<\/p>\n","protected":false},"excerpt":{"rendered":"<p>Remplacez votre <strong data-start=\"329\" data-end=\"367\">pav\u00e9 tactile HP EliteBook x360 1020 G2<\/strong> us\u00e9 ou d\u00e9fectueux par cette <strong data-start=\"378\" data-end=\"406\">pi\u00e8ce de rechange d&rsquo;origine<\/strong>. <strong data-start=\"408\" data-end=\"455\">Photos r\u00e9elles\u00a0: ce que vous voyez est ce que vous obtenez\u00a0!<\/strong><\/p>\n","protected":false},"featured_media":16817,"template":"","meta":[],"product_brand":[],"product_cat":[78],"product_tag":[61],"class_list":{"0":"post-16755","1":"product","2":"type-product","3":"status-publish","4":"has-post-thumbnail","6":"product_cat-laptop-touchpads","7":"product_tag-hp","9":"first","10":"instock","11":"taxable","12":"shipping-taxable","13":"purchasable","14":"product-type-simple"},"_links":{"self":[{"href":"https:\/\/boreait.com\/fr\/wp-json\/wp\/v2\/product\/16755","targetHints":{"allow":["GET"]}}],"collection":[{"href":"https:\/\/boreait.com\/fr\/wp-json\/wp\/v2\/product"}],"about":[{"href":"https:\/\/boreait.com\/fr\/wp-json\/wp\/v2\/types\/product"}],"wp:featuredmedia":[{"embeddable":true,"href":"https:\/\/boreait.com\/fr\/wp-json\/wp\/v2\/media\/16817"}],"wp:attachment":[{"href":"https:\/\/boreait.com\/fr\/wp-json\/wp\/v2\/media?parent=16755"}],"wp:term":[{"taxonomy":"product_brand","embeddable":true,"href":"https:\/\/boreait.com\/fr\/wp-json\/wp\/v2\/product_brand?post=16755"},{"taxonomy":"product_cat","embeddable":true,"href":"https:\/\/boreait.com\/fr\/wp-json\/wp\/v2\/product_cat?post=16755"},{"taxonomy":"product_tag","embeddable":true,"href":"https:\/\/boreait.com\/fr\/wp-json\/wp\/v2\/product_tag?post=16755"}],"curies":[{"name":"wp","href":"https:\/\/api.w.org\/{rel}","templated":true}]}}