{"id":16747,"date":"2025-09-16T16:36:04","date_gmt":"2025-09-16T14:36:04","guid":{"rendered":"https:\/\/boreait.com\/fr\/?post_type=product&#038;p=16747"},"modified":"2025-09-16T16:38:34","modified_gmt":"2025-09-16T14:38:34","slug":"ventilateur-et-dissipateur-thermique-pour-processeur-hp-elitebook-x360-1020-g2-919415-001-piece-dorigine-pour-ordinateur-portable","status":"publish","type":"product","link":"https:\/\/boreait.com\/fr\/produit\/ventilateur-et-dissipateur-thermique-pour-processeur-hp-elitebook-x360-1020-g2-919415-001-piece-dorigine-pour-ordinateur-portable\/","title":{"rendered":"Ventilateur et dissipateur thermique pour processeur HP EliteBook x360 1020 G2 919415-001 \u2013 Pi\u00e8ce d&rsquo;origine pour ordinateur portable"},"content":{"rendered":"<p data-start=\"611\" data-end=\"872\">Assurez un refroidissement efficace et maintenez des performances optimales avec ce <strong data-start=\"676\" data-end=\"747\">ventilateur et dissipateur thermique pour processeur HP EliteBook x360 1020 G2 authentique (919415-001)<\/strong>. Cette pi\u00e8ce d&rsquo;origine est con\u00e7ue pour refroidir le processeur de votre ordinateur portable, \u00e9vitant ainsi toute surchauffe et garantissant un fonctionnement fluide.<\/p>\n<p data-start=\"874\" data-end=\"1251\">\ud83d\udd39 <strong data-start=\"877\" data-end=\"894\">Caract\u00e9ristiques principales\u00a0:<\/strong><br data-start=\"894\" data-end=\"897\" \/>\u2714 <strong data-start=\"899\" data-end=\"919\">Pi\u00e8ce d&rsquo;origine HP<\/strong> \u2013 Fiabilit\u00e9 et compatibilit\u00e9 parfaite garanties<br data-start=\"967\" data-end=\"970\" \/>\u2714 <strong data-start=\"972\" data-end=\"993\">Mod\u00e8le\u00a0: 919415-001<\/strong> \u2013 Compatible avec le <strong data-start=\"1012\" data-end=\"1041\">HP EliteBook x360 1020 G2<\/strong><br data-start=\"1041\" data-end=\"1044\" \/>\u2714 <strong data-start=\"1046\" data-end=\"1076\">Dissipation thermique efficace<\/strong> \u2013 Aide \u00e0 maintenir une temp\u00e9rature optimale du processeur<br data-start=\"1117\" data-end=\"1120\" \/>\u2714 <strong data-start=\"1122\" data-end=\"1149\">Comprend un ventilateur et un dissipateur thermique<\/strong> \u2013 Une solution de refroidissement compl\u00e8te<br data-start=\"1179\" data-end=\"1182\" \/>\u2714 <strong data-start=\"1184\" data-end=\"1203\">Silencieux et Durable \u2013 Con\u00e7u pour un fonctionnement silencieux et durable.<\/p>\n<p data-start=\"1253\" data-end=\"1276\">\ud83d\udca1 <strong data-start=\"1256\" data-end=\"1274\">Compatibilit\u00e9\u00a0:<\/strong><\/p>\n<ul data-start=\"1277\" data-end=\"1397\">\n<li data-start=\"1277\" data-end=\"1336\">Sp\u00e9cialement con\u00e7u pour le <strong data-start=\"1305\" data-end=\"1334\">HP EliteBook x360 1020 G2<\/strong><\/li>\n<li data-start=\"1337\" data-end=\"1397\">V\u00e9rifiez le num\u00e9ro de mod\u00e8le de votre ordinateur portable pour vous assurer de sa compatibilit\u00e9.\n<\/ul>\n<p data-start=\"1399\" data-end=\"1500\">\ud83d\udcf8 <strong data-start=\"1402\" data-end=\"1418\">Photos r\u00e9elles\u00a0:<\/strong> Les images de cette annonce montrent l&rsquo;article exact que vous recevrez\u00a0; aucune surprise\u00a0!<\/p>\n<p data-start=\"1502\" data-end=\"1656\">\u2753 <strong data-start=\"1504\" data-end=\"1518\">Besoin d&rsquo;aide\u00a0?<\/strong> Bien que nous ne fournissions pas d&rsquo;instructions d&rsquo;installation, n&rsquo;h\u00e9sitez pas \u00e0 <strong data-start=\"1582\" data-end=\"1596\">nous contacter par message<\/strong> si vous avez besoin d&rsquo;aide avant ou apr\u00e8s votre achat.<\/p>\n<p data-start=\"1658\" data-end=\"1777\">\ud83d\udce6 <strong data-start=\"1661\" data-end=\"1689\">Livraison rapide dans le monde entier\u00a0!<\/strong> Retrouvez les performances optimales de votre ordinateur portable avec ce ventilateur de processeur et ventilateur HP d&rsquo;origine. dissipateur thermique.<\/strong><\/p>\n","protected":false},"excerpt":{"rendered":"<p>Maintenez votre <strong data-start=\"336\" data-end=\"365\">HP EliteBook x360 1020 G2<\/strong> au frais gr\u00e2ce \u00e0 ce <strong data-start=\"381\" data-end=\"424\">ventilateur et dissipateur thermique pour processeur d&rsquo;origine (919415-001)<\/strong>. Con\u00e7u pour une dissipation thermique et des performances optimales. <strong data-start=\"481\" data-end=\"528\">Photos r\u00e9elles\u00a0: ce que vous voyez est ce que vous obtenez\u00a0!<\/strong><\/p>\n","protected":false},"featured_media":16811,"template":"","meta":[],"product_brand":[],"product_cat":[69],"product_tag":[61],"class_list":{"0":"post-16747","1":"product","2":"type-product","3":"status-publish","4":"has-post-thumbnail","6":"product_cat-cpu-fans-heatsinks","7":"product_tag-hp","9":"first","10":"instock","11":"taxable","12":"shipping-taxable","13":"purchasable","14":"product-type-simple"},"_links":{"self":[{"href":"https:\/\/boreait.com\/fr\/wp-json\/wp\/v2\/product\/16747","targetHints":{"allow":["GET"]}}],"collection":[{"href":"https:\/\/boreait.com\/fr\/wp-json\/wp\/v2\/product"}],"about":[{"href":"https:\/\/boreait.com\/fr\/wp-json\/wp\/v2\/types\/product"}],"wp:featuredmedia":[{"embeddable":true,"href":"https:\/\/boreait.com\/fr\/wp-json\/wp\/v2\/media\/16811"}],"wp:attachment":[{"href":"https:\/\/boreait.com\/fr\/wp-json\/wp\/v2\/media?parent=16747"}],"wp:term":[{"taxonomy":"product_brand","embeddable":true,"href":"https:\/\/boreait.com\/fr\/wp-json\/wp\/v2\/product_brand?post=16747"},{"taxonomy":"product_cat","embeddable":true,"href":"https:\/\/boreait.com\/fr\/wp-json\/wp\/v2\/product_cat?post=16747"},{"taxonomy":"product_tag","embeddable":true,"href":"https:\/\/boreait.com\/fr\/wp-json\/wp\/v2\/product_tag?post=16747"}],"curies":[{"name":"wp","href":"https:\/\/api.w.org\/{rel}","templated":true}]}}