{"id":16745,"date":"2025-09-16T16:36:03","date_gmt":"2025-09-16T14:36:03","guid":{"rendered":"https:\/\/boreait.com\/fr\/?post_type=product&#038;p=16745"},"modified":"2025-09-16T16:38:24","modified_gmt":"2025-09-16T14:38:24","slug":"clavier-retroeclaire-hp-elitebook-x360-1020-g2-hpm16a6-sps-918018-b71-piece-dorigine","status":"publish","type":"product","link":"https:\/\/boreait.com\/fr\/produit\/clavier-retroeclaire-hp-elitebook-x360-1020-g2-hpm16a6-sps-918018-b71-piece-dorigine\/","title":{"rendered":"Clavier r\u00e9tro\u00e9clair\u00e9 HP EliteBook x360 1020 G2 HPM16A6 SPS 918018-B71 \u2013 Pi\u00e8ce d&rsquo;origine"},"content":{"rendered":"<p data-start=\"570\" data-end=\"818\">Mettez \u00e0 niveau ou remplacez votre <strong data-start=\"594\" data-end=\"632\">clavier HP EliteBook x360 1020 G2<\/strong> avec cette <strong data-start=\"652\" data-end=\"679\">pi\u00e8ce de rechange d&rsquo;ordinateur portable<\/strong> d&rsquo;origine. Con\u00e7u sp\u00e9cifiquement pour le <strong data-start=\"711\" data-end=\"740\">HP EliteBook x360 1020 G2<\/strong>, ce clavier garantit un <strong data-start=\"764\" data-end=\"815\">ajustement parfait, une fonctionnalit\u00e9 compl\u00e8te et une durabilit\u00e9 accrue<\/strong>.<\/p>\n<p data-start=\"820\" data-end=\"1222\">\ud83d\udd39 <strong data-start=\"823\" data-end=\"840\">Caract\u00e9ristiques principales\u00a0:<\/strong><br data-start=\"840\" data-end=\"843\" \/>\u2714 <strong data-start=\"845\" data-end=\"864\">Pi\u00e8ce HP d&rsquo;origine<\/strong> \u2013 Pi\u00e8ce de rechange fiable et de haute qualit\u00e9 (disposition nordique avec disposition laser slov\u00e8ne\/croate)<br data-start=\"904\" data-end=\"907\" \/>\u2714 <strong data-start=\"909\" data-end=\"945\">Mod\u00e8le\u00a0: HPM16A6 | SPS\u00a0: 918018-B71<\/strong> \u2013 Compatible avec le HP EliteBook x360 1020 G2<br data-start=\"989\" data-end=\"992\" \/>\u2714 <strong data-start=\"994\" data-end=\"1016\">Disposition AZERTY compl\u00e8te<\/strong> \u2013 Touches fluides et r\u00e9actives pour une exp\u00e9rience de frappe optimale<br data-start=\"1072\" data-end=\"1075\" \/>\u2714 <strong data-start=\"1077\" data-end=\"1113\">Clavier r\u00e9tro\u00e9clair\u00e9 (le cas \u00e9ch\u00e9ant)<\/strong> \u2013 Visibilit\u00e9 am\u00e9lior\u00e9e en conditions de faible luminosit\u00e9<br data-start=\"1158\" data-end=\"1161\" \/>\u2714 <strong data-start=\"1163\" data-end=\"1184\">Installation facile<\/strong> \u2013 Remplacement facile<\/p>\n<p data-start=\"1224\" data-end=\"1247\">\ud83d\udca1 <strong data-start=\"1227\" data-end=\"1245\">Compatibilit\u00e9\u00a0:<\/strong><\/p>\n<ul data-start=\"1248\" data-end=\"1399\">\n<li data-start=\"1248\" data-end=\"1303\">Sp\u00e9cialement con\u00e7u pour <strong data-start=\"1272\" data-end=\"1301\">HP EliteBook x360 1020 G2<\/strong><\/li>\n<li data-start=\"1304\" data-end=\"1399\">Correspond aux r\u00e9f\u00e9rences <strong data-start=\"1327\" data-end=\"1355\">HPM16A6, SPS\u00a0: 918018-B71<\/strong> (V\u00e9rifiez la r\u00e9f\u00e9rence avant l&rsquo;achat)<\/li>\n<\/ul>\n<p data-start=\"1401\" data-end=\"1502\">\ud83d\udcf8 <strong data-start=\"1404\" data-end=\"1420\">Photos r\u00e9elles\u00a0:<\/strong> Les images de cette annonce montrent l&rsquo;article exact que vous recevrez\u00a0; aucune surprise\u00a0!<\/p>\n<p data-start=\"1504\" data-end=\"1624\">\u2753 <strong data-start=\"1506\" data-end=\"1520\">Besoin d&rsquo;aide\u00a0?<\/strong> Bien que nous ne fournissions pas d&rsquo;instructions d&rsquo;installation, n&rsquo;h\u00e9sitez pas \u00e0 <strong data-start=\"1584\" data-end=\"1598\">nous contacter par message<\/strong> si vous avez besoin d&rsquo;aide.<\/p>\n<p data-start=\"1626\" data-end=\"1727\">\ud83d\udce6 <strong data-start=\"1629\" data-end=\"1657\">Livraison rapide dans le monde entier\u00a0!<\/strong> Retrouvez votre ordinateur portable comme neuf gr\u00e2ce \u00e0 cet <strong data-start=\"1701\" data-end=\"1724\">ordinateur portable HP d&rsquo;origine. clavier<\/strong>.<\/p>\n","protected":false},"excerpt":{"rendered":"<p>Remplacez votre clavier d\u00e9fectueux par ce <strong data-start=\"366\" data-end=\"438\">clavier HP EliteBook x360 1020 G2 authentique (HPM16A6, SPS 918018-B71)<\/strong>. <strong data-start=\"440\" data-end=\"487\">Photos r\u00e9elles\u00a0: ce que vous voyez est ce que vous obtenez\u00a0!<\/strong><\/p>\n","protected":false},"featured_media":16806,"template":"","meta":[],"product_brand":[],"product_cat":[71],"product_tag":[61],"class_list":{"0":"post-16745","1":"product","2":"type-product","3":"status-publish","4":"has-post-thumbnail","6":"product_cat-laptop-keyboard","7":"product_tag-hp","9":"first","10":"instock","11":"taxable","12":"shipping-taxable","13":"purchasable","14":"product-type-simple"},"_links":{"self":[{"href":"https:\/\/boreait.com\/fr\/wp-json\/wp\/v2\/product\/16745","targetHints":{"allow":["GET"]}}],"collection":[{"href":"https:\/\/boreait.com\/fr\/wp-json\/wp\/v2\/product"}],"about":[{"href":"https:\/\/boreait.com\/fr\/wp-json\/wp\/v2\/types\/product"}],"wp:featuredmedia":[{"embeddable":true,"href":"https:\/\/boreait.com\/fr\/wp-json\/wp\/v2\/media\/16806"}],"wp:attachment":[{"href":"https:\/\/boreait.com\/fr\/wp-json\/wp\/v2\/media?parent=16745"}],"wp:term":[{"taxonomy":"product_brand","embeddable":true,"href":"https:\/\/boreait.com\/fr\/wp-json\/wp\/v2\/product_brand?post=16745"},{"taxonomy":"product_cat","embeddable":true,"href":"https:\/\/boreait.com\/fr\/wp-json\/wp\/v2\/product_cat?post=16745"},{"taxonomy":"product_tag","embeddable":true,"href":"https:\/\/boreait.com\/fr\/wp-json\/wp\/v2\/product_tag?post=16745"}],"curies":[{"name":"wp","href":"https:\/\/api.w.org\/{rel}","templated":true}]}}