{"id":16734,"date":"2025-09-16T16:35:37","date_gmt":"2025-09-16T14:35:37","guid":{"rendered":"https:\/\/boreait.com\/fr\/?post_type=product&#038;p=16734"},"modified":"2025-09-16T16:37:53","modified_gmt":"2025-09-16T14:37:53","slug":"cadre-decran-lcd-dorigine-pour-ordinateur-portable-dell-latitude-e6410-cn-0t8k98","status":"publish","type":"product","link":"https:\/\/boreait.com\/fr\/produit\/cadre-decran-lcd-dorigine-pour-ordinateur-portable-dell-latitude-e6410-cn-0t8k98\/","title":{"rendered":"Cadre d&rsquo;\u00e9cran LCD d&rsquo;origine pour ordinateur portable Dell Latitude E6410 CN-0T8K98"},"content":{"rendered":"<p data-start=\"515\" data-end=\"765\">Remplacez votre <strong data-start=\"547\" data-end=\"560\">cadre LCD<\/strong> endommag\u00e9 ou manquant par ce <strong data-start=\"571\" data-end=\"627\">cadre d&rsquo;\u00e9cran Dell Latitude E6410 authentique (CN-0T8K98)<\/strong>. Con\u00e7ue pour s&rsquo;adapter parfaitement \u00e0 l&rsquo;\u00e9cran de votre ordinateur portable, cette <strong data-start=\"691\" data-end=\"713\">pi\u00e8ce Dell d&rsquo;origine<\/strong> garantit un <strong data-start=\"724\" data-end=\"762\">ajustement parfait et une finition professionnelle<\/strong>.<\/p>\n<p data-start=\"767\" data-end=\"1180\">\ud83d\udd39 <strong data-start=\"770\" data-end=\"787\">Caract\u00e9ristiques principales\u00a0:<\/strong><br data-start=\"787\" data-end=\"790\" \/>\u2714 <strong data-start=\"792\" data-end=\"813\">Pi\u00e8ce Dell d&rsquo;origine<\/strong> \u2013 Garantit une durabilit\u00e9 et un ajustement parfait<br data-start=\"850\" data-end=\"853\" \/>\u2714 <strong data-start=\"855\" data-end=\"875\">Mod\u00e8le\u00a0: CN-0T8K98<\/strong> \u2013 Sp\u00e9cialement con\u00e7u pour <strong data-start=\"904\" data-end=\"927\">Dell Latitude E6410<\/strong><br data-start=\"927\" data-end=\"930\" \/>\u2714 <strong data-start=\"932\" data-end=\"965\">Prot\u00e8ge et encadre l&rsquo;\u00e9cran<\/strong> \u2013 Maintient votre \u00e9cran en s\u00e9curit\u00e9 et bien soutenu<br data-start=\"1011\" data-end=\"1014\" \/>\u2714 <strong data-start=\"1016\" data-end=\"1040\">L\u00e9ger et Robuste<\/strong> \u2013 Pr\u00e9serve l&rsquo;aspect et le toucher d&rsquo;origine de votre ordinateur portable.<br data-start=\"1094\" data-end=\"1097\" \/>\u2714 <strong data-start=\"1099\" data-end=\"1120\">Installation facile<\/strong> \u2013 Remplacement simple pour une apparence soign\u00e9e et professionnelle.<\/p>\n<p data-start=\"1182\" data-end=\"1205\">\ud83d\udca1 <strong data-start=\"1185\" data-end=\"1203\">Compatibilit\u00e9\u00a0:<\/strong><\/p>\n<ul data-start=\"1206\" data-end=\"1360\">\n<li data-start=\"1206\" data-end=\"1290\">Con\u00e7u pour le <strong data-start=\"1221\" data-end=\"1244\">Dell Latitude E6410<\/strong> (V\u00e9rifiez le mod\u00e8le de votre ordinateur portable avant l&rsquo;achat)<\/li>\n<li data-start=\"1291\" data-end=\"1360\">Ajustement OEM \u2013 Correspond exactement aux sp\u00e9cifications de votre cadre d&rsquo;origine.<\/li>\n<\/ul>\n<p data-start=\"1362\" data-end=\"1466\">\ud83d\udcf8 <strong data-start=\"1365\" data-end=\"1381\">Photos r\u00e9elles\u00a0:<\/strong> Les photos de cette annonce montrent la pi\u00e8ce exacte que vous recevrez\u00a0; aucune image d&rsquo;archive\u00a0!<\/p>\n<p data-start=\"1468\" data-end=\"1589\">\u2753 <strong data-start=\"1470\" data-end=\"1484\">Besoin d&rsquo;aide\u00a0?<\/strong> Nous ne fournissons pas d&rsquo;instructions d&rsquo;installation, mais n&rsquo;h\u00e9sitez pas \u00e0 <strong data-start=\"1546\" data-end=\"1560\">nous contacter par message<\/strong> si vous avez des questions.<\/p>\n<p data-start=\"1591\" data-end=\"1729\">\ud83d\udce6 <strong data-start=\"1594\" data-end=\"1622\">Exp\u00e9dition rapide dans le monde entier\u00a0!<\/strong> Faites-vous livrer rapidement votre <strong data-start=\"1632\" data-end=\"1665\">cadre LCD Dell Latitude E6410<\/strong> et redonnez \u00e0 votre ordinateur portable son aspect \u00e9l\u00e9gant d\u00e8s aujourd&rsquo;hui\u00a0!<\/p>\n","protected":false},"excerpt":{"rendered":"<p>Cadre LCD d&rsquo;origine (CN-0T8K98) pour Dell Latitude E6410, pour un ajustement parfait. Pi\u00e8ce d&rsquo;origine pour ordinateur portable\u00a0: photos authentiques, sans surprises\u00a0!<\/p>\n","protected":false},"featured_media":16793,"template":"","meta":[],"product_brand":[],"product_cat":[52],"product_tag":[53],"class_list":{"0":"post-16734","1":"product","2":"type-product","3":"status-publish","4":"has-post-thumbnail","6":"product_cat-laptop-housing","7":"product_tag-dell","9":"first","10":"instock","11":"taxable","12":"shipping-taxable","13":"purchasable","14":"product-type-simple"},"_links":{"self":[{"href":"https:\/\/boreait.com\/fr\/wp-json\/wp\/v2\/product\/16734","targetHints":{"allow":["GET"]}}],"collection":[{"href":"https:\/\/boreait.com\/fr\/wp-json\/wp\/v2\/product"}],"about":[{"href":"https:\/\/boreait.com\/fr\/wp-json\/wp\/v2\/types\/product"}],"wp:featuredmedia":[{"embeddable":true,"href":"https:\/\/boreait.com\/fr\/wp-json\/wp\/v2\/media\/16793"}],"wp:attachment":[{"href":"https:\/\/boreait.com\/fr\/wp-json\/wp\/v2\/media?parent=16734"}],"wp:term":[{"taxonomy":"product_brand","embeddable":true,"href":"https:\/\/boreait.com\/fr\/wp-json\/wp\/v2\/product_brand?post=16734"},{"taxonomy":"product_cat","embeddable":true,"href":"https:\/\/boreait.com\/fr\/wp-json\/wp\/v2\/product_cat?post=16734"},{"taxonomy":"product_tag","embeddable":true,"href":"https:\/\/boreait.com\/fr\/wp-json\/wp\/v2\/product_tag?post=16734"}],"curies":[{"name":"wp","href":"https:\/\/api.w.org\/{rel}","templated":true}]}}