{"id":16712,"date":"2025-09-16T16:34:44","date_gmt":"2025-09-16T14:34:44","guid":{"rendered":"https:\/\/boreait.com\/fr\/?post_type=product&#038;p=16712"},"modified":"2025-09-16T16:37:04","modified_gmt":"2025-09-16T14:37:04","slug":"boutons-du-pave-tactile-pour-dell-latitude-e6410-pk37b007200-piece-dorigine-pour-ordinateur-portable","status":"publish","type":"product","link":"https:\/\/boreait.com\/fr\/produit\/boutons-du-pave-tactile-pour-dell-latitude-e6410-pk37b007200-piece-dorigine-pour-ordinateur-portable\/","title":{"rendered":"Boutons du pav\u00e9 tactile pour Dell Latitude E6410 (PK37B007200) \u2013 Pi\u00e8ce d&rsquo;origine pour ordinateur portable"},"content":{"rendered":"<p data-start=\"562\" data-end=\"831\">Restaurez la fonctionnalit\u00e9 fluide et r\u00e9active du pav\u00e9 tactile avec cette <strong data-start=\"625\" data-end=\"692\">carte de boutons de pav\u00e9 tactile Dell Latitude E6410 authentique (PK37B007200)<\/strong>. Cette pi\u00e8ce de rechange est sp\u00e9cialement con\u00e7ue pour le <strong data-start=\"749\" data-end=\"767\">Latitude E6410<\/strong>, garantissant une <strong data-start=\"778\" data-end=\"803\">compatibilit\u00e9 parfaite<\/strong> et des performances fiables.<\/p>\n<p data-start=\"833\" data-end=\"1129\">\ud83d\udd39 <strong data-start=\"836\" data-end=\"853\">Caract\u00e9ristiques principales\u00a0:<\/strong><br data-start=\"853\" data-end=\"856\" \/>\u2714 <strong data-start=\"858\" data-end=\"880\">Pi\u00e8ce Dell d&rsquo;origine<\/strong> \u2013 Mod\u00e8le <strong data-start=\"889\" data-end=\"904\">PK37B007200<\/strong><br data-start=\"904\" data-end=\"907\" \/>\u2714 <strong data-start=\"909\" data-end=\"943\">Parfaitement adapt\u00e9 Latitude E6410<\/strong> \u2013 Con\u00e7u pour une installation transparente<br data-start=\"980\" data-end=\"983\" \/>\u2714 <strong data-start=\"985\" data-end=\"1017\">R\u00e9actif et Boutons durables \u2013 Retrouvez un clic fluide.<br data-start=\"1057\" data-end=\"1060\" \/>\u2714 <strong data-start=\"1062\" data-end=\"1081\">Facile \u00e0 installer<\/strong> \u2013 Remplacez rapidement vos boutons anciens ou cass\u00e9s.<\/p>\n<p data-start=\"1131\" data-end=\"1154\">\ud83d\udca1 <strong data-start=\"1134\" data-end=\"1152\">Compatibilit\u00e9\u00a0:<\/strong><\/p>\n<ul data-start=\"1155\" data-end=\"1267\">\n<li data-start=\"1155\" data-end=\"1195\">Con\u00e7u pour <strong data-start=\"1170\" data-end=\"1193\">Dell Latitude E6410<\/strong><\/li>\n<li data-start=\"1196\" data-end=\"1267\">V\u00e9rifiez la r\u00e9f\u00e9rence de votre ordinateur portable (<strong data-start=\"1231\" data-end=\"1246\">PK37B007200<\/strong>) avant d&rsquo;acheter.<\/li>\n<\/ul>\n<p data-start=\"1269\" data-end=\"1370\">\ud83d\udcf8 <strong data-start=\"1272\" data-end=\"1288\">Photos r\u00e9elles\u00a0:<\/strong> Les images de cette annonce montrent l&rsquo;article exact que vous recevrez\u00a0; aucune surprise\u00a0!<\/p>\n<p data-start=\"1372\" data-end=\"1494\">\u2753 <strong data-start=\"1374\" data-end=\"1388\">Besoin d&rsquo;aide\u00a0?<\/strong> Nous ne fournissons pas d&rsquo;instructions d&rsquo;installation, mais n&rsquo;h\u00e9sitez pas \u00e0 <strong data-start=\"1450\" data-end=\"1464\">nous contacter par message<\/strong> si vous avez besoin d&rsquo;aide.<\/p>\n<p data-start=\"1496\" data-end=\"1625\">\ud83d\udce6 <strong data-start=\"1499\" data-end=\"1527\">Livraison rapide dans le monde entier\u00a0!<\/strong> Remettez votre <strong data-start=\"1537\" data-end=\"1555\">Latitude E6410<\/strong> en parfait \u00e9tat gr\u00e2ce \u00e0 cette <strong data-start=\"1584\" data-end=\"1622\">carte de boutons du pav\u00e9 tactile Dell d&rsquo;origine<\/strong>.<\/p>\n","protected":false},"excerpt":{"rendered":"<p>Remplacez les boutons du pav\u00e9 tactile de votre Dell Latitude E6410 (PK37B007200) us\u00e9s ou d\u00e9fectueux par cette pi\u00e8ce d&rsquo;origine pour ordinateur portable. Photos r\u00e9elles\u00a0: vous obtenez ce que vous voyez\u00a0!<\/p>\n","protected":false},"featured_media":16772,"template":"","meta":[],"product_brand":[],"product_cat":[52],"product_tag":[53],"class_list":{"0":"post-16712","1":"product","2":"type-product","3":"status-publish","4":"has-post-thumbnail","6":"product_cat-laptop-housing","7":"product_tag-dell","9":"first","10":"instock","11":"taxable","12":"shipping-taxable","13":"purchasable","14":"product-type-simple"},"_links":{"self":[{"href":"https:\/\/boreait.com\/fr\/wp-json\/wp\/v2\/product\/16712","targetHints":{"allow":["GET"]}}],"collection":[{"href":"https:\/\/boreait.com\/fr\/wp-json\/wp\/v2\/product"}],"about":[{"href":"https:\/\/boreait.com\/fr\/wp-json\/wp\/v2\/types\/product"}],"wp:featuredmedia":[{"embeddable":true,"href":"https:\/\/boreait.com\/fr\/wp-json\/wp\/v2\/media\/16772"}],"wp:attachment":[{"href":"https:\/\/boreait.com\/fr\/wp-json\/wp\/v2\/media?parent=16712"}],"wp:term":[{"taxonomy":"product_brand","embeddable":true,"href":"https:\/\/boreait.com\/fr\/wp-json\/wp\/v2\/product_brand?post=16712"},{"taxonomy":"product_cat","embeddable":true,"href":"https:\/\/boreait.com\/fr\/wp-json\/wp\/v2\/product_cat?post=16712"},{"taxonomy":"product_tag","embeddable":true,"href":"https:\/\/boreait.com\/fr\/wp-json\/wp\/v2\/product_tag?post=16712"}],"curies":[{"name":"wp","href":"https:\/\/api.w.org\/{rel}","templated":true}]}}