{"id":16710,"date":"2025-09-16T16:34:44","date_gmt":"2025-09-16T14:34:44","guid":{"rendered":"https:\/\/boreait.com\/fr\/?post_type=product&#038;p=16710"},"modified":"2025-09-16T16:36:51","modified_gmt":"2025-09-16T14:36:51","slug":"carte-audio-usb-lan-ls-5472p-0n3r3t-pour-dell-latitude-e6410-remplacement-pour-ordinateur-portable","status":"publish","type":"product","link":"https:\/\/boreait.com\/fr\/produit\/carte-audio-usb-lan-ls-5472p-0n3r3t-pour-dell-latitude-e6410-remplacement-pour-ordinateur-portable\/","title":{"rendered":"Carte audio USB LAN LS-5472P 0N3R3T pour Dell Latitude E6410 \u2013 Remplacement pour ordinateur portable"},"content":{"rendered":"<p data-start=\"625\" data-end=\"893\">Restaurez toutes les fonctionnalit\u00e9s de votre <strong data-start=\"660\" data-end=\"683\">Dell Latitude E6410<\/strong> avec cette <strong data-start=\"694\" data-end=\"736\">carte audio LAN USB (LS-5472P, 0N3R3T)<\/strong>. Que vous soyez confront\u00e9 \u00e0 des <strong data-start=\"766\" data-end=\"835\">ports USB non fonctionnels, des probl\u00e8mes audio ou de connectivit\u00e9 LAN<\/strong>, cette pi\u00e8ce de rechange d&rsquo;origine est la solution id\u00e9ale.<\/p>\n<p data-start=\"895\" data-end=\"1278\">\ud83d\udd39 <strong data-start=\"898\" data-end=\"915\">Caract\u00e9ristiques principales\u00a0:<\/strong><br data-start=\"915\" data-end=\"918\" \/>\u2714 <strong data-start=\"920\" data-end=\"956\">Pi\u00e8ce d&rsquo;origine Dell Latitude E6410<\/strong> \u2013 Compatibilit\u00e9 garantie \u00e0 100\u00a0%<br data-start=\"985\" data-end=\"988\" \/>\u2714 <strong data-start=\"990\" data-end=\"1018\">Mod\u00e8le\u00a0: LS-5472P (0N3R3T)<\/strong> \u2013 Sp\u00e9cialement con\u00e7u pour le Latitude E6410 ordinateurs portables<br data-start=\"1069\" data-end=\"1072\" \/>\u2714 <strong data-start=\"1074\" data-end=\"1110\">R\u00e9sout les probl\u00e8mes USB, audio et LAN<\/strong> \u2013 Restaure une fonctionnalit\u00e9 transparente<br data-start=\"1144\" data-end=\"1147\" \/>\u2714 <strong data-start=\"1149\" data-end=\"1170\">Installation facile<\/strong> \u2013 Ajustement parfait sans modifications<br data-start=\"1206\" data-end=\"1209\" \/>\u2714 <strong data-start=\"1211\" data-end=\"1245\">SATA et Connecteurs de c\u00e2ble plat \u2013 Assure un transfert de donn\u00e9es optimal.<\/p>\n<p data-start=\"1280\" data-end=\"1303\">\ud83d\udca1 <strong data-start=\"1283\" data-end=\"1301\">Compatibilit\u00e9\u00a0:<\/strong><\/p>\n<ul data-start=\"1304\" data-end=\"1459\">\n<li data-start=\"1304\" data-end=\"1386\">Con\u00e7u pour le <strong data-start=\"1319\" data-end=\"1342\">Dell Latitude E6410<\/strong> (v\u00e9rifiez le mod\u00e8le de votre ordinateur portable avant l&rsquo;achat).<\/li>\n<li data-start=\"1387\" data-end=\"1459\">Fonctionne avec les <strong data-start=\"1400\" data-end=\"1432\">connecteurs internes compatibles<\/strong> pour une int\u00e9gration fluide.<\/li>\n<\/ul>\n<p data-start=\"1461\" data-end=\"1562\">\ud83d\udcf8 <strong data-start=\"1464\" data-end=\"1480\">Photos r\u00e9elles\u00a0:<\/strong> Les images de cette annonce montrent l&rsquo;article exact que vous recevrez\u00a0; aucune surprise\u00a0!<\/p>\n<p data-start=\"1564\" data-end=\"1718\">\u2753 <strong data-start=\"1566\" data-end=\"1580\">Besoin d&rsquo;aide\u00a0?<\/strong> Bien que nous ne fournissions pas d&rsquo;instructions d&rsquo;installation, n&rsquo;h\u00e9sitez pas \u00e0 <strong data-start=\"1644\" data-end=\"1658\">nous contacter par message<\/strong> si vous avez besoin d&rsquo;aide avant ou apr\u00e8s votre achat.<\/p>\n<p data-start=\"1720\" data-end=\"1852\">\ud83d\udce6 <strong data-start=\"1723\" data-end=\"1751\">Livraison rapide dans le monde entier\u00a0!<\/strong> Retrouvez votre ordinateur portable comme neuf gr\u00e2ce \u00e0 ce <strong data-start=\"1801\" data-end=\"1849\">carte LAN audio USB de remplacement de haute qualit\u00e9<\/strong>.<\/p>\n","protected":false},"excerpt":{"rendered":"<p>Carte audio USB LAN Dell Latitude E6410 authentique (LS-5472P, 0N3R3T). Remplacement id\u00e9al d&rsquo;une carte d\u00e9fectueuse, garantissant une connectivit\u00e9 USB, audio et LAN fluide. Photos authentiques\u00a0: ce que vous voyez est ce que vous obtenez\u00a0!<\/p>\n","protected":false},"featured_media":16764,"template":"","meta":[],"product_brand":[],"product_cat":[63],"product_tag":[53],"class_list":{"0":"post-16710","1":"product","2":"type-product","3":"status-publish","4":"has-post-thumbnail","6":"product_cat-motherboards-board-parts","7":"product_tag-dell","9":"first","10":"instock","11":"taxable","12":"shipping-taxable","13":"purchasable","14":"product-type-simple"},"_links":{"self":[{"href":"https:\/\/boreait.com\/fr\/wp-json\/wp\/v2\/product\/16710","targetHints":{"allow":["GET"]}}],"collection":[{"href":"https:\/\/boreait.com\/fr\/wp-json\/wp\/v2\/product"}],"about":[{"href":"https:\/\/boreait.com\/fr\/wp-json\/wp\/v2\/types\/product"}],"wp:featuredmedia":[{"embeddable":true,"href":"https:\/\/boreait.com\/fr\/wp-json\/wp\/v2\/media\/16764"}],"wp:attachment":[{"href":"https:\/\/boreait.com\/fr\/wp-json\/wp\/v2\/media?parent=16710"}],"wp:term":[{"taxonomy":"product_brand","embeddable":true,"href":"https:\/\/boreait.com\/fr\/wp-json\/wp\/v2\/product_brand?post=16710"},{"taxonomy":"product_cat","embeddable":true,"href":"https:\/\/boreait.com\/fr\/wp-json\/wp\/v2\/product_cat?post=16710"},{"taxonomy":"product_tag","embeddable":true,"href":"https:\/\/boreait.com\/fr\/wp-json\/wp\/v2\/product_tag?post=16710"}],"curies":[{"name":"wp","href":"https:\/\/api.w.org\/{rel}","templated":true}]}}