{"id":16698,"date":"2025-09-16T16:34:19","date_gmt":"2025-09-16T14:34:19","guid":{"rendered":"https:\/\/boreait.com\/fr\/?post_type=product&#038;p=16698"},"modified":"2026-02-08T08:33:55","modified_gmt":"2026-02-08T07:33:55","slug":"charnieres-pour-apple-macbook-pro-a1278-ensemble-de-charnieres-decran-dorigine-13-pro7-1","status":"publish","type":"product","link":"https:\/\/boreait.com\/fr\/produit\/charnieres-pour-apple-macbook-pro-a1278-ensemble-de-charnieres-decran-dorigine-13-pro7-1\/","title":{"rendered":"Charni\u00e8res pour Apple MacBook Pro A1278 \u2013 Ensemble de charni\u00e8res d&rsquo;\u00e9cran d&rsquo;origine 13&Prime; PRO7.1"},"content":{"rendered":"<p data-start=\"578\" data-end=\"855\">R\u00e9solvez vos <strong data-start=\"587\" data-end=\"628\">probl\u00e8mes de charni\u00e8re d&rsquo;\u00e9cran de votre MacBook Pro A1278<\/strong> avec cet <strong data-start=\"639\" data-end=\"660\">ensemble de charni\u00e8res authentiques<\/strong>, con\u00e7u sp\u00e9cifiquement pour le <strong data-start=\"692\" data-end=\"732\">MacBook Pro 13 pouces 7,1 (mod\u00e8le 2010)<\/strong>. Ces <strong data-start=\"740\" data-end=\"766\">charni\u00e8res de rechange OEM<\/strong> restaurent la stabilit\u00e9 de l&rsquo;\u00e9cran de votre ordinateur portable, \u00e9vitant ainsi tout vacillement ou d\u00e9salignement ind\u00e9sirable.<\/p>\n<p data-start=\"857\" data-end=\"1239\">\ud83d\udd39 <strong data-start=\"860\" data-end=\"877\">Caract\u00e9ristiques principales\u00a0:<\/strong><br data-start=\"877\" data-end=\"880\" \/>\u2714 <strong data-start=\"882\" data-end=\"918\">Charni\u00e8res Apple MacBook Pro d&rsquo;origine<\/strong> \u2013 Parfaitement adapt\u00e9es aux <strong data-start=\"937\" data-end=\"957\">mod\u00e8les A1278 13 pouces<\/strong><br data-start=\"957\" data-end=\"960\" \/>\u2714 <strong data-start=\"962\" data-end=\"991\">Restaurent la stabilit\u00e9 de l&rsquo;\u00e9cran<\/strong> \u2013 \u00c9limine les charni\u00e8res desserr\u00e9es ou rigides Mouvement<br data-start=\"1034\" data-end=\"1037\" \/>\u2714 <strong data-start=\"1039\" data-end=\"1067\">Construction m\u00e9tallique de haute qualit\u00e9<\/strong> \u2013 Robuste et durable<br data-start=\"1094\" data-end=\"1097\" \/>\u2714 <strong data-start=\"1099\" data-end=\"1119\">Ajustement et conception OEM<\/strong> \u2013 Conforme aux sp\u00e9cifications d&rsquo;origine<br data-start=\"1161\" data-end=\"1164\" \/>\u2714 <strong data-start=\"1166\" data-end=\"1186\">Remplacement facile<\/strong> \u2013 Alignement standard des vis pour une installation simplifi\u00e9e<\/p>\n<p data-start=\"1241\" data-end=\"1264\">\ud83d\udca1 <strong data-start=\"1244\" data-end=\"1262\">Compatibilit\u00e9\u00a0:<\/strong><\/p>\n<ul data-start=\"1265\" data-end=\"1410\">\n<li data-start=\"1265\" data-end=\"1326\">Con\u00e7u pour <strong data-start=\"1280\" data-end=\"1324\">Apple MacBook Pro 13&Prime; A1278 (mod\u00e8le 2010)<\/strong><\/li>\n<li data-start=\"1327\" data-end=\"1410\">Compatible avec les s\u00e9ries <strong data-start=\"1345\" data-end=\"1364\">MacBook Pro 7.1<\/strong> (v\u00e9rifiez votre mod\u00e8le avant l&rsquo;achat)<\/li>\n<\/ul>\n<p data-start=\"1412\" data-end=\"1513\">\ud83d\udcf8 <strong data-start=\"1415\" data-end=\"1431\">Photos r\u00e9elles\u00a0:<\/strong> Les images Dans cette liste, vous trouverez l&rsquo;article exact que vous recevrez\u00a0\u2013 pas de surprises\u00a0!<\/p>\n<p data-start=\"1515\" data-end=\"1669\">\u2753 <strong data-start=\"1517\" data-end=\"1531\">Besoin d&rsquo;aide\u00a0?<\/strong> Bien que nous ne fournissions pas d&rsquo;instructions d&rsquo;installation, n&rsquo;h\u00e9sitez pas \u00e0 <strong data-start=\"1595\" data-end=\"1609\">nous contacter par message<\/strong> si vous avez besoin d&rsquo;aide avant ou apr\u00e8s votre achat.<\/p>\n<p data-start=\"1671\" data-end=\"1795\">\ud83d\udce6 <strong data-start=\"1674\" data-end=\"1702\">Livraison rapide dans le monde entier\u00a0!<\/strong> Retrouvez votre MacBook Pro en parfait \u00e9tat gr\u00e2ce \u00e0 ces <strong data-start=\"1757\" data-end=\"1792\">charni\u00e8res de rechange de haute qualit\u00e9<\/strong>.<\/p>\n","protected":false},"excerpt":{"rendered":"<p>Remplacez vos charni\u00e8res us\u00e9es ou desserr\u00e9es par ce <strong data-start=\"340\" data-end=\"389\">jeu de charni\u00e8res authentiques pour Apple MacBook Pro 7,1 pouces A1278<\/strong>. Con\u00e7u pour les <strong data-start=\"404\" data-end=\"422\">mod\u00e8les 13 pouces<\/strong>, il garantit un ajustement parfait. <strong data-start=\"448\" data-end=\"495\">Photos r\u00e9elles\u00a0: ce que vous voyez est ce que vous obtenez\u00a0!<\/strong><\/p>\n","protected":false},"featured_media":16753,"template":"","meta":[],"product_brand":[],"product_cat":[55],"product_tag":[87],"class_list":{"0":"post-16698","1":"product","2":"type-product","3":"status-publish","4":"has-post-thumbnail","6":"product_cat-screen-hinge","7":"product_tag-apple","9":"first","10":"instock","11":"taxable","12":"shipping-taxable","13":"purchasable","14":"product-type-simple"},"_links":{"self":[{"href":"https:\/\/boreait.com\/fr\/wp-json\/wp\/v2\/product\/16698","targetHints":{"allow":["GET"]}}],"collection":[{"href":"https:\/\/boreait.com\/fr\/wp-json\/wp\/v2\/product"}],"about":[{"href":"https:\/\/boreait.com\/fr\/wp-json\/wp\/v2\/types\/product"}],"wp:featuredmedia":[{"embeddable":true,"href":"https:\/\/boreait.com\/fr\/wp-json\/wp\/v2\/media\/16753"}],"wp:attachment":[{"href":"https:\/\/boreait.com\/fr\/wp-json\/wp\/v2\/media?parent=16698"}],"wp:term":[{"taxonomy":"product_brand","embeddable":true,"href":"https:\/\/boreait.com\/fr\/wp-json\/wp\/v2\/product_brand?post=16698"},{"taxonomy":"product_cat","embeddable":true,"href":"https:\/\/boreait.com\/fr\/wp-json\/wp\/v2\/product_cat?post=16698"},{"taxonomy":"product_tag","embeddable":true,"href":"https:\/\/boreait.com\/fr\/wp-json\/wp\/v2\/product_tag?post=16698"}],"curies":[{"name":"wp","href":"https:\/\/api.w.org\/{rel}","templated":true}]}}