{"id":16697,"date":"2025-09-16T16:34:18","date_gmt":"2025-09-16T14:34:18","guid":{"rendered":"https:\/\/boreait.com\/fr\/?post_type=product&#038;p=16697"},"modified":"2026-02-08T08:33:39","modified_gmt":"2026-02-08T07:33:39","slug":"haut-parleurs-gauche-et-droit-pour-apple-macbook-pro-71-pouces-a1278-piece-dorigine","status":"publish","type":"product","link":"https:\/\/boreait.com\/fr\/produit\/haut-parleurs-gauche-et-droit-pour-apple-macbook-pro-71-pouces-a1278-piece-dorigine\/","title":{"rendered":"Haut-parleurs gauche et droit pour Apple MacBook Pro 7,1 pouces A1278 \u2013 Pi\u00e8ce d&rsquo;origine"},"content":{"rendered":"<p data-start=\"599\" data-end=\"682\"><strong data-start=\"602\" data-end=\"680\">Ensemble de haut-parleurs gauche et droit pour Apple MacBook Pro 7,1 pouces A1278 \u2013 Remplacement d&rsquo;origine<\/strong><\/p>\n<p data-start=\"684\" data-end=\"900\">Redonnez vie \u00e0 votre <strong data-start=\"695\" data-end=\"729\">ordinateur portable MacBook Pro 7,1 pouces (A1278)<\/strong> avec cet <strong data-start=\"753\" data-end=\"777\">ensemble de haut-parleurs d&rsquo;origine<\/strong>. Si vos haut-parleurs sont d\u00e9form\u00e9s, gr\u00e9sillent ou ne fonctionnent pas, ce remplacement restaurera un son clair et net.<\/p>\n<p data-start=\"902\" data-end=\"1304\">\ud83d\udd39 <strong data-start=\"905\" data-end=\"922\">Caract\u00e9ristiques principales\u00a0:<\/strong><br data-start=\"922\" data-end=\"925\" \/>\u2714 <strong data-start=\"927\" data-end=\"949\">Pi\u00e8ce Apple d&rsquo;origine<\/strong> \u2013 Compatibilit\u00e9 et performances garanties<br data-start=\"992\" data-end=\"995\" \/>\u2714 <strong data-start=\"997\" data-end=\"1025\">Gauche et Ensemble de haut-parleurs droits<\/strong> \u2013 Remplacement complet des deux c\u00f4t\u00e9s<br data-start=\"1063\" data-end=\"1066\" \/>\u2714 <strong data-start=\"1068\" data-end=\"1091\">Son cristallin<\/strong> \u2013 Restaure une sortie audio de haute qualit\u00e9<br data-start=\"1127\" data-end=\"1130\" \/>\u2714 <strong data-start=\"1132\" data-end=\"1153\">Qualit\u00e9 OEM et Compatibilit\u00e9\u00a0: Remplacement direct pour une installation facile.<br data-start=\"1197\" data-end=\"1200\" \/>\u2714 <strong data-start=\"1202\" data-end=\"1223\">Installation facile<\/strong> \u2013 Con\u00e7u pour le MacBook Pro <strong data-start=\"1251\" data-end=\"1264\">7,1&Prime; A1278<\/strong> (V\u00e9rifiez la compatibilit\u00e9 avant l&rsquo;achat)<\/p>\n<p data-start=\"1306\" data-end=\"1329\">\ud83d\udca1 <strong data-start=\"1309\" data-end=\"1327\">Compatibilit\u00e9\u00a0:<\/strong><\/p>\n<ul data-start=\"1330\" data-end=\"1423\">\n<li data-start=\"1330\" data-end=\"1378\"><strong data-start=\"1332\" data-end=\"1376\">MacBook Pro 7,1&Prime; (A1278) \u2013 13&Prime; (mi-2010)<\/strong><\/li>\n<li data-start=\"1379\" data-end=\"1423\">Remplacement direct des haut-parleurs d&rsquo;origine<\/li>\n<\/ul>\n<p data-start=\"1425\" data-end=\"1531\">\ud83d\udcf8 <strong data-start=\"1428\" data-end=\"1444\">Photos r\u00e9elles\u00a0:<\/strong> Les images de cette annonce montrent l&rsquo;<strong data-start=\"1481\" data-end=\"1510\">article exact que vous recevrez<\/strong>\u00a0\u2013 aucune photo d&rsquo;archive\u00a0!<\/p>\n<p data-start=\"1533\" data-end=\"1649\">\u2753 <strong data-start=\"1535\" data-end=\"1549\">Besoin d&rsquo;aide\u00a0?<\/strong> Nous ne fournissons pas d&rsquo;instructions d&rsquo;installation, mais vous pouvez <strong data-start=\"1606\" data-end=\"1620\">Contactez-nous<\/strong> si vous avez des questions.<\/p>\n<p data-start=\"1651\" data-end=\"1765\">\ud83d\udce6 <strong data-start=\"1654\" data-end=\"1682\">Livraison rapide dans le monde entier\u00a0!<\/strong> Retrouvez le son du neuf sur votre MacBook Pro gr\u00e2ce \u00e0 ce <strong data-start=\"1738\" data-end=\"1762\">jeu de haut-parleurs d&rsquo;origine<\/strong>.<\/p>\n","protected":false},"excerpt":{"rendered":"<p>Retrouvez un son cristallin avec ce <strong data-start=\"347\" data-end=\"398\">ensemble de haut-parleurs d&rsquo;origine pour Apple MacBook Pro 7,1 pouces A1278<\/strong>. Comprend les <strong data-start=\"414\" data-end=\"441\">haut-parleurs gauche et droit<\/strong> pour un remplacement parfait. <strong data-start=\"469\" data-end=\"516\">Photos r\u00e9elles\u00a0: ce que vous voyez est ce que vous obtenez\u00a0!<\/strong><\/p>\n","protected":false},"featured_media":16752,"template":"","meta":[],"product_brand":[],"product_cat":[54],"product_tag":[87],"class_list":{"0":"post-16697","1":"product","2":"type-product","3":"status-publish","4":"has-post-thumbnail","6":"product_cat-laptop-speakers","7":"product_tag-apple","9":"first","10":"instock","11":"taxable","12":"shipping-taxable","13":"purchasable","14":"product-type-simple"},"_links":{"self":[{"href":"https:\/\/boreait.com\/fr\/wp-json\/wp\/v2\/product\/16697","targetHints":{"allow":["GET"]}}],"collection":[{"href":"https:\/\/boreait.com\/fr\/wp-json\/wp\/v2\/product"}],"about":[{"href":"https:\/\/boreait.com\/fr\/wp-json\/wp\/v2\/types\/product"}],"wp:featuredmedia":[{"embeddable":true,"href":"https:\/\/boreait.com\/fr\/wp-json\/wp\/v2\/media\/16752"}],"wp:attachment":[{"href":"https:\/\/boreait.com\/fr\/wp-json\/wp\/v2\/media?parent=16697"}],"wp:term":[{"taxonomy":"product_brand","embeddable":true,"href":"https:\/\/boreait.com\/fr\/wp-json\/wp\/v2\/product_brand?post=16697"},{"taxonomy":"product_cat","embeddable":true,"href":"https:\/\/boreait.com\/fr\/wp-json\/wp\/v2\/product_cat?post=16697"},{"taxonomy":"product_tag","embeddable":true,"href":"https:\/\/boreait.com\/fr\/wp-json\/wp\/v2\/product_tag?post=16697"}],"curies":[{"name":"wp","href":"https:\/\/api.w.org\/{rel}","templated":true}]}}