{"id":16694,"date":"2025-09-16T16:34:18","date_gmt":"2025-09-16T14:34:18","guid":{"rendered":"https:\/\/boreait.com\/fr\/?post_type=product&#038;p=16694"},"modified":"2025-09-16T16:36:10","modified_gmt":"2025-09-16T14:36:10","slug":"repose-poignets-pave-tactile-et-clavier-pour-apple-macbook-pro-71-pouces-a1278-piece-dorigine","status":"publish","type":"product","link":"https:\/\/boreait.com\/fr\/produit\/repose-poignets-pave-tactile-et-clavier-pour-apple-macbook-pro-71-pouces-a1278-piece-dorigine\/","title":{"rendered":"Repose-poignets, pav\u00e9 tactile et clavier pour Apple MacBook Pro 7,1 pouces A1278 \u2013 Pi\u00e8ce d&rsquo;origine"},"content":{"rendered":"<p data-start=\"607\" data-end=\"853\">Redonnez vie \u00e0 votre <strong data-start=\"619\" data-end=\"652\">Apple MacBook Pro 7,1 (A1278)<\/strong> avec cet <strong data-start=\"663\" data-end=\"728\">ensemble repose-poignet, pav\u00e9 tactile et clavier de remplacement authentique (disposition nordique)<\/strong>. Con\u00e7ue pour un ajustement parfait, cette <strong data-start=\"763\" data-end=\"781\">pi\u00e8ce Apple OEM<\/strong> garantit une fonctionnalit\u00e9 compl\u00e8te et une int\u00e9gration parfaite avec votre ordinateur portable.<\/p>\n<p data-start=\"855\" data-end=\"1267\">\ud83d\udd39 <strong data-start=\"858\" data-end=\"875\">Caract\u00e9ristiques principales\u00a0:<\/strong><br data-start=\"875\" data-end=\"878\" \/>\u2714 <strong data-start=\"880\" data-end=\"902\">Pi\u00e8ce Apple d&rsquo;origine<\/strong> \u2013 Qualit\u00e9, durabilit\u00e9 et fiabilit\u00e9 garanties<br data-start=\"949\" data-end=\"952\" \/>\u2714 <strong data-start=\"954\" data-end=\"975\">Assemblage complet<\/strong> \u2013 Comprend <strong data-start=\"987\" data-end=\"1023\">repose-poignets, pav\u00e9 tactile et clavier<\/strong><br data-start=\"1023\" data-end=\"1026\" \/>\u2714 <strong data-start=\"1028\" data-end=\"1059\">Trackpad multi-touch fluide<\/strong> \u2013 Prend en charge les gestes pour une meilleure convivialit\u00e9<br data-start=\"1102\" data-end=\"1105\" \/>\u2714 <strong data-start=\"1107\" data-end=\"1133\">Clavier pr\u00e9install\u00e9<\/strong> \u2013 Disposition et ajustement corrects pour <strong data-start=\"1163\" data-end=\"1190\">MacBook Pro 7,1 (A1278)<\/strong><br data-start=\"1190\" data-end=\"1193\" \/>\u2714 <strong data-start=\"1195\" data-end=\"1222\">Plug &amp; Remplacement Play<\/strong> \u2013 Aucune modification n\u00e9cessaire pour l&rsquo;installation<\/p>\n<p data-start=\"1269\" data-end=\"1292\">\ud83d\udca1 <strong data-start=\"1272\" data-end=\"1290\">Compatibilit\u00e9\u00a0:<\/strong><\/p>\n<ul data-start=\"1293\" data-end=\"1424\">\n<li data-start=\"1293\" data-end=\"1374\"><strong data-start=\"1295\" data-end=\"1328\">Apple MacBook Pro 7,1 pouces (A1278)<\/strong> \u2013 V\u00e9rifiez le mod\u00e8le de votre ordinateur portable avant l&rsquo;achat.<\/li>\n<li data-start=\"1375\" data-end=\"1424\">Compatible avec <strong data-start=\"1382\" data-end=\"1422\">MacBook Pro 13 pouces (mi-2010) (mod\u00e8le)<\/strong><\/li>\n<\/ul>\n<p data-start=\"1426\" data-end=\"1527\">\ud83d\udcf8 <strong data-start=\"1429\" data-end=\"1445\">Photos r\u00e9elles\u00a0:<\/strong> Les images de cette annonce montrent l&rsquo;article exact que vous recevrez\u00a0; aucune surprise\u00a0!<\/p>\n<p data-start=\"1529\" data-end=\"1683\">\u2753 <strong data-start=\"1531\" data-end=\"1545\">Besoin d&rsquo;aide\u00a0?<\/strong> Bien que nous ne fournissions pas d&rsquo;instructions d&rsquo;installation, n&rsquo;h\u00e9sitez pas \u00e0 <strong data-start=\"1609\" data-end=\"1623\">nous contacter par message<\/strong> si vous avez besoin d&rsquo;aide avant ou apr\u00e8s votre achat.<\/p>\n<p data-start=\"1685\" data-end=\"1829\">\ud83d\udce6 <strong data-start=\"1688\" data-end=\"1716\">Exp\u00e9dition rapide dans le monde entier Exp\u00e9dition\u00a0!<\/strong> Retrouvez votre <strong data-start=\"1726\" data-end=\"1747\">MacBook Pro A1278<\/strong> comme neuf et fonctionnel gr\u00e2ce \u00e0 cette <strong data-start=\"1797\" data-end=\"1826\">pi\u00e8ce de rechange d&rsquo;origine<\/strong>.<\/p>\n","protected":false},"excerpt":{"rendered":"<p>Restaurez votre MacBook Pro 7,1 pouces (A1278) avec cet ensemble repose-poignets, pav\u00e9 tactile et clavier d&rsquo;origine. Id\u00e9al pour remplacer les pi\u00e8ces us\u00e9es ou endommag\u00e9es. Photos authentiques\u00a0: ce que vous voyez est ce que vous obtenez\u00a0!<\/p>\n","protected":false},"featured_media":16748,"template":"","meta":[],"product_brand":[],"product_cat":[52],"product_tag":[87],"class_list":{"0":"post-16694","1":"product","2":"type-product","3":"status-publish","4":"has-post-thumbnail","6":"product_cat-laptop-housing","7":"product_tag-apple","9":"first","10":"instock","11":"taxable","12":"shipping-taxable","13":"purchasable","14":"product-type-simple"},"_links":{"self":[{"href":"https:\/\/boreait.com\/fr\/wp-json\/wp\/v2\/product\/16694","targetHints":{"allow":["GET"]}}],"collection":[{"href":"https:\/\/boreait.com\/fr\/wp-json\/wp\/v2\/product"}],"about":[{"href":"https:\/\/boreait.com\/fr\/wp-json\/wp\/v2\/types\/product"}],"wp:featuredmedia":[{"embeddable":true,"href":"https:\/\/boreait.com\/fr\/wp-json\/wp\/v2\/media\/16748"}],"wp:attachment":[{"href":"https:\/\/boreait.com\/fr\/wp-json\/wp\/v2\/media?parent=16694"}],"wp:term":[{"taxonomy":"product_brand","embeddable":true,"href":"https:\/\/boreait.com\/fr\/wp-json\/wp\/v2\/product_brand?post=16694"},{"taxonomy":"product_cat","embeddable":true,"href":"https:\/\/boreait.com\/fr\/wp-json\/wp\/v2\/product_cat?post=16694"},{"taxonomy":"product_tag","embeddable":true,"href":"https:\/\/boreait.com\/fr\/wp-json\/wp\/v2\/product_tag?post=16694"}],"curies":[{"name":"wp","href":"https:\/\/api.w.org\/{rel}","templated":true}]}}