{"id":16693,"date":"2025-09-16T16:34:17","date_gmt":"2025-09-16T14:34:17","guid":{"rendered":"https:\/\/boreait.com\/fr\/?post_type=product&#038;p=16693"},"modified":"2025-09-16T16:35:59","modified_gmt":"2025-09-16T14:35:59","slug":"ventilateur-et-dissipateur-thermique-pour-processeur-toshiba-satellite-c50d-a-133-h000062550-piece-dorigine","status":"publish","type":"product","link":"https:\/\/boreait.com\/fr\/produit\/ventilateur-et-dissipateur-thermique-pour-processeur-toshiba-satellite-c50d-a-133-h000062550-piece-dorigine\/","title":{"rendered":"Ventilateur et dissipateur thermique pour processeur Toshiba Satellite C50D-A-133 H000062550 \u2013 Pi\u00e8ce d&rsquo;origine"},"content":{"rendered":"<p data-start=\"588\" data-end=\"882\">Gardez votre <strong data-start=\"598\" data-end=\"637\">ordinateur portable Toshiba Satellite C50D-A-133<\/strong> au frais et efficace avec ce <strong data-start=\"675\" data-end=\"720\">ventilateur de processeur et dissipateur thermique d&rsquo;origine (H000062550)<\/strong>. Con\u00e7ue sp\u00e9cifiquement pour ce mod\u00e8le, cette solution de refroidissement assure une <strong data-start=\"790\" data-end=\"818\">dissipation thermique optimale<\/strong> et un <strong data-start=\"823\" data-end=\"844\">fonctionnement silencieux<\/strong>, prolongeant ainsi la dur\u00e9e de vie de votre ordinateur portable.<\/p>\n<p data-start=\"884\" data-end=\"1271\">\ud83d\udd39 <strong data-start=\"887\" data-end=\"904\">Caract\u00e9ristiques principales\u00a0:<\/strong><br data-start=\"904\" data-end=\"907\" \/>\u2714 <strong data-start=\"909\" data-end=\"940\">Pi\u00e8ce de rechange Toshiba d&rsquo;origine<\/strong> \u2013 Assure un ajustement et des performances parfaits<br data-start=\"978\" data-end=\"981\" \/>\u2714 <strong data-start=\"983\" data-end=\"1004\">Mod\u00e8le\u00a0: H000062550<\/strong> \u2013 Compatible avec <strong data-start=\"1023\" data-end=\"1055\">Toshiba Satellite C50D-A-133<\/strong><br data-start=\"1055\" data-end=\"1058\" \/>\u2714 <strong data-start=\"1060\" data-end=\"1081\">Refroidissement efficace<\/strong> \u2013 Emp\u00eache la surchauffe et maintient la stabilit\u00e9 du syst\u00e8me.<br data-start=\"1135\" data-end=\"1138\" \/>\u2714 <strong data-start=\"1140\" data-end=\"1164\">Dissipateur thermique pr\u00e9-install\u00e9<\/strong> \u2013 Installation facile.<br data-start=\"1194\" data-end=\"1197\" \/>\u2714 <strong data-start=\"1199\" data-end=\"1218\">Fonctionnement silencieux<\/strong> \u2013 R\u00e9duit le bruit du ventilateur tout en maintenant des temp\u00e9ratures basses.<\/p>\n<p data-start=\"1273\" data-end=\"1296\">\ud83d\udca1 <strong data-start=\"1276\" data-end=\"1294\">Compatibilit\u00e9\u00a0:<\/strong><\/p>\n<ul data-start=\"1297\" data-end=\"1432\">\n<li data-start=\"1297\" data-end=\"1381\">Con\u00e7u pour <strong data-start=\"1312\" data-end=\"1344\">Toshiba Satellite C50D-A-133<\/strong> (v\u00e9rifiez votre mod\u00e8le avant l&rsquo;achat)<\/li>\n<li data-start=\"1382\" data-end=\"1432\">Connecteur standard <strong data-start=\"1393\" data-end=\"1412\">4 broches<\/strong> pour l&rsquo;alimentation du ventilateur du processeur<\/li>\n<\/ul>\n<p data-start=\"1434\" data-end=\"1523\">\ud83d\udcf8 <strong data-start=\"1437\" data-end=\"1453\">Photos r\u00e9elles\u00a0:<\/strong> Vous recevrez exactement ce qui est pr\u00e9sent\u00e9 sur les photos, sans surprise\u00a0!<\/p>\n<p data-start=\"1525\" data-end=\"1647\">\u2753 <strong data-start=\"1527\" data-end=\"1541\">Besoin d&rsquo;aide\u00a0?<\/strong> Les instructions d&rsquo;installation ne sont pas incluses, mais n&rsquo;h\u00e9sitez pas \u00e0 <strong data-start=\"1603\" data-end=\"1617\">nous contacter par message<\/strong> si vous avez besoin d&rsquo;aide.<\/p>\n<p data-start=\"1649\" data-end=\"1793\">\ud83d\udce6 <strong data-start=\"1652\" data-end=\"1680\">Livraison rapide dans le monde entier\u00a0!<\/strong> Retrouvez les performances optimales de votre <strong data-start=\"1690\" data-end=\"1715\">syst\u00e8me de refroidissement pour ordinateur portable<\/strong> gr\u00e2ce \u00e0 ce <strong data-start=\"1760\" original data-end=\"1790\">Ventilateur et dissipateur thermique du processeur Toshiba<\/strong>.<\/p>\n","protected":false},"excerpt":{"rendered":"<p>Remplacez votre syst\u00e8me de refroidissement bruyant ou surchauffant par ce <strong data-start=\"382\" data-end=\"456\">ventilateur et dissipateur thermique pour processeur Toshiba Satellite C50D-A-133 (H000062550)<\/strong>. <strong data-start=\"458\" data-end=\"505\">Photos r\u00e9elles\u00a0: ce que vous voyez est ce que vous obtenez\u00a0!<\/strong><\/p>\n","protected":false},"featured_media":16743,"template":"","meta":[],"product_brand":[],"product_cat":[69],"product_tag":[],"class_list":{"0":"post-16693","1":"product","2":"type-product","3":"status-publish","4":"has-post-thumbnail","6":"product_cat-cpu-fans-heatsinks","8":"first","9":"instock","10":"taxable","11":"shipping-taxable","12":"purchasable","13":"product-type-simple"},"_links":{"self":[{"href":"https:\/\/boreait.com\/fr\/wp-json\/wp\/v2\/product\/16693","targetHints":{"allow":["GET"]}}],"collection":[{"href":"https:\/\/boreait.com\/fr\/wp-json\/wp\/v2\/product"}],"about":[{"href":"https:\/\/boreait.com\/fr\/wp-json\/wp\/v2\/types\/product"}],"wp:featuredmedia":[{"embeddable":true,"href":"https:\/\/boreait.com\/fr\/wp-json\/wp\/v2\/media\/16743"}],"wp:attachment":[{"href":"https:\/\/boreait.com\/fr\/wp-json\/wp\/v2\/media?parent=16693"}],"wp:term":[{"taxonomy":"product_brand","embeddable":true,"href":"https:\/\/boreait.com\/fr\/wp-json\/wp\/v2\/product_brand?post=16693"},{"taxonomy":"product_cat","embeddable":true,"href":"https:\/\/boreait.com\/fr\/wp-json\/wp\/v2\/product_cat?post=16693"},{"taxonomy":"product_tag","embeddable":true,"href":"https:\/\/boreait.com\/fr\/wp-json\/wp\/v2\/product_tag?post=16693"}],"curies":[{"name":"wp","href":"https:\/\/api.w.org\/{rel}","templated":true}]}}