{"id":16692,"date":"2025-09-16T16:34:17","date_gmt":"2025-09-16T14:34:17","guid":{"rendered":"https:\/\/boreait.com\/fr\/?post_type=product&#038;p=16692"},"modified":"2026-02-08T08:33:21","modified_gmt":"2026-02-08T07:33:21","slug":"carte-wi-fi-qcwb335-pour-toshiba-satellite-c50d-a-133-piece-dorigine-pour-ordinateur-portable","status":"publish","type":"product","link":"https:\/\/boreait.com\/fr\/produit\/carte-wi-fi-qcwb335-pour-toshiba-satellite-c50d-a-133-piece-dorigine-pour-ordinateur-portable\/","title":{"rendered":"Carte Wi-Fi QCWB335 pour Toshiba Satellite C50D-A-133 \u2013 Pi\u00e8ce d&rsquo;origine pour ordinateur portable"},"content":{"rendered":"<p data-start=\"589\" data-end=\"840\">Connectez votre <strong data-start=\"598\" data-end=\"630\">Toshiba Satellite C50D-A-133<\/strong> avec cette <strong data-start=\"651\" data-end=\"699\">carte Wi-Fi Qualcomm Atheros QCWB335 originale<\/strong>. Con\u00e7u pour une connectivit\u00e9 sans fil stable et rapide, ce <strong data-start=\"758\" data-end=\"781\">pi\u00e8ce d&rsquo;origine pour ordinateur portable<\/strong> garantit un acc\u00e8s Internet fluide et des performances fiables.<\/p>\n<p data-start=\"842\" data-end=\"1275\">\ud83d\udd39 <strong data-start=\"845\" data-end=\"862\">Principales caract\u00e9ristiques\u00a0:<\/strong><br data-start=\"862\" data-end=\"865\" \/>\u2714 <strong data-start=\"867\" data-end=\"903\">Qualcomm Atheros QCWB335 authentique<\/strong> \u2013 Wi-Fi fiable et hautes performances<br data-start=\"941\" data-end=\"944\" \/>\u2714 <strong data-start=\"946\" data-end=\"990\">Prend en charge le Wi-Fi double bande (2,4 GHz et 5 GHz)<\/strong> \u2013 Vitesses et d\u00e9bits plus rapides Connexion stable<br data-start=\"1026\" data-end=\"1029\" \/>\u2714 <strong data-start=\"1031\" data-end=\"1056\">Prise en charge Bluetooth 4.0<\/strong> \u2013 Connectivit\u00e9 sans fil pour p\u00e9riph\u00e9riques<br data-start=\"1096\" data-end=\"1099\" \/>\u2714 <strong data-start=\"1101\" data-end=\"1124\">Interface Mini PCIe<\/strong> \u2013 Installation facile sur les ordinateurs portables compatibles<br data-start=\"1166\" data-end=\"1169\" \/>\u2714 <strong data-start=\"1171\" data-end=\"1216\">Con\u00e7u pour le Toshiba Satellite C50D-A-133<\/strong> \u2013 Remplacement id\u00e9al des cartes Wi-Fi endommag\u00e9es ou manquantes<\/p>\n<p data-start=\"1277\" data-end=\"1300\">\ud83d\udca1 <strong data-start=\"1280\" data-end=\"1298\">Compatibilit\u00e9\u00a0:<\/strong><\/p>\n<ul data-start=\"1301\" data-end=\"1484\">\n<li data-start=\"1301\" data-end=\"1361\">Sp\u00e9cifiquement test\u00e9 pour <strong data-start=\"1327\" data-end=\"1359\">Toshiba Satellite C50D-A-133<\/strong><\/li>\n<li data-start=\"1362\" data-end=\"1484\">Emplacement standard <strong data-start=\"1373\" data-end=\"1386\">Mini PCIe<\/strong> \u2013 Compatible avec d&rsquo;autres ordinateurs portables Toshiba et autres (v\u00e9rifiez les sp\u00e9cifications de votre syst\u00e8me)<\/li>\n<\/ul>\n<p data-start=\"1486\" data-end=\"1585\">\ud83d\udcf8 <strong data-start=\"1489\" data-end=\"1505\">Photos r\u00e9elles\u00a0:<\/strong> Les images de cette annonce montrent l&rsquo;article exact que vous recevrez\u00a0; aucune surprise\u00a0!<\/p>\n<p data-start=\"1587\" data-end=\"1748\">\u2753 <strong data-start=\"1589\" data-end=\"1603\">Besoin d&rsquo;aide\u00a0?<\/strong> Pour toute question concernant la compatibilit\u00e9, n&rsquo;h\u00e9sitez pas \u00e0 <strong data-start=\"1658\" data-end=\"1672\">nous envoyer un message<\/strong>. Bien que nous ne fournissions pas d&rsquo;instructions d&rsquo;installation, nous serons ravis de vous aider\u00a0!<\/p>\n<p data-start=\"1750\" data-end=\"1872\">\ud83d\udce6 <strong data-start=\"1753\" data-end=\"1781\">Livraison rapide dans le monde entier\u00a0!<\/strong> Am\u00e9liorez le <strong data-start=\"1795\" data-end=\"1811\">Wi-Fi de votre ordinateur portable<\/strong> d\u00e8s aujourd&rsquo;hui avec cette carte <strong data-start=\"1836\" data-end=\"1864\">Qualcomm Atheros QCWB335<\/strong> authentique.<\/p>\n","protected":false},"excerpt":{"rendered":"<p>Am\u00e9liorez ou remplacez le Wi-Fi de votre ordinateur portable avec cette carte <strong data-start=\"372\" data-end=\"408\">Qualcomm Atheros QCWB335 d&rsquo;origine<\/strong>, con\u00e7ue pour le <strong data-start=\"428\" data-end=\"460\">Toshiba Satellite C50D-A-133<\/strong>. <strong data-start=\"462\" data-end=\"506\">Photos r\u00e9elles\u00a0: vous recevrez exactement l&rsquo;article\u00a0!<\/strong><\/p>\n","protected":false},"featured_media":16742,"template":"","meta":[],"product_brand":[],"product_cat":[63],"product_tag":[],"class_list":{"0":"post-16692","1":"product","2":"type-product","3":"status-publish","4":"has-post-thumbnail","6":"product_cat-motherboards-board-parts","8":"first","9":"instock","10":"taxable","11":"shipping-taxable","12":"purchasable","13":"product-type-simple"},"_links":{"self":[{"href":"https:\/\/boreait.com\/fr\/wp-json\/wp\/v2\/product\/16692","targetHints":{"allow":["GET"]}}],"collection":[{"href":"https:\/\/boreait.com\/fr\/wp-json\/wp\/v2\/product"}],"about":[{"href":"https:\/\/boreait.com\/fr\/wp-json\/wp\/v2\/types\/product"}],"wp:featuredmedia":[{"embeddable":true,"href":"https:\/\/boreait.com\/fr\/wp-json\/wp\/v2\/media\/16742"}],"wp:attachment":[{"href":"https:\/\/boreait.com\/fr\/wp-json\/wp\/v2\/media?parent=16692"}],"wp:term":[{"taxonomy":"product_brand","embeddable":true,"href":"https:\/\/boreait.com\/fr\/wp-json\/wp\/v2\/product_brand?post=16692"},{"taxonomy":"product_cat","embeddable":true,"href":"https:\/\/boreait.com\/fr\/wp-json\/wp\/v2\/product_cat?post=16692"},{"taxonomy":"product_tag","embeddable":true,"href":"https:\/\/boreait.com\/fr\/wp-json\/wp\/v2\/product_tag?post=16692"}],"curies":[{"name":"wp","href":"https:\/\/api.w.org\/{rel}","templated":true}]}}