{"id":16684,"date":"2025-09-16T16:33:54","date_gmt":"2025-09-16T14:33:54","guid":{"rendered":"https:\/\/boreait.com\/fr\/?post_type=product&#038;p=16684"},"modified":"2025-09-16T16:35:44","modified_gmt":"2025-09-16T14:35:44","slug":"carte-repose-poignets-pave-tactile-et-bouton-dalimentation-pour-toshiba-satellite-c50d-a-133","status":"publish","type":"product","link":"https:\/\/boreait.com\/fr\/produit\/carte-repose-poignets-pave-tactile-et-bouton-dalimentation-pour-toshiba-satellite-c50d-a-133\/","title":{"rendered":"Carte repose-poignets, pav\u00e9 tactile et bouton d&rsquo;alimentation pour Toshiba Satellite C50D-A-133"},"content":{"rendered":"<p data-start=\"609\" data-end=\"877\">Restaurez votre <strong data-start=\"622\" data-end=\"654\">Toshiba Satellite C50D-A-133<\/strong> avec cet <strong data-start=\"665\" data-end=\"695\">ensemble repose-poignets d&rsquo;origine<\/strong>, complet avec un <strong data-start=\"713\" data-end=\"765\">pav\u00e9 tactile enti\u00e8rement fonctionnel et une carte de bouton d&rsquo;alimentation<\/strong>. Con\u00e7u pour s&rsquo;adapter parfaitement \u00e0 votre ordinateur portable, ce remplacement garantit un fonctionnement fluide et une finition professionnelle.<\/p>\n<p data-start=\"879\" data-end=\"1255\">\ud83d\udd39 <strong data-start=\"882\" data-end=\"899\">Caract\u00e9ristiques principales\u00a0:<\/strong><br data-start=\"899\" data-end=\"902\" \/>\u2714 <strong data-start=\"904\" data-end=\"928\">Pi\u00e8ce d&rsquo;origine Toshiba<\/strong> \u2013 Assure un ajustement et des performances parfaits.<br data-start=\"966\" data-end=\"969\" \/>\u2714 <strong data-start=\"971\" data-end=\"1002\">Comprend une carte du bouton d&rsquo;alimentation<\/strong> \u2013 Inutile de transf\u00e9rer l&rsquo;ancien repose-poignets.<br data-start=\"1042\" data-end=\"1045\" \/>\u2714 <strong data-start=\"1047\" data-end=\"1070\">Pav\u00e9 tactile int\u00e9gr\u00e9<\/strong> \u2013 Contr\u00f4le r\u00e9actif et pr\u00e9cis<br data-start=\"1103\" data-end=\"1106\" \/>\u2714 <strong data-start=\"1108\" data-end=\"1128\">Robuste et Durable<\/strong> \u2013 Correspond \u00e0 la configuration d&rsquo;origine de votre ordinateur portable.<br data-start=\"1167\" data-end=\"1170\" \/>\u2714 <strong data-start=\"1172\" data-end=\"1193\">Installation facile<\/strong> \u2013 Remplacement id\u00e9al pour les repose-poignets fissur\u00e9s ou non fonctionnels.<\/p>\n<p data-start=\"1257\" data-end=\"1280\">\ud83d\udca1 <strong data-start=\"1260\" data-end=\"1278\">Compatibilit\u00e9\u00a0:<\/strong><\/p>\n<ul data-start=\"1281\" data-end=\"1424\">\n<li data-start=\"1281\" data-end=\"1343\">Sp\u00e9cialement con\u00e7u pour <strong data-start=\"1309\" data-end=\"1341\">Toshiba Satellite C50D-A-133<\/strong><\/li>\n<li data-start=\"1344\" data-end=\"1424\">Peut \u00eatre compatible avec d&rsquo;autres mod\u00e8les de la <strong data-start=\"1360\" data-end=\"1377\">s\u00e9rie C50D-A<\/strong> (v\u00e9rifiez votre ordinateur portable avant l&rsquo;achat)<\/li>\n<\/ul>\n<p data-start=\"1426\" data-end=\"1527\">\ud83d\udcf8 <strong data-start=\"1429\" data-end=\"1445\">Photos r\u00e9elles\u00a0:<\/strong> Les images de cette annonce montrent l&rsquo;article exact que vous recevrez\u00a0; aucune surprise\u00a0!<\/p>\n<p data-start=\"1529\" data-end=\"1683\">\u2753 <strong data-start=\"1531\" data-end=\"1545\">Besoin d&rsquo;aide\u00a0?<\/strong> Bien que nous ne fournissions pas d&rsquo;instructions d&rsquo;installation, n&rsquo;h\u00e9sitez pas \u00e0 <strong data-start=\"1609\" data-end=\"1623\">nous contacter<\/strong> si vous avez besoin d&rsquo;aide avant ou apr\u00e8s votre achat. Achat.<\/p>\n<p data-start=\"1685\" data-end=\"1770\">\ud83d\udce6 <strong data-start=\"1688\" data-end=\"1716\">Livraison rapide dans le monde entier\u00a0!<\/strong> Retrouvez un ordinateur portable comme neuf.<\/p>\n","protected":false},"excerpt":{"rendered":"<p>Repose-poignets d&rsquo;origine <strong data-start=\"345\" data-end=\"386\">Toshiba Satellite C50D-A-133<\/strong> avec <strong data-start=\"392\" data-end=\"425\">carte de bouton d&rsquo;alimentation et pav\u00e9 tactile<\/strong>. Id\u00e9al pour remplacer un appareil endommag\u00e9 ou us\u00e9. <strong data-start=\"479\" data-end=\"526\">Photos r\u00e9elles\u00a0: ce que vous voyez est ce que vous obtenez\u00a0!<\/strong><\/p>\n","protected":false},"featured_media":16738,"template":"","meta":[],"product_brand":[],"product_cat":[52],"product_tag":[70],"class_list":{"0":"post-16684","1":"product","2":"type-product","3":"status-publish","4":"has-post-thumbnail","6":"product_cat-laptop-housing","7":"product_tag-toshiba","9":"first","10":"instock","11":"taxable","12":"shipping-taxable","13":"purchasable","14":"product-type-simple"},"_links":{"self":[{"href":"https:\/\/boreait.com\/fr\/wp-json\/wp\/v2\/product\/16684","targetHints":{"allow":["GET"]}}],"collection":[{"href":"https:\/\/boreait.com\/fr\/wp-json\/wp\/v2\/product"}],"about":[{"href":"https:\/\/boreait.com\/fr\/wp-json\/wp\/v2\/types\/product"}],"wp:featuredmedia":[{"embeddable":true,"href":"https:\/\/boreait.com\/fr\/wp-json\/wp\/v2\/media\/16738"}],"wp:attachment":[{"href":"https:\/\/boreait.com\/fr\/wp-json\/wp\/v2\/media?parent=16684"}],"wp:term":[{"taxonomy":"product_brand","embeddable":true,"href":"https:\/\/boreait.com\/fr\/wp-json\/wp\/v2\/product_brand?post=16684"},{"taxonomy":"product_cat","embeddable":true,"href":"https:\/\/boreait.com\/fr\/wp-json\/wp\/v2\/product_cat?post=16684"},{"taxonomy":"product_tag","embeddable":true,"href":"https:\/\/boreait.com\/fr\/wp-json\/wp\/v2\/product_tag?post=16684"}],"curies":[{"name":"wp","href":"https:\/\/api.w.org\/{rel}","templated":true}]}}