{"id":16683,"date":"2025-09-16T16:33:54","date_gmt":"2025-09-16T14:33:54","guid":{"rendered":"https:\/\/boreait.com\/fr\/?post_type=product&#038;p=16683"},"modified":"2025-09-16T16:35:34","modified_gmt":"2025-09-16T14:35:34","slug":"clavier-mp-11b96yu-528b-pour-ordinateur-portable-toshiba-satellite-c50d-a-133-piece-dorigine","status":"publish","type":"product","link":"https:\/\/boreait.com\/fr\/produit\/clavier-mp-11b96yu-528b-pour-ordinateur-portable-toshiba-satellite-c50d-a-133-piece-dorigine\/","title":{"rendered":"Clavier MP-11B96YU-528B pour ordinateur portable Toshiba Satellite C50D-A-133 \u2013 Pi\u00e8ce d&rsquo;origine"},"content":{"rendered":"<p data-start=\"575\" data-end=\"828\">Mettez \u00e0 niveau ou remplacez votre <strong data-start=\"599\" data-end=\"640\">clavier Toshiba Satellite C50D-A-133<\/strong> avec ce <strong data-start=\"665\" data-end=\"704\">remplacement MP-11B96YU-528B authentique<\/strong> de haute qualit\u00e9. Con\u00e7u pour un ajustement parfait, ce clavier garantit une frappe fluide, une r\u00e9ponse durable des touches et une disposition identique \u00e0 celle d&rsquo;origine.<\/p>\n<p data-start=\"830\" data-end=\"1196\">\ud83d\udd39 <strong data-start=\"833\" data-end=\"850\">Caract\u00e9ristiques principales\u00a0:<\/strong><br data-start=\"850\" data-end=\"853\" \/>\u2714 <strong data-start=\"855\" data-end=\"879\">Pi\u00e8ce d&rsquo;origine Toshiba<\/strong> \u2013 Pi\u00e8ce de rechange fiable et de haute qualit\u00e9<br data-start=\"916\" data-end=\"919\" \/>\u2714 <strong data-start=\"921\" data-end=\"947\">Mod\u00e8le\u00a0: MP-11B96YU-528B<\/strong> \u2013 Con\u00e7u sp\u00e9cifiquement pour <strong data-start=\"976\" data-end=\"1008\">Toshiba Satellite C50D-A-133<\/strong><br data-start=\"1008\" data-end=\"1011\" \/>\u2714 <strong data-start=\"1013\" data-end=\"1035\">Disposition QWERTY compl\u00e8te<\/strong> \u2013 Disposition standard des touches pour une frappe confortable<br data-start=\"1083\" data-end=\"1086\" \/>\u2714 <strong data-start=\"1088\" data-end=\"1109\">Disposition slov\u00e8ne\/croate<\/strong> \u2013 Compatible avec d&rsquo;autres langues<br data-start=\"1144\" data-end=\"1147\" \/>\u2714 <strong data-start=\"1149\" data-end=\"1178\">Durable et Touches r\u00e9actives \u2013 Con\u00e7ues pour durer<\/p>\n<p data-start=\"1198\" data-end=\"1221\">\ud83d\udca1 <strong data-start=\"1201\" data-end=\"1219\">Compatibilit\u00e9\u00a0:<\/strong><\/p>\n<ul data-start=\"1222\" data-end=\"1381\">\n<li data-start=\"1222\" data-end=\"1299\"><strong data-start=\"1224\" data-end=\"1256\">Toshiba Satellite C50D-A-133<\/strong> (V\u00e9rifiez votre mod\u00e8le exact avant l&rsquo;achat)<\/li>\n<li data-start=\"1300\" data-end=\"1381\">Autres mod\u00e8les utilisant le <strong data-start=\"1325\" data-end=\"1353\">clavier MP-11B96YU-528B<\/strong> (V\u00e9rifiez avant l&rsquo;achat) (commande)<\/li>\n<\/ul>\n<p data-start=\"1383\" data-end=\"1485\">\ud83d\udcf8 <strong data-start=\"1386\" data-end=\"1402\">Photos r\u00e9elles\u00a0:<\/strong> Les images de cette annonce montrent l&rsquo;article r\u00e9el que vous recevrez\u00a0; aucune surprise\u00a0!<\/p>\n<p data-start=\"1487\" data-end=\"1641\">\u2753 <strong data-start=\"1489\" data-end=\"1503\">Besoin d&rsquo;aide\u00a0?<\/strong> Bien que nous ne fournissions pas d&rsquo;instructions d&rsquo;installation, n&rsquo;h\u00e9sitez pas \u00e0 <strong data-start=\"1567\" data-end=\"1581\">nous contacter par message<\/strong> si vous avez besoin d&rsquo;aide avant ou apr\u00e8s votre achat.<\/p>\n<p data-start=\"1643\" data-end=\"1753\">\ud83d\udce6 <strong data-start=\"1646\" data-end=\"1674\">Livraison rapide dans le monde entier\u00a0!<\/strong> Faites fonctionner votre ordinateur portable comme neuf avec ce <strong data-start=\"1718\" data-end=\"1750\">clavier de remplacement Toshiba<\/strong>.<\/p>\n","protected":false},"excerpt":{"rendered":"<p>Remplacez votre clavier Toshiba Satellite C50D-A-133 d\u00e9fectueux ou us\u00e9 par ce clavier MP-11B96YU-528B de remplacement d&rsquo;origine. Photos r\u00e9elles\u00a0: vous obtenez ce que vous voyez\u00a0!<\/p>\n","protected":false},"featured_media":16731,"template":"","meta":[],"product_brand":[],"product_cat":[71],"product_tag":[70],"class_list":{"0":"post-16683","1":"product","2":"type-product","3":"status-publish","4":"has-post-thumbnail","6":"product_cat-laptop-keyboard","7":"product_tag-toshiba","9":"first","10":"instock","11":"taxable","12":"shipping-taxable","13":"purchasable","14":"product-type-simple"},"_links":{"self":[{"href":"https:\/\/boreait.com\/fr\/wp-json\/wp\/v2\/product\/16683","targetHints":{"allow":["GET"]}}],"collection":[{"href":"https:\/\/boreait.com\/fr\/wp-json\/wp\/v2\/product"}],"about":[{"href":"https:\/\/boreait.com\/fr\/wp-json\/wp\/v2\/types\/product"}],"wp:featuredmedia":[{"embeddable":true,"href":"https:\/\/boreait.com\/fr\/wp-json\/wp\/v2\/media\/16731"}],"wp:attachment":[{"href":"https:\/\/boreait.com\/fr\/wp-json\/wp\/v2\/media?parent=16683"}],"wp:term":[{"taxonomy":"product_brand","embeddable":true,"href":"https:\/\/boreait.com\/fr\/wp-json\/wp\/v2\/product_brand?post=16683"},{"taxonomy":"product_cat","embeddable":true,"href":"https:\/\/boreait.com\/fr\/wp-json\/wp\/v2\/product_cat?post=16683"},{"taxonomy":"product_tag","embeddable":true,"href":"https:\/\/boreait.com\/fr\/wp-json\/wp\/v2\/product_tag?post=16683"}],"curies":[{"name":"wp","href":"https:\/\/api.w.org\/{rel}","templated":true}]}}