{"id":16681,"date":"2025-09-16T16:33:53","date_gmt":"2025-09-16T14:33:53","guid":{"rendered":"https:\/\/boreait.com\/fr\/?post_type=product&#038;p=16681"},"modified":"2025-09-16T16:35:22","modified_gmt":"2025-09-16T14:35:22","slug":"charnieres-pour-ordinateur-portable-toshiba-satellite-c50d-a-133-pieces-de-rechange-dorigine","status":"publish","type":"product","link":"https:\/\/boreait.com\/fr\/produit\/charnieres-pour-ordinateur-portable-toshiba-satellite-c50d-a-133-pieces-de-rechange-dorigine\/","title":{"rendered":"Charni\u00e8res pour ordinateur portable Toshiba Satellite C50D-A-133 \u2013 Pi\u00e8ces de rechange d&rsquo;origine"},"content":{"rendered":"<p data-start=\"574\" data-end=\"811\">Redonnez de la durabilit\u00e9 \u00e0 votre <strong data-start=\"608\" data-end=\"640\">Toshiba Satellite C50D-A-133<\/strong> avec cet ensemble de <strong data-start=\"658\" data-end=\"695\">charni\u00e8res de remplacement authentiques pour ordinateur portable<\/strong>. Si votre \u00e9cran est mal fix\u00e9, instable ou ne tient pas correctement en place, ces <strong data-start=\"774\" data-end=\"788\">charni\u00e8res OEM<\/strong> sont la solution id\u00e9ale.<\/p>\n<p data-start=\"813\" data-end=\"1198\">\ud83d\udd39 <strong data-start=\"816\" data-end=\"833\">Caract\u00e9ristiques principales\u00a0:<\/strong><br data-start=\"833\" data-end=\"836\" \/>\u2714 <strong data-start=\"838\" data-end=\"864\">Pi\u00e8ces Toshiba d&rsquo;origine<\/strong> \u2013 Garantissent un ajustement parfait et des performances durables<br data-start=\"917\" data-end=\"920\" \/>\u2714 <strong data-start=\"922\" data-end=\"942\">Robuste et Durable<\/strong> \u2013 Con\u00e7u pour maintenir l&rsquo;\u00e9cran bien en place<br data-start=\"990\" data-end=\"993\" \/>\u2714 <strong data-start=\"995\" data-end=\"1014\">Facile \u00e0 installer<\/strong> \u2013 Remplacement direct des charni\u00e8res us\u00e9es ou endommag\u00e9es<br data-start=\"1066\" data-end=\"1069\" \/>\u2714 <strong data-start=\"1071\" data-end=\"1103\">Gauche et Charni\u00e8res droites incluses \u2013 Kit complet pour une r\u00e9paration sans tracas.<br data-start=\"1143\" data-end=\"1146\" \/>\u2714 <strong data-start=\"1148\" data-end=\"1196\">Compatible avec le Toshiba Satellite C50D-A-133<\/strong><\/p>\n<p data-start=\"1200\" data-end=\"1223\">\ud83d\udca1 <strong data-start=\"1203\" data-end=\"1221\">Compatibilit\u00e9\u00a0:<\/strong><\/p>\n<ul data-start=\"1224\" data-end=\"1387\">\n<li data-start=\"1224\" data-end=\"1323\">Sp\u00e9cialement con\u00e7u pour le <strong data-start=\"1252\" data-end=\"1284\">Toshiba Satellite C50D-A-133<\/strong> (V\u00e9rifiez votre mod\u00e8le avant de commander) (achat)<\/li>\n<li data-start=\"1324\" data-end=\"1387\">Compatible avec les autres ordinateurs portables de la s\u00e9rie C50D-A gr\u00e2ce \u00e0 leur charni\u00e8re assortie<\/li>\n<\/ul>\n<p data-start=\"1389\" data-end=\"1490\">\ud83d\udcf8 <strong data-start=\"1392\" data-end=\"1408\">Photos r\u00e9elles\u00a0:<\/strong> Les images de cette annonce montrent l&rsquo;article exact que vous recevrez\u00a0; aucune surprise\u00a0!<\/p>\n<p data-start=\"1492\" data-end=\"1646\">\u2753 <strong data-start=\"1494\" data-end=\"1508\">Besoin d&rsquo;aide\u00a0?<\/strong> Bien que nous ne fournissions pas d&rsquo;instructions d&rsquo;installation, n&rsquo;h\u00e9sitez pas \u00e0 <strong data-start=\"1572\" data-end=\"1586\">nous contacter<\/strong> si vous avez besoin d&rsquo;aide avant ou apr\u00e8s votre achat.<\/p>\n<p data-start=\"1648\" data-end=\"1754\">\ud83d\udce6 <strong data-start=\"1651\" data-end=\"1679\">Exp\u00e9dition rapide dans le monde entier\u00a0!<\/strong> Remettez votre ordinateur portable en parfait \u00e9tat avec ces <strong data-start=\"1725\" data-end=\"1751\">charni\u00e8res Toshiba authentiques<\/strong>.<\/p>\n","protected":false},"excerpt":{"rendered":"<p>Restaurez la stabilit\u00e9 de l&rsquo;\u00e9cran de votre ordinateur portable gr\u00e2ce aux <strong data-start=\"344\" data-end=\"391\">charni\u00e8res Toshiba Satellite C50D-A-133 d&rsquo;origine<\/strong>. Remplacement id\u00e9al pour les charni\u00e8res us\u00e9es ou cass\u00e9es. <strong data-start=\"444\" data-end=\"491\">Photos r\u00e9elles\u00a0: ce que vous voyez est ce que vous obtenez\u00a0!<\/strong><\/p>\n","protected":false},"featured_media":16728,"template":"","meta":[],"product_brand":[],"product_cat":[55],"product_tag":[70],"class_list":{"0":"post-16681","1":"product","2":"type-product","3":"status-publish","4":"has-post-thumbnail","6":"product_cat-screen-hinge","7":"product_tag-toshiba","9":"first","10":"instock","11":"taxable","12":"shipping-taxable","13":"purchasable","14":"product-type-simple"},"_links":{"self":[{"href":"https:\/\/boreait.com\/fr\/wp-json\/wp\/v2\/product\/16681","targetHints":{"allow":["GET"]}}],"collection":[{"href":"https:\/\/boreait.com\/fr\/wp-json\/wp\/v2\/product"}],"about":[{"href":"https:\/\/boreait.com\/fr\/wp-json\/wp\/v2\/types\/product"}],"wp:featuredmedia":[{"embeddable":true,"href":"https:\/\/boreait.com\/fr\/wp-json\/wp\/v2\/media\/16728"}],"wp:attachment":[{"href":"https:\/\/boreait.com\/fr\/wp-json\/wp\/v2\/media?parent=16681"}],"wp:term":[{"taxonomy":"product_brand","embeddable":true,"href":"https:\/\/boreait.com\/fr\/wp-json\/wp\/v2\/product_brand?post=16681"},{"taxonomy":"product_cat","embeddable":true,"href":"https:\/\/boreait.com\/fr\/wp-json\/wp\/v2\/product_cat?post=16681"},{"taxonomy":"product_tag","embeddable":true,"href":"https:\/\/boreait.com\/fr\/wp-json\/wp\/v2\/product_tag?post=16681"}],"curies":[{"name":"wp","href":"https:\/\/api.w.org\/{rel}","templated":true}]}}